{"id":18989,"date":"2025-08-08T21:42:38","date_gmt":"2025-08-08T21:42:38","guid":{"rendered":"https:\/\/eden-tahaa.com\/?page_id=18989"},"modified":"2025-08-08T22:06:05","modified_gmt":"2025-08-08T22:06:05","slug":"combo-tour-a-la-1-2-journee-diner-romantique-sur-la-plage","status":"publish","type":"page","link":"https:\/\/eden-tahaa.com\/en\/combo-tour-a-la-1-2-journee-diner-romantique-sur-la-plage\/","title":{"rendered":"Combo: 1\/2 day tour + Romantic dinner on the beach"},"content":{"rendered":"<div data-elementor-type=\"wp-page\" data-elementor-id=\"18989\" class=\"elementor elementor-18989\" data-elementor-post-type=\"page\">\n\t\t\t\t<div class=\"elementor-element elementor-element-4e661a65 e-flex e-con-boxed e-con e-parent\" data-id=\"4e661a65\" data-element_type=\"container\" data-settings=\"{&quot;background_background&quot;:&quot;classic&quot;}\">\n\t\t\t\t\t<div class=\"e-con-inner\">\n\t\t\t\t<div class=\"elementor-element elementor-element-6c48dd75 elementor-widget elementor-widget-heading\" data-id=\"6c48dd75\" data-element_type=\"widget\" data-widget_type=\"heading.default\">\n\t\t\t\t<div class=\"elementor-widget-container\">\n\t\t\t\t\t<h1 class=\"elementor-heading-title elementor-size-default\">\u00bd-DAY PRIVATE BOAT TOUR OF TAHA'A ISLAND AND ROMANTIC DINNER ON THE BEACH<\/h1>\t\t\t\t<\/div>\n\t\t\t\t<\/div>\n\t\t\t\t<div class=\"elementor-element elementor-element-7f6f1dfa elementor-align-center elementor-mobile-align-center elementor-widget elementor-widget-button\" data-id=\"7f6f1dfa\" data-element_type=\"widget\" data-widget_type=\"button.default\">\n\t\t\t\t<div class=\"elementor-widget-container\">\n\t\t\t\t\t\t\t\t\t<div class=\"elementor-button-wrapper\">\n\t\t\t\t\t<a class=\"elementor-button elementor-button-link elementor-size-sm\" href=\"https:\/\/eden-tahaa.com\/en\/contact\/\">\n\t\t\t\t\t\t<span class=\"elementor-button-content-wrapper\">\n\t\t\t\t\t\t\t\t\t<span class=\"elementor-button-text\">Contact us<\/span>\n\t\t\t\t\t<\/span>\n\t\t\t\t\t<\/a>\n\t\t\t\t<\/div>\n\t\t\t\t\t\t\t\t<\/div>\n\t\t\t\t<\/div>\n\t\t\t\t\t<\/div>\n\t\t\t\t<\/div>\n\t\t<div class=\"elementor-element elementor-element-7e50c7e3 e-con-full e-flex e-con e-parent\" data-id=\"7e50c7e3\" data-element_type=\"container\" data-settings=\"{&quot;background_background&quot;:&quot;classic&quot;}\">\n\t\t\t\t<div class=\"elementor-element elementor-element-34d86f4a elementor-widget elementor-widget-image\" data-id=\"34d86f4a\" data-element_type=\"widget\" data-widget_type=\"image.default\">\n\t\t\t\t<div class=\"elementor-widget-container\">\n\t\t\t\t\t\t\t\t\t\t\t\t\t\t\t<img fetchpriority=\"high\" decoding=\"async\" width=\"1024\" height=\"768\" src=\"https:\/\/eden-tahaa.com\/wp-content\/uploads\/2025\/07\/116-2-1024x768.jpg\" class=\"attachment-large size-large wp-image-18545\" alt=\"\" srcset=\"https:\/\/eden-tahaa.com\/wp-content\/uploads\/2025\/07\/116-2-1024x768.jpg 1024w, https:\/\/eden-tahaa.com\/wp-content\/uploads\/2025\/07\/116-2-300x225.jpg 300w, https:\/\/eden-tahaa.com\/wp-content\/uploads\/2025\/07\/116-2-768x576.jpg 768w, https:\/\/eden-tahaa.com\/wp-content\/uploads\/2025\/07\/116-2-1536x1152.jpg 1536w, https:\/\/eden-tahaa.com\/wp-content\/uploads\/2025\/07\/116-2-2048x1536.jpg 2048w, https:\/\/eden-tahaa.com\/wp-content\/uploads\/2025\/07\/116-2-16x12.jpg 16w, https:\/\/eden-tahaa.com\/wp-content\/uploads\/2025\/07\/116-2-667x500.jpg 667w\" sizes=\"(max-width: 1024px) 100vw, 1024px\" \/>\t\t\t\t\t\t\t\t\t\t\t\t\t\t\t<\/div>\n\t\t\t\t<\/div>\n\t\t\t\t<\/div>\n\t\t<div class=\"elementor-element elementor-element-620c6cbd e-flex e-con-boxed e-con e-parent\" data-id=\"620c6cbd\" data-element_type=\"container\">\n\t\t\t\t\t<div class=\"e-con-inner\">\n\t\t<div class=\"elementor-element elementor-element-746e0a3a e-con-full e-flex e-con e-child\" data-id=\"746e0a3a\" data-element_type=\"container\">\n\t\t\t\t<div class=\"elementor-element elementor-element-33fdab18 elementor-widget elementor-widget-image\" data-id=\"33fdab18\" data-element_type=\"widget\" data-widget_type=\"image.default\">\n\t\t\t\t<div class=\"elementor-widget-container\">\n\t\t\t\t\t\t\t\t\t\t\t\t\t\t\t<img decoding=\"async\" width=\"1024\" height=\"683\" src=\"https:\/\/eden-tahaa.com\/wp-content\/uploads\/2025\/07\/154-1024x683.jpg\" class=\"attachment-large size-large wp-image-18541\" alt=\"\" srcset=\"https:\/\/eden-tahaa.com\/wp-content\/uploads\/2025\/07\/154-1024x683.jpg 1024w, https:\/\/eden-tahaa.com\/wp-content\/uploads\/2025\/07\/154-300x200.jpg 300w, https:\/\/eden-tahaa.com\/wp-content\/uploads\/2025\/07\/154-768x512.jpg 768w, https:\/\/eden-tahaa.com\/wp-content\/uploads\/2025\/07\/154-1536x1024.jpg 1536w, https:\/\/eden-tahaa.com\/wp-content\/uploads\/2025\/07\/154-2048x1366.jpg 2048w, https:\/\/eden-tahaa.com\/wp-content\/uploads\/2025\/07\/154-18x12.jpg 18w, https:\/\/eden-tahaa.com\/wp-content\/uploads\/2025\/07\/154-450x300.jpg 450w, https:\/\/eden-tahaa.com\/wp-content\/uploads\/2025\/07\/154-1140x760.jpg 1140w, https:\/\/eden-tahaa.com\/wp-content\/uploads\/2025\/07\/154-120x80.jpg 120w, https:\/\/eden-tahaa.com\/wp-content\/uploads\/2025\/07\/154-750x500.jpg 750w\" sizes=\"(max-width: 1024px) 100vw, 1024px\" \/>\t\t\t\t\t\t\t\t\t\t\t\t\t\t\t<\/div>\n\t\t\t\t<\/div>\n\t\t\t\t<\/div>\n\t\t<div class=\"elementor-element elementor-element-4af9f824 e-con-full e-flex e-con e-child\" data-id=\"4af9f824\" data-element_type=\"container\">\n\t\t\t\t<div class=\"elementor-element elementor-element-713c87fa elementor-widget elementor-widget-text-editor\" data-id=\"713c87fa\" data-element_type=\"widget\" data-widget_type=\"text-editor.default\">\n\t\t\t\t<div class=\"elementor-widget-container\">\n\t\t\t\t\t\t\t\t\t<p class=\"p1\" style=\"text-align: center;\">\u00bd-DAY PRIVATE BOAT TOUR OF TAHA'A ISLAND AND ROMANTIC DINNER ON THE BEACH<\/p><p class=\"p2\" style=\"text-align: center;\">100,000 xpf \/ \u20ac838<\/p><p class=\"p3\" style=\"text-align: center;\">Rate for 2 people<\/p><p class=\"p3\" style=\"text-align: center;\">Half-day tour, 4 hours - <em>Additional person + 6000 xpf \/ 50.28\u20ac (maximum 6 people)<\/em><\/p><p class=\"p2\" style=\"text-align: center;\">Enjoy the beauty of the magnificent turquoise lagoon on the Vanilla island of Taha'a, with its must-see sites and a breathtaking view of Bora-Bora.<\/p><p class=\"p2\" style=\"text-align: center;\">For lovers, family or friends.<\/p><p class=\"p2\" style=\"text-align: center;\">Boat trip on the magnificent translucent lagoon of Taha'a :<\/p><p class=\"p2\" style=\"text-align: center;\">Visit to a vanilla plantation,<\/p><p class=\"p2\" style=\"text-align: center;\">Visit to a pearl farm,<\/p><p class=\"p2\" style=\"text-align: center;\">Visit to a rum factory,<\/p><p class=\"p2\" style=\"text-align: center;\">Swimming in the Oromahana or Tau-Tau coral gardens.<\/p><p class=\"p2\" style=\"text-align: center;\">Then end the day and let the evening breeze carry you past the mythical island of Bora-Bora, the pearl of the Pacific, and enjoy a romantic dinner under the starry sky of Taha'a :<\/p><p class=\"p2\" style=\"text-align: center;\">Mise en bouche<\/p><p class=\"p2\" style=\"text-align: center;\">Ballotine of fish or Foie gras + Glass of wine to match starter<\/p><p class=\"p2\" style=\"text-align: center;\">Grilled lobster or fillet of beef + Glass of wine to match the dish<\/p><p class=\"p2\" style=\"text-align: center;\">Taha'a vanilla cr\u00e8me brul\u00e9e or chef's dessert<\/p><p class=\"p2\" style=\"text-align: center;\">Bottle of still or sparkling water<\/p><p class=\"p2\" style=\"text-align: center;\">Digestive<\/p>\t\t\t\t\t\t\t\t<\/div>\n\t\t\t\t<\/div>\n\t\t\t\t<\/div>\n\t\t\t\t\t<\/div>\n\t\t\t\t<\/div>\n\t\t<div class=\"elementor-element elementor-element-7a1d253a e-flex e-con-boxed e-con e-parent\" data-id=\"7a1d253a\" data-element_type=\"container\">\n\t\t\t\t\t<div class=\"e-con-inner\">\n\t\t<div class=\"elementor-element elementor-element-153b3931 e-con-full e-flex e-con e-child\" data-id=\"153b3931\" data-element_type=\"container\">\n\t\t\t\t<div class=\"elementor-element elementor-element-2520e723 elementor-view-default elementor-widget elementor-widget-icon\" data-id=\"2520e723\" data-element_type=\"widget\" data-widget_type=\"icon.default\">\n\t\t\t\t<div class=\"elementor-widget-container\">\n\t\t\t\t\t\t\t<div class=\"elementor-icon-wrapper\">\n\t\t\t<div class=\"elementor-icon\">\n\t\t\t<svg xmlns=\"http:\/\/www.w3.org\/2000\/svg\" id=\"a\" width=\"82\" height=\"67\" viewbox=\"0 0 82 67\"><path d=\"M20.3643,32.1382c0-5.8103,1.0861-10.0772,3.2583-12.8008,2.3532-2.9052,5.883-4.3577,10.5894-4.3577V0C22.989,0,14.4812,3.3591,8.6887,10.0772,2.8962,16.6138,0,25.6924,0,37.313c0,9.4417,1.5386,19.3374,4.6159,29.687h31.4967v-29.9594h-15.7483v-4.9024Z\"><\/path><path d=\"M66.2517,37.0406v-4.9024c0-5.8103,1.0861-10.0772,3.2583-12.8008,2.3532-2.9052,5.883-4.3577,10.5894-4.3577V0c-11.2229,0-19.7307,3.3591-25.5231,10.0772-5.7925,6.5366-8.6889,15.6152-8.6889,27.2358,0,9.4417,1.5387,19.3374,4.6159,29.687h31.4967v-29.9594h-15.7483Z\"><\/path><\/svg>\t\t\t<\/div>\n\t\t<\/div>\n\t\t\t\t\t\t<\/div>\n\t\t\t\t<\/div>\n\t\t\t\t<div class=\"elementor-element elementor-element-213a26b elementor-blockquote--skin-clean elementor-widget__width-inherit elementor-blockquote--button-color-official elementor-widget elementor-widget-blockquote\" data-id=\"213a26b\" data-element_type=\"widget\" data-widget_type=\"blockquote.default\">\n\t\t\t\t<div class=\"elementor-widget-container\">\n\t\t\t\t\t\t\t<blockquote class=\"elementor-blockquote\">\n\t\t\t<p class=\"elementor-blockquote__content\">\n\t\t\t\tCome and explore EDEN TAHAA's exclusive activities: quality private experiences to discover the wonders of TAHAA, combine this tour and discover an unforgettable experience by entrusting us with the organization of your romantic dinner on the beach.<br><br>Treat yourself to a magical moment at the water's edge\t\t\t<\/p>\n\t\t\t\t\t\t\t<div class=\"e-q-footer\">\n\t\t\t\t\t\t\t\t\t\t\t<cite class=\"elementor-blockquote__author\">EDEN TAHAA<\/cite>\n\t\t\t\t\t\t\t\t\t\t\t\t\t\t<\/div>\n\t\t\t\t\t<\/blockquote>\n\t\t\t\t\t\t<\/div>\n\t\t\t\t<\/div>\n\t\t\t\t<\/div>\n\t\t<div class=\"elementor-element elementor-element-78054887 e-con-full e-flex e-con e-child\" data-id=\"78054887\" data-element_type=\"container\">\n\t\t\t\t<div class=\"elementor-element elementor-element-4966585c elementor-widget elementor-widget-image\" data-id=\"4966585c\" data-element_type=\"widget\" data-widget_type=\"image.default\">\n\t\t\t\t<div class=\"elementor-widget-container\">\n\t\t\t\t\t\t\t\t\t\t\t\t\t\t\t<img decoding=\"async\" width=\"795\" height=\"595\" src=\"https:\/\/eden-tahaa.com\/wp-content\/uploads\/2025\/08\/165.jpg\" class=\"attachment-large size-large wp-image-18734\" alt=\"\" srcset=\"https:\/\/eden-tahaa.com\/wp-content\/uploads\/2025\/08\/165.jpg 795w, https:\/\/eden-tahaa.com\/wp-content\/uploads\/2025\/08\/165-300x225.jpg 300w, https:\/\/eden-tahaa.com\/wp-content\/uploads\/2025\/08\/165-768x575.jpg 768w, https:\/\/eden-tahaa.com\/wp-content\/uploads\/2025\/08\/165-16x12.jpg 16w, https:\/\/eden-tahaa.com\/wp-content\/uploads\/2025\/08\/165-668x500.jpg 668w\" sizes=\"(max-width: 795px) 100vw, 795px\" \/>\t\t\t\t\t\t\t\t\t\t\t\t\t\t\t<\/div>\n\t\t\t\t<\/div>\n\t\t\t\t<\/div>\n\t\t\t\t\t<\/div>\n\t\t\t\t<\/div>\n\t\t<div class=\"elementor-element elementor-element-8aecb5e e-flex e-con-boxed e-con e-parent\" data-id=\"8aecb5e\" data-element_type=\"container\">\n\t\t\t\t\t<div class=\"e-con-inner\">\n\t\t<div class=\"elementor-element elementor-element-6a7c854 e-con-full e-flex e-con e-child\" data-id=\"6a7c854\" data-element_type=\"container\">\n\t\t\t\t<div class=\"elementor-element elementor-element-ff3c43f elementor-widget elementor-widget-image\" data-id=\"ff3c43f\" data-element_type=\"widget\" data-widget_type=\"image.default\">\n\t\t\t\t<div class=\"elementor-widget-container\">\n\t\t\t\t\t\t\t\t\t\t\t\t\t\t\t<img loading=\"lazy\" decoding=\"async\" width=\"1024\" height=\"683\" src=\"https:\/\/eden-tahaa.com\/wp-content\/uploads\/2025\/07\/168-1024x683.jpg\" class=\"attachment-large size-large wp-image-18538\" alt=\"\" srcset=\"https:\/\/eden-tahaa.com\/wp-content\/uploads\/2025\/07\/168-1024x683.jpg 1024w, https:\/\/eden-tahaa.com\/wp-content\/uploads\/2025\/07\/168-300x200.jpg 300w, https:\/\/eden-tahaa.com\/wp-content\/uploads\/2025\/07\/168-768x512.jpg 768w, https:\/\/eden-tahaa.com\/wp-content\/uploads\/2025\/07\/168-1536x1024.jpg 1536w, https:\/\/eden-tahaa.com\/wp-content\/uploads\/2025\/07\/168-18x12.jpg 18w, https:\/\/eden-tahaa.com\/wp-content\/uploads\/2025\/07\/168-450x300.jpg 450w, https:\/\/eden-tahaa.com\/wp-content\/uploads\/2025\/07\/168-1140x760.jpg 1140w, https:\/\/eden-tahaa.com\/wp-content\/uploads\/2025\/07\/168-120x80.jpg 120w, https:\/\/eden-tahaa.com\/wp-content\/uploads\/2025\/07\/168-750x500.jpg 750w, https:\/\/eden-tahaa.com\/wp-content\/uploads\/2025\/07\/168.jpg 1920w\" sizes=\"(max-width: 1024px) 100vw, 1024px\" \/>\t\t\t\t\t\t\t\t\t\t\t\t\t\t\t<\/div>\n\t\t\t\t<\/div>\n\t\t\t\t<\/div>\n\t\t<div class=\"elementor-element elementor-element-59530f8 e-con-full e-flex e-con e-child\" data-id=\"59530f8\" data-element_type=\"container\">\n\t\t\t\t<div class=\"elementor-element elementor-element-2020c317 elementor-widget elementor-widget-image\" data-id=\"2020c317\" data-element_type=\"widget\" data-widget_type=\"image.default\">\n\t\t\t\t<div class=\"elementor-widget-container\">\n\t\t\t\t\t\t\t\t\t\t\t\t\t\t\t<img loading=\"lazy\" decoding=\"async\" width=\"745\" height=\"476\" src=\"https:\/\/eden-tahaa.com\/wp-content\/uploads\/2025\/08\/Sans-titre4.jpg\" class=\"attachment-large size-large wp-image-18758\" alt=\"\" srcset=\"https:\/\/eden-tahaa.com\/wp-content\/uploads\/2025\/08\/Sans-titre4.jpg 745w, https:\/\/eden-tahaa.com\/wp-content\/uploads\/2025\/08\/Sans-titre4-300x192.jpg 300w, https:\/\/eden-tahaa.com\/wp-content\/uploads\/2025\/08\/Sans-titre4-18x12.jpg 18w\" sizes=\"(max-width: 745px) 100vw, 745px\" \/>\t\t\t\t\t\t\t\t\t\t\t\t\t\t\t<\/div>\n\t\t\t\t<\/div>\n\t\t\t\t<\/div>\n\t\t\t\t\t<\/div>\n\t\t\t\t<\/div>\n\t\t<div class=\"elementor-element elementor-element-70e6639 e-flex e-con-boxed e-con e-parent\" data-id=\"70e6639\" data-element_type=\"container\">\n\t\t\t\t\t<div class=\"e-con-inner\">\n\t\t\t\t\t<\/div>\n\t\t\t\t<\/div>\n\t\t\t\t<\/div>","protected":false},"excerpt":{"rendered":"<p>COMBO TOUR PRIV\u00c9 DE L\u2019ILE DE TAHA\u2019A EN BATEAU SUR LA \u00bd JOURN\u00c9E ET D\u00ceNER ROMANTIQUE SUR LA PLAGE Contact us COMBO TOUR PRIV\u00c9 DE L\u2019ILE DE TAHA\u2019A EN BATEAU SUR LA \u00bd JOURN\u00c9E ET D\u00ceNER ROMANTIQUE SUR LA PLAGE 100 000 xpf \/ 838\u20ac Tarif pour 2 personnes Tour \u00e0 la demi-journ\u00e9e sur 4 [&hellip;]<\/p>","protected":false},"author":1,"featured_media":0,"parent":0,"menu_order":0,"comment_status":"closed","ping_status":"closed","template":"","meta":{"_monsterinsights_skip_tracking":false,"_monsterinsights_sitenote_active":false,"_monsterinsights_sitenote_note":"","_monsterinsights_sitenote_category":0,"_joinchat":[],"footnotes":""},"class_list":["post-18989","page","type-page","status-publish","hentry"],"aioseo_notices":[],"_links":{"self":[{"href":"https:\/\/eden-tahaa.com\/en\/wp-json\/wp\/v2\/pages\/18989","targetHints":{"allow":["GET"]}}],"collection":[{"href":"https:\/\/eden-tahaa.com\/en\/wp-json\/wp\/v2\/pages"}],"about":[{"href":"https:\/\/eden-tahaa.com\/en\/wp-json\/wp\/v2\/types\/page"}],"author":[{"embeddable":true,"href":"https:\/\/eden-tahaa.com\/en\/wp-json\/wp\/v2\/users\/1"}],"replies":[{"embeddable":true,"href":"https:\/\/eden-tahaa.com\/en\/wp-json\/wp\/v2\/comments?post=18989"}],"version-history":[{"count":7,"href":"https:\/\/eden-tahaa.com\/en\/wp-json\/wp\/v2\/pages\/18989\/revisions"}],"predecessor-version":[{"id":19006,"href":"https:\/\/eden-tahaa.com\/en\/wp-json\/wp\/v2\/pages\/18989\/revisions\/19006"}],"wp:attachment":[{"href":"https:\/\/eden-tahaa.com\/en\/wp-json\/wp\/v2\/media?parent=18989"}],"curies":[{"name":"wp","href":"https:\/\/api.w.org\/{rel}","templated":true}]}}