{"id":18808,"date":"2025-08-02T03:59:08","date_gmt":"2025-08-02T03:59:08","guid":{"rendered":"https:\/\/eden-tahaa.com\/?page_id=18808"},"modified":"2025-08-08T22:09:45","modified_gmt":"2025-08-08T22:09:45","slug":"tour-sunset","status":"publish","type":"page","link":"https:\/\/eden-tahaa.com\/en\/tour-sunset\/","title":{"rendered":"SUNSET TOWER"},"content":{"rendered":"<div data-elementor-type=\"wp-page\" data-elementor-id=\"18808\" class=\"elementor elementor-18808\" data-elementor-post-type=\"page\">\n\t\t\t\t<div class=\"elementor-element elementor-element-2aa84d26 e-flex e-con-boxed e-con e-parent\" data-id=\"2aa84d26\" data-element_type=\"container\" data-settings=\"{&quot;background_background&quot;:&quot;classic&quot;}\">\n\t\t\t\t\t<div class=\"e-con-inner\">\n\t\t\t\t<div class=\"elementor-element elementor-element-5afbfdbe elementor-widget elementor-widget-heading\" data-id=\"5afbfdbe\" data-element_type=\"widget\" data-widget_type=\"heading.default\">\n\t\t\t\t<div class=\"elementor-widget-container\">\n\t\t\t\t\t<h1 class=\"elementor-heading-title elementor-size-default\">PRIVATE SUNSET BOAT TOUR OF BORA-BORA<\/h1>\t\t\t\t<\/div>\n\t\t\t\t<\/div>\n\t\t\t\t<div class=\"elementor-element elementor-element-7cf708a6 elementor-align-center elementor-mobile-align-center elementor-widget elementor-widget-button\" data-id=\"7cf708a6\" data-element_type=\"widget\" data-widget_type=\"button.default\">\n\t\t\t\t<div class=\"elementor-widget-container\">\n\t\t\t\t\t\t\t\t\t<div class=\"elementor-button-wrapper\">\n\t\t\t\t\t<a class=\"elementor-button elementor-button-link elementor-size-sm\" href=\"https:\/\/eden-tahaa.com\/en\/contact\/\">\n\t\t\t\t\t\t<span class=\"elementor-button-content-wrapper\">\n\t\t\t\t\t\t\t\t\t<span class=\"elementor-button-text\">Contact us<\/span>\n\t\t\t\t\t<\/span>\n\t\t\t\t\t<\/a>\n\t\t\t\t<\/div>\n\t\t\t\t\t\t\t\t<\/div>\n\t\t\t\t<\/div>\n\t\t\t\t\t<\/div>\n\t\t\t\t<\/div>\n\t\t<div class=\"elementor-element elementor-element-5d1dd7ad e-con-full e-flex e-con e-parent\" data-id=\"5d1dd7ad\" data-element_type=\"container\" data-settings=\"{&quot;background_background&quot;:&quot;classic&quot;}\">\n\t\t\t\t<div class=\"elementor-element elementor-element-19fe2da2 elementor-widget elementor-widget-image\" data-id=\"19fe2da2\" data-element_type=\"widget\" data-widget_type=\"image.default\">\n\t\t\t\t<div class=\"elementor-widget-container\">\n\t\t\t\t\t\t\t\t\t\t\t\t\t\t\t<img fetchpriority=\"high\" decoding=\"async\" width=\"1024\" height=\"683\" src=\"https:\/\/eden-tahaa.com\/wp-content\/uploads\/2025\/07\/119.1-1-1024x683.jpg\" class=\"attachment-large size-large wp-image-18364\" alt=\"\" srcset=\"https:\/\/eden-tahaa.com\/wp-content\/uploads\/2025\/07\/119.1-1-1024x683.jpg 1024w, https:\/\/eden-tahaa.com\/wp-content\/uploads\/2025\/07\/119.1-1-300x200.jpg 300w, https:\/\/eden-tahaa.com\/wp-content\/uploads\/2025\/07\/119.1-1-768x512.jpg 768w, https:\/\/eden-tahaa.com\/wp-content\/uploads\/2025\/07\/119.1-1-1536x1024.jpg 1536w, https:\/\/eden-tahaa.com\/wp-content\/uploads\/2025\/07\/119.1-1-2048x1365.jpg 2048w, https:\/\/eden-tahaa.com\/wp-content\/uploads\/2025\/07\/119.1-1-450x300.jpg 450w, https:\/\/eden-tahaa.com\/wp-content\/uploads\/2025\/07\/119.1-1-1140x760.jpg 1140w, https:\/\/eden-tahaa.com\/wp-content\/uploads\/2025\/07\/119.1-1-120x80.jpg 120w, https:\/\/eden-tahaa.com\/wp-content\/uploads\/2025\/07\/119.1-1-750x500.jpg 750w\" sizes=\"(max-width: 1024px) 100vw, 1024px\" \/>\t\t\t\t\t\t\t\t\t\t\t\t\t\t\t<\/div>\n\t\t\t\t<\/div>\n\t\t\t\t<\/div>\n\t\t<div class=\"elementor-element elementor-element-337013f7 e-flex e-con-boxed e-con e-parent\" data-id=\"337013f7\" data-element_type=\"container\">\n\t\t\t\t\t<div class=\"e-con-inner\">\n\t\t<div class=\"elementor-element elementor-element-462de11a e-con-full e-flex e-con e-child\" data-id=\"462de11a\" data-element_type=\"container\">\n\t\t\t\t<div class=\"elementor-element elementor-element-740b10fa elementor-widget elementor-widget-image\" data-id=\"740b10fa\" data-element_type=\"widget\" data-widget_type=\"image.default\">\n\t\t\t\t<div class=\"elementor-widget-container\">\n\t\t\t\t\t\t\t\t\t\t\t\t\t\t\t<img decoding=\"async\" width=\"580\" height=\"672\" src=\"https:\/\/eden-tahaa.com\/wp-content\/uploads\/2025\/08\/Sans-titre.jpg\" class=\"attachment-large size-large wp-image-18797\" alt=\"\" srcset=\"https:\/\/eden-tahaa.com\/wp-content\/uploads\/2025\/08\/Sans-titre.jpg 580w, https:\/\/eden-tahaa.com\/wp-content\/uploads\/2025\/08\/Sans-titre-259x300.jpg 259w, https:\/\/eden-tahaa.com\/wp-content\/uploads\/2025\/08\/Sans-titre-10x12.jpg 10w, https:\/\/eden-tahaa.com\/wp-content\/uploads\/2025\/08\/Sans-titre-432x500.jpg 432w\" sizes=\"(max-width: 580px) 100vw, 580px\" \/>\t\t\t\t\t\t\t\t\t\t\t\t\t\t\t<\/div>\n\t\t\t\t<\/div>\n\t\t\t\t<\/div>\n\t\t<div class=\"elementor-element elementor-element-47c81576 e-con-full e-flex e-con e-child\" data-id=\"47c81576\" data-element_type=\"container\">\n\t\t\t\t<div class=\"elementor-element elementor-element-6dbbf488 elementor-widget__width-initial elementor-widget elementor-widget-text-editor\" data-id=\"6dbbf488\" data-element_type=\"widget\" data-widget_type=\"text-editor.default\">\n\t\t\t\t<div class=\"elementor-widget-container\">\n\t\t\t\t\t\t\t\t\t<p class=\"p1\" style=\"text-align: center;\"><strong>PRIVATE SUNSET BOAT TOUR OF BORA-BORA<\/strong><\/p><p class=\"p1\" style=\"text-align: center;\">80,000 xpf \/ \u20ac670.40 - Rate for 2 people<\/p><p class=\"p1\" style=\"text-align: center;\">2-hour tour (tour scheduled between 4:30 pm and 6:30 pm, to be confirmed at reception)<\/p><p class=\"p1\" style=\"text-align: center;\">Additional person: + 6,000 xpf \/ \u20ac50.28<\/p><p class=\"p1\" style=\"text-align: center;\">For lovers, family or friends:<\/p><p class=\"p1\" style=\"text-align: center;\">Admire and enjoy the magnificent view of Bora-Bora while<\/p><p class=\"p1\" style=\"text-align: center;\">the warm, golden hour of sunset.<\/p><p class=\"p1\" style=\"text-align: center;\">Boat trip on Taha'a's magnificent translucent lagoon.<\/p><p class=\"p1\" style=\"text-align: center;\">Tasting of a bottle of champagne, fresh fruit, setting in<\/p><p class=\"p1\" style=\"text-align: center;\">Bouche, to enjoy the sunset over Bora-Bora.<\/p><p class=\"p1\" style=\"text-align: center;\"><em>Drinks: Soft drinks, fruit juices, water as much as you like.<\/em><\/p>\t\t\t\t\t\t\t\t<\/div>\n\t\t\t\t<\/div>\n\t\t\t\t<\/div>\n\t\t\t\t\t<\/div>\n\t\t\t\t<\/div>\n\t\t<div class=\"elementor-element elementor-element-75835074 e-flex e-con-boxed e-con e-parent\" data-id=\"75835074\" data-element_type=\"container\">\n\t\t\t\t\t<div class=\"e-con-inner\">\n\t\t<div class=\"elementor-element elementor-element-42b62b02 e-con-full e-flex e-con e-child\" data-id=\"42b62b02\" data-element_type=\"container\">\n\t\t\t\t<div class=\"elementor-element elementor-element-24823721 elementor-view-default elementor-widget elementor-widget-icon\" data-id=\"24823721\" data-element_type=\"widget\" data-widget_type=\"icon.default\">\n\t\t\t\t<div class=\"elementor-widget-container\">\n\t\t\t\t\t\t\t<div class=\"elementor-icon-wrapper\">\n\t\t\t<div class=\"elementor-icon\">\n\t\t\t<svg xmlns=\"http:\/\/www.w3.org\/2000\/svg\" id=\"a\" width=\"82\" height=\"67\" viewbox=\"0 0 82 67\"><path d=\"M20.3643,32.1382c0-5.8103,1.0861-10.0772,3.2583-12.8008,2.3532-2.9052,5.883-4.3577,10.5894-4.3577V0C22.989,0,14.4812,3.3591,8.6887,10.0772,2.8962,16.6138,0,25.6924,0,37.313c0,9.4417,1.5386,19.3374,4.6159,29.687h31.4967v-29.9594h-15.7483v-4.9024Z\"><\/path><path d=\"M66.2517,37.0406v-4.9024c0-5.8103,1.0861-10.0772,3.2583-12.8008,2.3532-2.9052,5.883-4.3577,10.5894-4.3577V0c-11.2229,0-19.7307,3.3591-25.5231,10.0772-5.7925,6.5366-8.6889,15.6152-8.6889,27.2358,0,9.4417,1.5387,19.3374,4.6159,29.687h31.4967v-29.9594h-15.7483Z\"><\/path><\/svg>\t\t\t<\/div>\n\t\t<\/div>\n\t\t\t\t\t\t<\/div>\n\t\t\t\t<\/div>\n\t\t\t\t<div class=\"elementor-element elementor-element-449dcd04 elementor-blockquote--skin-clean elementor-widget__width-inherit elementor-blockquote--button-color-official elementor-widget elementor-widget-blockquote\" data-id=\"449dcd04\" data-element_type=\"widget\" data-widget_type=\"blockquote.default\">\n\t\t\t\t<div class=\"elementor-widget-container\">\n\t\t\t\t\t\t\t<blockquote class=\"elementor-blockquote\">\n\t\t\t<p class=\"elementor-blockquote__content\">\n\t\t\t\tCome and explore EDEN TAHAA's exclusive activities: quality private experiences to discover the wonders of TAHAA.\t\t\t<\/p>\n\t\t\t\t\t\t\t<div class=\"e-q-footer\">\n\t\t\t\t\t\t\t\t\t\t\t<cite class=\"elementor-blockquote__author\">EDEN TAHAA<\/cite>\n\t\t\t\t\t\t\t\t\t\t\t\t\t\t<\/div>\n\t\t\t\t\t<\/blockquote>\n\t\t\t\t\t\t<\/div>\n\t\t\t\t<\/div>\n\t\t\t\t<\/div>\n\t\t<div class=\"elementor-element elementor-element-50b9f1d e-con-full e-flex e-con e-child\" data-id=\"50b9f1d\" data-element_type=\"container\">\n\t\t\t\t<div class=\"elementor-element elementor-element-74c41bcc elementor-widget elementor-widget-image\" data-id=\"74c41bcc\" data-element_type=\"widget\" data-widget_type=\"image.default\">\n\t\t\t\t<div class=\"elementor-widget-container\">\n\t\t\t\t\t\t\t\t\t\t\t\t\t\t\t<img decoding=\"async\" width=\"1470\" height=\"980\" src=\"https:\/\/eden-tahaa.com\/wp-content\/uploads\/2025\/08\/31734331-deux-des-lunettes-de-champagne-et-bouteille-sur-le-plage-a-magnifique-coucher-de-soleil-champagne-bouteille-et-deux-des-lunettes-sur-sable-dans-coucher-de-soleil-ai-genere-gratuit-photo.jpg\" class=\"attachment-full size-full wp-image-18812\" alt=\"\" srcset=\"https:\/\/eden-tahaa.com\/wp-content\/uploads\/2025\/08\/31734331-deux-des-lunettes-de-champagne-et-bouteille-sur-le-plage-a-magnifique-coucher-de-soleil-champagne-bouteille-et-deux-des-lunettes-sur-sable-dans-coucher-de-soleil-ai-genere-gratuit-photo.jpg 1470w, https:\/\/eden-tahaa.com\/wp-content\/uploads\/2025\/08\/31734331-deux-des-lunettes-de-champagne-et-bouteille-sur-le-plage-a-magnifique-coucher-de-soleil-champagne-bouteille-et-deux-des-lunettes-sur-sable-dans-coucher-de-soleil-ai-genere-gratuit-photo-300x200.jpg 300w, https:\/\/eden-tahaa.com\/wp-content\/uploads\/2025\/08\/31734331-deux-des-lunettes-de-champagne-et-bouteille-sur-le-plage-a-magnifique-coucher-de-soleil-champagne-bouteille-et-deux-des-lunettes-sur-sable-dans-coucher-de-soleil-ai-genere-gratuit-photo-1024x683.jpg 1024w, https:\/\/eden-tahaa.com\/wp-content\/uploads\/2025\/08\/31734331-deux-des-lunettes-de-champagne-et-bouteille-sur-le-plage-a-magnifique-coucher-de-soleil-champagne-bouteille-et-deux-des-lunettes-sur-sable-dans-coucher-de-soleil-ai-genere-gratuit-photo-768x512.jpg 768w, https:\/\/eden-tahaa.com\/wp-content\/uploads\/2025\/08\/31734331-deux-des-lunettes-de-champagne-et-bouteille-sur-le-plage-a-magnifique-coucher-de-soleil-champagne-bouteille-et-deux-des-lunettes-sur-sable-dans-coucher-de-soleil-ai-genere-gratuit-photo-18x12.jpg 18w, https:\/\/eden-tahaa.com\/wp-content\/uploads\/2025\/08\/31734331-deux-des-lunettes-de-champagne-et-bouteille-sur-le-plage-a-magnifique-coucher-de-soleil-champagne-bouteille-et-deux-des-lunettes-sur-sable-dans-coucher-de-soleil-ai-genere-gratuit-photo-450x300.jpg 450w, https:\/\/eden-tahaa.com\/wp-content\/uploads\/2025\/08\/31734331-deux-des-lunettes-de-champagne-et-bouteille-sur-le-plage-a-magnifique-coucher-de-soleil-champagne-bouteille-et-deux-des-lunettes-sur-sable-dans-coucher-de-soleil-ai-genere-gratuit-photo-1140x760.jpg 1140w, https:\/\/eden-tahaa.com\/wp-content\/uploads\/2025\/08\/31734331-deux-des-lunettes-de-champagne-et-bouteille-sur-le-plage-a-magnifique-coucher-de-soleil-champagne-bouteille-et-deux-des-lunettes-sur-sable-dans-coucher-de-soleil-ai-genere-gratuit-photo-120x80.jpg 120w, https:\/\/eden-tahaa.com\/wp-content\/uploads\/2025\/08\/31734331-deux-des-lunettes-de-champagne-et-bouteille-sur-le-plage-a-magnifique-coucher-de-soleil-champagne-bouteille-et-deux-des-lunettes-sur-sable-dans-coucher-de-soleil-ai-genere-gratuit-photo-750x500.jpg 750w\" sizes=\"(max-width: 1470px) 100vw, 1470px\" \/>\t\t\t\t\t\t\t\t\t\t\t\t\t\t\t<\/div>\n\t\t\t\t<\/div>\n\t\t\t\t<\/div>\n\t\t\t\t\t<\/div>\n\t\t\t\t<\/div>\n\t\t\t\t<\/div>","protected":false},"excerpt":{"rendered":"<p>TOUR PRIV\u00c9 EN BATEAU AU COUCHER DE SOLEIL SUR BORA-BORA Contact us TOUR PRIV\u00c9 EN BATEAU AU COUCHER DE SOLEIL SUR BORA-BORA 80 000 xpf \/ 670,40\u20ac &#8211; Tarif pour 2 personnes Tour de 2 heures (tour pr\u00e9vu entre 16h30 et 18h30 \u00e0 confirmer \u00e0 la r\u00e9ception) Personne suppl\u00e9mentaire : + 6 000 xpf \/ [&hellip;]<\/p>","protected":false},"author":1,"featured_media":0,"parent":0,"menu_order":0,"comment_status":"closed","ping_status":"closed","template":"","meta":{"_monsterinsights_skip_tracking":false,"_monsterinsights_sitenote_active":false,"_monsterinsights_sitenote_note":"","_monsterinsights_sitenote_category":0,"_joinchat":[],"footnotes":""},"class_list":["post-18808","page","type-page","status-publish","hentry"],"aioseo_notices":[],"_links":{"self":[{"href":"https:\/\/eden-tahaa.com\/en\/wp-json\/wp\/v2\/pages\/18808","targetHints":{"allow":["GET"]}}],"collection":[{"href":"https:\/\/eden-tahaa.com\/en\/wp-json\/wp\/v2\/pages"}],"about":[{"href":"https:\/\/eden-tahaa.com\/en\/wp-json\/wp\/v2\/types\/page"}],"author":[{"embeddable":true,"href":"https:\/\/eden-tahaa.com\/en\/wp-json\/wp\/v2\/users\/1"}],"replies":[{"embeddable":true,"href":"https:\/\/eden-tahaa.com\/en\/wp-json\/wp\/v2\/comments?post=18808"}],"version-history":[{"count":7,"href":"https:\/\/eden-tahaa.com\/en\/wp-json\/wp\/v2\/pages\/18808\/revisions"}],"predecessor-version":[{"id":19009,"href":"https:\/\/eden-tahaa.com\/en\/wp-json\/wp\/v2\/pages\/18808\/revisions\/19009"}],"wp:attachment":[{"href":"https:\/\/eden-tahaa.com\/en\/wp-json\/wp\/v2\/media?parent=18808"}],"curies":[{"name":"wp","href":"https:\/\/api.w.org\/{rel}","templated":true}]}}