{"id":18674,"date":"2025-08-01T03:34:20","date_gmt":"2025-08-01T03:34:20","guid":{"rendered":"https:\/\/eden-tahaa.com\/?page_id=18674"},"modified":"2025-08-08T22:04:05","modified_gmt":"2025-08-08T22:04:05","slug":"diner-romantique","status":"publish","type":"page","link":"https:\/\/eden-tahaa.com\/en\/diner-romantique\/","title":{"rendered":"Romantic dinner"},"content":{"rendered":"<div data-elementor-type=\"wp-page\" data-elementor-id=\"18674\" class=\"elementor elementor-18674\" data-elementor-post-type=\"page\">\n\t\t\t\t<div class=\"elementor-element elementor-element-76712dfc e-flex e-con-boxed e-con e-parent\" data-id=\"76712dfc\" data-element_type=\"container\" data-settings=\"{&quot;background_background&quot;:&quot;classic&quot;}\">\n\t\t\t\t\t<div class=\"e-con-inner\">\n\t\t\t\t<div class=\"elementor-element elementor-element-44ac2e61 elementor-widget elementor-widget-heading\" data-id=\"44ac2e61\" data-element_type=\"widget\" data-widget_type=\"heading.default\">\n\t\t\t\t<div class=\"elementor-widget-container\">\n\t\t\t\t\t<h1 class=\"elementor-heading-title elementor-size-default\">ROMANTIC DINNER ON THE BEACH BORA-BORA VIEW WITH OR WITHOUT POLYNESIAN SHOW<\/h1>\t\t\t\t<\/div>\n\t\t\t\t<\/div>\n\t\t\t\t<div class=\"elementor-element elementor-element-438f1dee elementor-align-center elementor-mobile-align-center elementor-widget elementor-widget-button\" data-id=\"438f1dee\" data-element_type=\"widget\" data-widget_type=\"button.default\">\n\t\t\t\t<div class=\"elementor-widget-container\">\n\t\t\t\t\t\t\t\t\t<div class=\"elementor-button-wrapper\">\n\t\t\t\t\t<a class=\"elementor-button elementor-button-link elementor-size-sm\" href=\"https:\/\/eden-tahaa.com\/en\/contact\/\">\n\t\t\t\t\t\t<span class=\"elementor-button-content-wrapper\">\n\t\t\t\t\t\t\t\t\t<span class=\"elementor-button-text\">Contact us<\/span>\n\t\t\t\t\t<\/span>\n\t\t\t\t\t<\/a>\n\t\t\t\t<\/div>\n\t\t\t\t\t\t\t\t<\/div>\n\t\t\t\t<\/div>\n\t\t\t\t\t<\/div>\n\t\t\t\t<\/div>\n\t\t<div class=\"elementor-element elementor-element-19c3a580 e-con-full e-flex e-con e-parent\" data-id=\"19c3a580\" data-element_type=\"container\" data-settings=\"{&quot;background_background&quot;:&quot;classic&quot;}\">\n\t\t\t\t<div class=\"elementor-element elementor-element-3694245f elementor-widget elementor-widget-image\" data-id=\"3694245f\" data-element_type=\"widget\" data-widget_type=\"image.default\">\n\t\t\t\t<div class=\"elementor-widget-container\">\n\t\t\t\t\t\t\t\t\t\t\t\t\t\t\t<img fetchpriority=\"high\" decoding=\"async\" width=\"1024\" height=\"717\" src=\"https:\/\/eden-tahaa.com\/wp-content\/uploads\/2025\/07\/103-2-1024x717.jpg\" class=\"attachment-large size-large wp-image-18547\" alt=\"\" srcset=\"https:\/\/eden-tahaa.com\/wp-content\/uploads\/2025\/07\/103-2-1024x717.jpg 1024w, https:\/\/eden-tahaa.com\/wp-content\/uploads\/2025\/07\/103-2-300x210.jpg 300w, https:\/\/eden-tahaa.com\/wp-content\/uploads\/2025\/07\/103-2-768x538.jpg 768w, https:\/\/eden-tahaa.com\/wp-content\/uploads\/2025\/07\/103-2-1536x1076.jpg 1536w, https:\/\/eden-tahaa.com\/wp-content\/uploads\/2025\/07\/103-2-2048x1434.jpg 2048w, https:\/\/eden-tahaa.com\/wp-content\/uploads\/2025\/07\/103-2-18x12.jpg 18w, https:\/\/eden-tahaa.com\/wp-content\/uploads\/2025\/07\/103-2-714x500.jpg 714w\" sizes=\"(max-width: 1024px) 100vw, 1024px\" \/>\t\t\t\t\t\t\t\t\t\t\t\t\t\t\t<\/div>\n\t\t\t\t<\/div>\n\t\t\t\t<\/div>\n\t\t<div class=\"elementor-element elementor-element-6992eafa e-flex e-con-boxed e-con e-parent\" data-id=\"6992eafa\" data-element_type=\"container\">\n\t\t\t\t\t<div class=\"e-con-inner\">\n\t\t<div class=\"elementor-element elementor-element-519d907b e-con-full e-flex e-con e-child\" data-id=\"519d907b\" data-element_type=\"container\">\n\t\t\t\t<div class=\"elementor-element elementor-element-c820c8b elementor-widget elementor-widget-image\" data-id=\"c820c8b\" data-element_type=\"widget\" data-widget_type=\"image.default\">\n\t\t\t\t<div class=\"elementor-widget-container\">\n\t\t\t\t\t\t\t\t\t\t\t\t\t\t\t<img decoding=\"async\" width=\"1024\" height=\"768\" src=\"https:\/\/eden-tahaa.com\/wp-content\/uploads\/2025\/07\/116-2-1024x768.jpg\" class=\"attachment-large size-large wp-image-18545\" alt=\"\" srcset=\"https:\/\/eden-tahaa.com\/wp-content\/uploads\/2025\/07\/116-2-1024x768.jpg 1024w, https:\/\/eden-tahaa.com\/wp-content\/uploads\/2025\/07\/116-2-300x225.jpg 300w, https:\/\/eden-tahaa.com\/wp-content\/uploads\/2025\/07\/116-2-768x576.jpg 768w, https:\/\/eden-tahaa.com\/wp-content\/uploads\/2025\/07\/116-2-1536x1152.jpg 1536w, https:\/\/eden-tahaa.com\/wp-content\/uploads\/2025\/07\/116-2-2048x1536.jpg 2048w, https:\/\/eden-tahaa.com\/wp-content\/uploads\/2025\/07\/116-2-16x12.jpg 16w, https:\/\/eden-tahaa.com\/wp-content\/uploads\/2025\/07\/116-2-667x500.jpg 667w\" sizes=\"(max-width: 1024px) 100vw, 1024px\" \/>\t\t\t\t\t\t\t\t\t\t\t\t\t\t\t<\/div>\n\t\t\t\t<\/div>\n\t\t\t\t<div class=\"elementor-element elementor-element-55f0cf7 elementor-widget elementor-widget-image\" data-id=\"55f0cf7\" data-element_type=\"widget\" data-widget_type=\"image.default\">\n\t\t\t\t<div class=\"elementor-widget-container\">\n\t\t\t\t\t\t\t\t\t\t\t\t\t\t\t<img decoding=\"async\" width=\"1024\" height=\"683\" src=\"https:\/\/eden-tahaa.com\/wp-content\/uploads\/2025\/08\/1120719-1024x683.jpg\" class=\"attachment-large size-large wp-image-18723\" alt=\"\" srcset=\"https:\/\/eden-tahaa.com\/wp-content\/uploads\/2025\/08\/1120719-1024x683.jpg 1024w, https:\/\/eden-tahaa.com\/wp-content\/uploads\/2025\/08\/1120719-300x200.jpg 300w, https:\/\/eden-tahaa.com\/wp-content\/uploads\/2025\/08\/1120719-768x512.jpg 768w, https:\/\/eden-tahaa.com\/wp-content\/uploads\/2025\/08\/1120719-1536x1024.jpg 1536w, https:\/\/eden-tahaa.com\/wp-content\/uploads\/2025\/08\/1120719-2048x1365.jpg 2048w, https:\/\/eden-tahaa.com\/wp-content\/uploads\/2025\/08\/1120719-18x12.jpg 18w, https:\/\/eden-tahaa.com\/wp-content\/uploads\/2025\/08\/1120719-450x300.jpg 450w, https:\/\/eden-tahaa.com\/wp-content\/uploads\/2025\/08\/1120719-1140x760.jpg 1140w, https:\/\/eden-tahaa.com\/wp-content\/uploads\/2025\/08\/1120719-120x80.jpg 120w, https:\/\/eden-tahaa.com\/wp-content\/uploads\/2025\/08\/1120719-750x500.jpg 750w\" sizes=\"(max-width: 1024px) 100vw, 1024px\" \/>\t\t\t\t\t\t\t\t\t\t\t\t\t\t\t<\/div>\n\t\t\t\t<\/div>\n\t\t\t\t<\/div>\n\t\t<div class=\"elementor-element elementor-element-1743035f e-con-full e-flex e-con e-child\" data-id=\"1743035f\" data-element_type=\"container\">\n\t\t\t\t<div class=\"elementor-element elementor-element-a3d7d2d elementor-widget elementor-widget-text-editor\" data-id=\"a3d7d2d\" data-element_type=\"widget\" data-widget_type=\"text-editor.default\">\n\t\t\t\t<div class=\"elementor-widget-container\">\n\t\t\t\t\t\t\t\t\t<p class=\"p1\" style=\"text-align: center;\">Let the evening breeze carry you past the mythical island of Bora-Bora, the pearl of the Pacific, and enjoy a romantic dinner under the starry sky of Taha'a.<\/p><p class=\"p2\" style=\"text-align: center;\"><strong><span style=\"text-decoration: underline;\">ROMANTIC DINNER ON THE BEACH<\/span><\/strong><\/p><p class=\"p1\" style=\"text-align: center;\">50,000 xpf \/ 420\u20ac - <span class=\"s1\">Rate for 2 people <\/span>(If you have opted for \u00bd board, the price of the dinner will be deducted: Example for 2 people = - 14,000 xpf \/ - 117.32\u20ac)<\/p><p class=\"p1\" style=\"text-align: center;\"><em>Additional person + 10,000 xpf \/ \u20ac83.80<\/em><\/p><p class=\"p1\" style=\"text-align: center;\">Mise en bouche<\/p><p class=\"p1\" style=\"text-align: center;\">Ballotine of fish or Foie gras + Glass of wine to match starter<\/p><p class=\"p1\" style=\"text-align: center;\">Grilled lobster or fillet of beef + Glass of wine to match the dish<\/p><p class=\"p1\" style=\"text-align: center;\">Taha'a vanilla cr\u00e8me brul\u00e9e or chef's dessert<\/p><p class=\"p1\" style=\"text-align: center;\">Bottle of still or sparkling water<\/p><p class=\"p1\" style=\"text-align: center;\">Digestive<\/p><p class=\"p4\" style=\"text-align: center;\"><strong><span style=\"text-decoration: underline;\">ROMANTIC EDEN DINNER WITH POLYNESIAN SHOW AND FIRE DANCE<\/span><\/strong><\/p><p class=\"p1\" style=\"text-align: center;\">150 000 xpf \/ 1257\u20ac - Rate for 2 people<\/p><p class=\"p1\" style=\"text-align: center;\"><em>Additional person + 10,000 xpf \/ \u20ac83.80<\/em><\/p><p class=\"p1\" style=\"text-align: center;\">Mise en bouche<\/p><p class=\"p1\" style=\"text-align: center;\">Ballotine of fish or Foie gras + glass of wine to match starter<\/p><p class=\"p1\" style=\"text-align: center;\">Grilled lobster or fillet of beef + matching glass of wine<\/p><p class=\"p1\" style=\"text-align: center;\">Taha'a vanilla cr\u00e8me brul\u00e9e or Chef's dessert<\/p><p class=\"p1\" style=\"text-align: center;\">Bottle of still or sparkling water<\/p><p class=\"p1\" style=\"text-align: center;\">Digestive<\/p><p class=\"p1\" style=\"text-align: center;\">Tahitian dance and music group, fire dance show.<\/p><p class=\"p1\" style=\"text-align: center;\">Let the rhythm of the music lull you to sleep as you dine.<\/p><p class=\"p1\" style=\"text-align: center;\">Polynesia, to the sound of the traditional ukulele, and marvel at the dances of our Vahin\u00e9s.<\/p>\t\t\t\t\t\t\t\t<\/div>\n\t\t\t\t<\/div>\n\t\t\t\t<\/div>\n\t\t\t\t\t<\/div>\n\t\t\t\t<\/div>\n\t\t<div class=\"elementor-element elementor-element-a2c645e e-flex e-con-boxed e-con e-parent\" data-id=\"a2c645e\" data-element_type=\"container\">\n\t\t\t\t\t<div class=\"e-con-inner\">\n\t\t\t\t\t<\/div>\n\t\t\t\t<\/div>\n\t\t<div class=\"elementor-element elementor-element-70b01c83 e-flex e-con-boxed e-con e-parent\" data-id=\"70b01c83\" data-element_type=\"container\">\n\t\t\t\t\t<div class=\"e-con-inner\">\n\t\t<div class=\"elementor-element elementor-element-19778710 e-con-full e-flex e-con e-child\" data-id=\"19778710\" data-element_type=\"container\">\n\t\t\t\t<div class=\"elementor-element elementor-element-54b20726 elementor-view-default elementor-widget elementor-widget-icon\" data-id=\"54b20726\" data-element_type=\"widget\" data-widget_type=\"icon.default\">\n\t\t\t\t<div class=\"elementor-widget-container\">\n\t\t\t\t\t\t\t<div class=\"elementor-icon-wrapper\">\n\t\t\t<div class=\"elementor-icon\">\n\t\t\t<svg xmlns=\"http:\/\/www.w3.org\/2000\/svg\" id=\"a\" width=\"82\" height=\"67\" viewbox=\"0 0 82 67\"><path d=\"M20.3643,32.1382c0-5.8103,1.0861-10.0772,3.2583-12.8008,2.3532-2.9052,5.883-4.3577,10.5894-4.3577V0C22.989,0,14.4812,3.3591,8.6887,10.0772,2.8962,16.6138,0,25.6924,0,37.313c0,9.4417,1.5386,19.3374,4.6159,29.687h31.4967v-29.9594h-15.7483v-4.9024Z\"><\/path><path d=\"M66.2517,37.0406v-4.9024c0-5.8103,1.0861-10.0772,3.2583-12.8008,2.3532-2.9052,5.883-4.3577,10.5894-4.3577V0c-11.2229,0-19.7307,3.3591-25.5231,10.0772-5.7925,6.5366-8.6889,15.6152-8.6889,27.2358,0,9.4417,1.5387,19.3374,4.6159,29.687h31.4967v-29.9594h-15.7483Z\"><\/path><\/svg>\t\t\t<\/div>\n\t\t<\/div>\n\t\t\t\t\t\t<\/div>\n\t\t\t\t<\/div>\n\t\t\t\t<div class=\"elementor-element elementor-element-1f22b957 elementor-blockquote--skin-clean elementor-widget__width-inherit elementor-blockquote--button-color-official elementor-widget elementor-widget-blockquote\" data-id=\"1f22b957\" data-element_type=\"widget\" data-widget_type=\"blockquote.default\">\n\t\t\t\t<div class=\"elementor-widget-container\">\n\t\t\t\t\t\t\t<blockquote class=\"elementor-blockquote\">\n\t\t\t<p class=\"elementor-blockquote__content\">\n\t\t\t\tDiscover an unforgettable experience by entrusting us with the organization of your romantic dinner on the beach.<br>Whether it's for a special occasion such as a marriage proposal, an anniversary or simply to enjoy a romantic evening, we take care of every detail.<br><br>Treat yourself to a magical moment at the water's edge.\t\t\t<\/p>\n\t\t\t\t\t\t\t<div class=\"e-q-footer\">\n\t\t\t\t\t\t\t\t\t\t\t<cite class=\"elementor-blockquote__author\">EDEN TAHAA<\/cite>\n\t\t\t\t\t\t\t\t\t\t\t\t\t\t<\/div>\n\t\t\t\t\t<\/blockquote>\n\t\t\t\t\t\t<\/div>\n\t\t\t\t<\/div>\n\t\t\t\t<\/div>\n\t\t<div class=\"elementor-element elementor-element-3c6cfcff e-con-full e-flex e-con e-child\" data-id=\"3c6cfcff\" data-element_type=\"container\">\n\t\t\t\t<div class=\"elementor-element elementor-element-32ec38d2 elementor-widget elementor-widget-image\" data-id=\"32ec38d2\" data-element_type=\"widget\" data-widget_type=\"image.default\">\n\t\t\t\t<div class=\"elementor-widget-container\">\n\t\t\t\t\t\t\t\t\t\t\t\t\t\t\t<img loading=\"lazy\" decoding=\"async\" width=\"1024\" height=\"576\" src=\"https:\/\/eden-tahaa.com\/wp-content\/uploads\/2025\/07\/120.1-1-1024x576.jpg\" class=\"attachment-large size-large wp-image-18366\" alt=\"\" srcset=\"https:\/\/eden-tahaa.com\/wp-content\/uploads\/2025\/07\/120.1-1-1024x576.jpg 1024w, https:\/\/eden-tahaa.com\/wp-content\/uploads\/2025\/07\/120.1-1-300x169.jpg 300w, https:\/\/eden-tahaa.com\/wp-content\/uploads\/2025\/07\/120.1-1-768x432.jpg 768w, https:\/\/eden-tahaa.com\/wp-content\/uploads\/2025\/07\/120.1-1-1536x863.jpg 1536w, https:\/\/eden-tahaa.com\/wp-content\/uploads\/2025\/07\/120.1-1-2048x1151.jpg 2048w, https:\/\/eden-tahaa.com\/wp-content\/uploads\/2025\/07\/120.1-1-890x500.jpg 890w\" sizes=\"(max-width: 1024px) 100vw, 1024px\" \/>\t\t\t\t\t\t\t\t\t\t\t\t\t\t\t<\/div>\n\t\t\t\t<\/div>\n\t\t\t\t<div class=\"elementor-element elementor-element-478e2468 elementor-widget elementor-widget-image\" data-id=\"478e2468\" data-element_type=\"widget\" data-widget_type=\"image.default\">\n\t\t\t\t<div class=\"elementor-widget-container\">\n\t\t\t\t\t\t\t\t\t\t\t\t\t\t\t<img loading=\"lazy\" decoding=\"async\" width=\"1024\" height=\"1024\" src=\"https:\/\/eden-tahaa.com\/wp-content\/uploads\/2025\/08\/IMG_1671-1-1024x1024.jpg\" class=\"attachment-large size-large wp-image-18732\" alt=\"\" srcset=\"https:\/\/eden-tahaa.com\/wp-content\/uploads\/2025\/08\/IMG_1671-1-1024x1024.jpg 1024w, https:\/\/eden-tahaa.com\/wp-content\/uploads\/2025\/08\/IMG_1671-1-300x300.jpg 300w, https:\/\/eden-tahaa.com\/wp-content\/uploads\/2025\/08\/IMG_1671-1-150x150.jpg 150w, https:\/\/eden-tahaa.com\/wp-content\/uploads\/2025\/08\/IMG_1671-1-768x768.jpg 768w, https:\/\/eden-tahaa.com\/wp-content\/uploads\/2025\/08\/IMG_1671-1-1536x1536.jpg 1536w, https:\/\/eden-tahaa.com\/wp-content\/uploads\/2025\/08\/IMG_1671-1-12x12.jpg 12w, https:\/\/eden-tahaa.com\/wp-content\/uploads\/2025\/08\/IMG_1671-1-570x570.jpg 570w, https:\/\/eden-tahaa.com\/wp-content\/uploads\/2025\/08\/IMG_1671-1-285x285.jpg 285w, https:\/\/eden-tahaa.com\/wp-content\/uploads\/2025\/08\/IMG_1671-1-250x250.jpg 250w, https:\/\/eden-tahaa.com\/wp-content\/uploads\/2025\/08\/IMG_1671-1-500x500.jpg 500w, https:\/\/eden-tahaa.com\/wp-content\/uploads\/2025\/08\/IMG_1671-1-360x360.jpg 360w, https:\/\/eden-tahaa.com\/wp-content\/uploads\/2025\/08\/IMG_1671-1.jpg 1946w\" sizes=\"(max-width: 1024px) 100vw, 1024px\" \/>\t\t\t\t\t\t\t\t\t\t\t\t\t\t\t<\/div>\n\t\t\t\t<\/div>\n\t\t\t\t<\/div>\n\t\t\t\t\t<\/div>\n\t\t\t\t<\/div>\n\t\t\t\t<\/div>","protected":false},"excerpt":{"rendered":"<p>DINER ROMANTIQUE SUR LA PLAGE VUE BORA-BORA AVEC OU SANS SHOW POLYN\u00c9SIEN Contact us Laissez-vous porter par la brise du soir devant l\u2019\u00eele mythique de Bora-Bora, la perle du pacifique, et profitez de ce d\u00eener romantique sous le ciel \u00e9toil\u00e9 de Taha\u2019a. D\u00ceNER ROMANTIQUE SUR LA PLAGE 50 000 xpf \/ 420\u20ac &#8211; Tarif pour [&hellip;]<\/p>","protected":false},"author":1,"featured_media":0,"parent":0,"menu_order":0,"comment_status":"closed","ping_status":"closed","template":"","meta":{"_monsterinsights_skip_tracking":false,"_monsterinsights_sitenote_active":false,"_monsterinsights_sitenote_note":"","_monsterinsights_sitenote_category":0,"_joinchat":[],"footnotes":""},"class_list":["post-18674","page","type-page","status-publish","hentry"],"aioseo_notices":[],"_links":{"self":[{"href":"https:\/\/eden-tahaa.com\/en\/wp-json\/wp\/v2\/pages\/18674","targetHints":{"allow":["GET"]}}],"collection":[{"href":"https:\/\/eden-tahaa.com\/en\/wp-json\/wp\/v2\/pages"}],"about":[{"href":"https:\/\/eden-tahaa.com\/en\/wp-json\/wp\/v2\/types\/page"}],"author":[{"embeddable":true,"href":"https:\/\/eden-tahaa.com\/en\/wp-json\/wp\/v2\/users\/1"}],"replies":[{"embeddable":true,"href":"https:\/\/eden-tahaa.com\/en\/wp-json\/wp\/v2\/comments?post=18674"}],"version-history":[{"count":16,"href":"https:\/\/eden-tahaa.com\/en\/wp-json\/wp\/v2\/pages\/18674\/revisions"}],"predecessor-version":[{"id":19003,"href":"https:\/\/eden-tahaa.com\/en\/wp-json\/wp\/v2\/pages\/18674\/revisions\/19003"}],"wp:attachment":[{"href":"https:\/\/eden-tahaa.com\/en\/wp-json\/wp\/v2\/media?parent=18674"}],"curies":[{"name":"wp","href":"https:\/\/api.w.org\/{rel}","templated":true}]}}