{"id":18571,"date":"2025-07-31T21:00:08","date_gmt":"2025-07-31T21:00:08","guid":{"rendered":"https:\/\/eden-tahaa.com\/?page_id=18571"},"modified":"2025-08-09T01:26:20","modified_gmt":"2025-08-09T01:26:20","slug":"mariage","status":"publish","type":"page","link":"https:\/\/eden-tahaa.com\/en\/mariage\/","title":{"rendered":"Traditional Wedding"},"content":{"rendered":"<div data-elementor-type=\"wp-page\" data-elementor-id=\"18571\" class=\"elementor elementor-18571\" data-elementor-post-type=\"page\">\n\t\t\t\t<div class=\"elementor-element elementor-element-50143a0c e-flex e-con-boxed e-con e-parent\" data-id=\"50143a0c\" data-element_type=\"container\">\n\t\t\t\t\t<div class=\"e-con-inner\">\n\t\t\t\t<div class=\"elementor-element elementor-element-793ac203 elementor-widget elementor-widget-heading\" data-id=\"793ac203\" data-element_type=\"widget\" data-widget_type=\"heading.default\">\n\t\t\t\t<div class=\"elementor-widget-container\">\n\t\t\t\t\t<h1 class=\"elementor-heading-title elementor-size-default\">TRADITIONAL WEDDING<\/h1>\t\t\t\t<\/div>\n\t\t\t\t<\/div>\n\t\t\t\t<div class=\"elementor-element elementor-element-6e8ef7dd elementor-widget elementor-widget-text-editor\" data-id=\"6e8ef7dd\" data-element_type=\"widget\" data-widget_type=\"text-editor.default\">\n\t\t\t\t<div class=\"elementor-widget-container\">\n\t\t\t\t\t\t\t\t\t<p><em>Let us organize the most beautiful day of your life.<\/em><\/p>\t\t\t\t\t\t\t\t<\/div>\n\t\t\t\t<\/div>\n\t\t\t\t\t<\/div>\n\t\t\t\t<\/div>\n\t\t<div class=\"elementor-element elementor-element-f12cb1a e-flex e-con-boxed e-con e-parent\" data-id=\"f12cb1a\" data-element_type=\"container\">\n\t\t\t\t\t<div class=\"e-con-inner\">\n\t\t\t\t<div class=\"elementor-element elementor-element-ee41197 elementor-widget elementor-widget-image\" data-id=\"ee41197\" data-element_type=\"widget\" data-widget_type=\"image.default\">\n\t\t\t\t<div class=\"elementor-widget-container\">\n\t\t\t\t\t\t\t\t\t\t\t\t\t\t\t<img fetchpriority=\"high\" decoding=\"async\" width=\"1024\" height=\"683\" src=\"https:\/\/eden-tahaa.com\/wp-content\/uploads\/2025\/07\/101-2-1024x683.jpg\" class=\"attachment-large size-large wp-image-18657\" alt=\"\" srcset=\"https:\/\/eden-tahaa.com\/wp-content\/uploads\/2025\/07\/101-2-1024x683.jpg 1024w, https:\/\/eden-tahaa.com\/wp-content\/uploads\/2025\/07\/101-2-300x200.jpg 300w, https:\/\/eden-tahaa.com\/wp-content\/uploads\/2025\/07\/101-2-768x512.jpg 768w, https:\/\/eden-tahaa.com\/wp-content\/uploads\/2025\/07\/101-2-1536x1024.jpg 1536w, https:\/\/eden-tahaa.com\/wp-content\/uploads\/2025\/07\/101-2-2048x1365.jpg 2048w, https:\/\/eden-tahaa.com\/wp-content\/uploads\/2025\/07\/101-2-18x12.jpg 18w, https:\/\/eden-tahaa.com\/wp-content\/uploads\/2025\/07\/101-2-450x300.jpg 450w, https:\/\/eden-tahaa.com\/wp-content\/uploads\/2025\/07\/101-2-1140x760.jpg 1140w, https:\/\/eden-tahaa.com\/wp-content\/uploads\/2025\/07\/101-2-120x80.jpg 120w, https:\/\/eden-tahaa.com\/wp-content\/uploads\/2025\/07\/101-2-750x500.jpg 750w\" sizes=\"(max-width: 1024px) 100vw, 1024px\" \/>\t\t\t\t\t\t\t\t\t\t\t\t\t\t\t<\/div>\n\t\t\t\t<\/div>\n\t\t\t\t\t<\/div>\n\t\t\t\t<\/div>\n\t\t<div class=\"elementor-element elementor-element-214065b e-flex e-con-boxed e-con e-parent\" data-id=\"214065b\" data-element_type=\"container\">\n\t\t\t\t\t<div class=\"e-con-inner\">\n\t\t\t\t<div class=\"elementor-element elementor-element-59bb06a elementor-widget elementor-widget-text-editor\" data-id=\"59bb06a\" data-element_type=\"widget\" data-widget_type=\"text-editor.default\">\n\t\t\t\t<div class=\"elementor-widget-container\">\n\t\t\t\t\t\t\t\t\t<p style=\"text-align: center;\">Marriage proposal, traditional wedding ceremony or renewal of vows.<\/p><p style=\"text-align: center;\">In an idyllic setting, surrounded by turquoise waters, coconut palms and breathtaking views of Bora-Bora.<\/p><p style=\"text-align: center;\">It's the perfect opportunity to celebrate your love in style during your stay at EDEN TAHAA.<\/p><p style=\"text-align: center;\">Exoticism, ritual and idyllic surroundings combine to ensure your<\/p><p style=\"text-align: center;\">This Polynesian wedding ceremony is all about happiness, festivity and conviviality.<\/p><h3 style=\"text-align: center;\"><strong><u>POLYNESIAN WEDDING <\/u><\/strong><\/h3><p style=\"text-align: center;\"><strong><span style=\"text-decoration: underline;\">150,000 xpf \/ \u20ac1257<\/span><\/strong><\/p><p style=\"text-align: center;\">The ceremony is led by\u00a0<strong>a Tahua, a Tahitian priest<\/strong><\/p><p style=\"text-align: center;\">-\u00bd Bottle of champagne<\/p><p style=\"text-align: center;\">-Floral decorations<\/p><p style=\"text-align: center;\">-Wreaths or necklaces<\/p><p style=\"text-align: center;\">-Wedding pareo<\/p><p style=\"text-align: center;\">-Musicians Dancer<\/p><p style=\"text-align: center;\">-Fire dance show<\/p><p style=\"text-align: center;\">There's just one thing left to do: enjoy and love each other!<\/p>\t\t\t\t\t\t\t\t<\/div>\n\t\t\t\t<\/div>\n\t\t\t\t\t<\/div>\n\t\t\t\t<\/div>\n\t\t<div class=\"elementor-element elementor-element-53a31b8 e-flex e-con-boxed e-con e-parent\" data-id=\"53a31b8\" data-element_type=\"container\" data-settings=\"{&quot;background_background&quot;:&quot;classic&quot;}\">\n\t\t\t\t\t<div class=\"e-con-inner\">\n\t\t\t\t<div class=\"elementor-element elementor-element-673d6c68 elementor-align-center elementor-mobile-align-center elementor-widget elementor-widget-button\" data-id=\"673d6c68\" data-element_type=\"widget\" data-widget_type=\"button.default\">\n\t\t\t\t<div class=\"elementor-widget-container\">\n\t\t\t\t\t\t\t\t\t<div class=\"elementor-button-wrapper\">\n\t\t\t\t\t<a class=\"elementor-button elementor-button-link elementor-size-sm\" href=\"https:\/\/eden-tahaa.com\/en\/contact\/\">\n\t\t\t\t\t\t<span class=\"elementor-button-content-wrapper\">\n\t\t\t\t\t\t\t\t\t<span class=\"elementor-button-text\">Contact us<\/span>\n\t\t\t\t\t<\/span>\n\t\t\t\t\t<\/a>\n\t\t\t\t<\/div>\n\t\t\t\t\t\t\t\t<\/div>\n\t\t\t\t<\/div>\n\t\t\t\t\t<\/div>\n\t\t\t\t<\/div>\n\t\t<div class=\"elementor-element elementor-element-6fb71eff e-con-full e-flex e-con e-parent\" data-id=\"6fb71eff\" data-element_type=\"container\" data-settings=\"{&quot;background_background&quot;:&quot;classic&quot;}\">\n\t\t\t\t<div class=\"elementor-element elementor-element-3a093f07 elementor-widget elementor-widget-image\" data-id=\"3a093f07\" data-element_type=\"widget\" data-widget_type=\"image.default\">\n\t\t\t\t<div class=\"elementor-widget-container\">\n\t\t\t\t\t\t\t\t\t\t\t\t\t\t\t<img decoding=\"async\" width=\"1024\" height=\"683\" src=\"https:\/\/eden-tahaa.com\/wp-content\/uploads\/2025\/07\/96.1-2-1024x683.jpg\" class=\"attachment-large size-large wp-image-18655\" alt=\"\" srcset=\"https:\/\/eden-tahaa.com\/wp-content\/uploads\/2025\/07\/96.1-2-1024x683.jpg 1024w, https:\/\/eden-tahaa.com\/wp-content\/uploads\/2025\/07\/96.1-2-300x200.jpg 300w, https:\/\/eden-tahaa.com\/wp-content\/uploads\/2025\/07\/96.1-2-768x512.jpg 768w, https:\/\/eden-tahaa.com\/wp-content\/uploads\/2025\/07\/96.1-2-1536x1024.jpg 1536w, https:\/\/eden-tahaa.com\/wp-content\/uploads\/2025\/07\/96.1-2-2048x1365.jpg 2048w, https:\/\/eden-tahaa.com\/wp-content\/uploads\/2025\/07\/96.1-2-18x12.jpg 18w, https:\/\/eden-tahaa.com\/wp-content\/uploads\/2025\/07\/96.1-2-450x300.jpg 450w, https:\/\/eden-tahaa.com\/wp-content\/uploads\/2025\/07\/96.1-2-1140x760.jpg 1140w, https:\/\/eden-tahaa.com\/wp-content\/uploads\/2025\/07\/96.1-2-120x80.jpg 120w, https:\/\/eden-tahaa.com\/wp-content\/uploads\/2025\/07\/96.1-2-750x500.jpg 750w\" sizes=\"(max-width: 1024px) 100vw, 1024px\" \/>\t\t\t\t\t\t\t\t\t\t\t\t\t\t\t<\/div>\n\t\t\t\t<\/div>\n\t\t\t\t<\/div>\n\t\t<div class=\"elementor-element elementor-element-17c53930 e-flex e-con-boxed e-con e-parent\" data-id=\"17c53930\" data-element_type=\"container\">\n\t\t\t\t\t<div class=\"e-con-inner\">\n\t\t<div class=\"elementor-element elementor-element-2a56cd82 e-con-full e-flex e-con e-child\" data-id=\"2a56cd82\" data-element_type=\"container\">\n\t\t\t\t<div class=\"elementor-element elementor-element-3f75a8d elementor-widget elementor-widget-text-editor\" data-id=\"3f75a8d\" data-element_type=\"widget\" data-widget_type=\"text-editor.default\">\n\t\t\t\t<div class=\"elementor-widget-container\">\n\t\t\t\t\t\t\t\t\t<p style=\"text-align: center;\"><em>\"There is nothing more precious in this world than the feeling <\/em><em>to exist for someone.\"\u00a0<\/em><\/p><p style=\"text-align: center;\"><strong>Victor Hugo<\/strong><\/p><p style=\"text-align: center;\"><strong>\u00a0<\/strong><\/p><p style=\"text-align: center;\"><strong>\u00a0<\/strong><\/p>\t\t\t\t\t\t\t\t<\/div>\n\t\t\t\t<\/div>\n\t\t\t\t<div class=\"elementor-element elementor-element-6667a12 elementor-widget elementor-widget-image\" data-id=\"6667a12\" data-element_type=\"widget\" data-widget_type=\"image.default\">\n\t\t\t\t<div class=\"elementor-widget-container\">\n\t\t\t\t\t\t\t\t\t\t\t\t\t\t\t<img decoding=\"async\" width=\"1024\" height=\"717\" src=\"https:\/\/eden-tahaa.com\/wp-content\/uploads\/2025\/07\/103-2-1024x717.jpg\" class=\"attachment-large size-large wp-image-18547\" alt=\"\" srcset=\"https:\/\/eden-tahaa.com\/wp-content\/uploads\/2025\/07\/103-2-1024x717.jpg 1024w, https:\/\/eden-tahaa.com\/wp-content\/uploads\/2025\/07\/103-2-300x210.jpg 300w, https:\/\/eden-tahaa.com\/wp-content\/uploads\/2025\/07\/103-2-768x538.jpg 768w, https:\/\/eden-tahaa.com\/wp-content\/uploads\/2025\/07\/103-2-1536x1076.jpg 1536w, https:\/\/eden-tahaa.com\/wp-content\/uploads\/2025\/07\/103-2-2048x1434.jpg 2048w, https:\/\/eden-tahaa.com\/wp-content\/uploads\/2025\/07\/103-2-18x12.jpg 18w, https:\/\/eden-tahaa.com\/wp-content\/uploads\/2025\/07\/103-2-714x500.jpg 714w\" sizes=\"(max-width: 1024px) 100vw, 1024px\" \/>\t\t\t\t\t\t\t\t\t\t\t\t\t\t\t<\/div>\n\t\t\t\t<\/div>\n\t\t\t\t<div class=\"elementor-element elementor-element-7e8326f8 elementor-widget elementor-widget-image\" data-id=\"7e8326f8\" data-element_type=\"widget\" data-widget_type=\"image.default\">\n\t\t\t\t<div class=\"elementor-widget-container\">\n\t\t\t\t\t\t\t\t\t\t\t\t\t\t\t<img loading=\"lazy\" decoding=\"async\" width=\"2560\" height=\"1707\" src=\"https:\/\/eden-tahaa.com\/wp-content\/uploads\/2025\/07\/102-2-scaled.jpg\" class=\"attachment-full size-full wp-image-18658\" alt=\"\" srcset=\"https:\/\/eden-tahaa.com\/wp-content\/uploads\/2025\/07\/102-2-scaled.jpg 2560w, https:\/\/eden-tahaa.com\/wp-content\/uploads\/2025\/07\/102-2-300x200.jpg 300w, https:\/\/eden-tahaa.com\/wp-content\/uploads\/2025\/07\/102-2-1024x683.jpg 1024w, https:\/\/eden-tahaa.com\/wp-content\/uploads\/2025\/07\/102-2-768x512.jpg 768w, https:\/\/eden-tahaa.com\/wp-content\/uploads\/2025\/07\/102-2-1536x1024.jpg 1536w, https:\/\/eden-tahaa.com\/wp-content\/uploads\/2025\/07\/102-2-2048x1366.jpg 2048w, https:\/\/eden-tahaa.com\/wp-content\/uploads\/2025\/07\/102-2-18x12.jpg 18w, https:\/\/eden-tahaa.com\/wp-content\/uploads\/2025\/07\/102-2-450x300.jpg 450w, https:\/\/eden-tahaa.com\/wp-content\/uploads\/2025\/07\/102-2-1140x760.jpg 1140w, https:\/\/eden-tahaa.com\/wp-content\/uploads\/2025\/07\/102-2-120x80.jpg 120w, https:\/\/eden-tahaa.com\/wp-content\/uploads\/2025\/07\/102-2-750x500.jpg 750w\" sizes=\"(max-width: 2560px) 100vw, 2560px\" \/>\t\t\t\t\t\t\t\t\t\t\t\t\t\t\t<\/div>\n\t\t\t\t<\/div>\n\t\t\t\t<\/div>\n\t\t\t\t\t<\/div>\n\t\t\t\t<\/div>\n\t\t<div class=\"elementor-element elementor-element-21c3f434 e-flex e-con-boxed e-con e-parent\" data-id=\"21c3f434\" data-element_type=\"container\">\n\t\t\t\t\t<div class=\"e-con-inner\">\n\t\t<div class=\"elementor-element elementor-element-4318a3a3 e-con-full e-flex e-con e-child\" data-id=\"4318a3a3\" data-element_type=\"container\">\n\t\t\t\t<div class=\"elementor-element elementor-element-1307e84e elementor-view-default elementor-widget elementor-widget-icon\" data-id=\"1307e84e\" data-element_type=\"widget\" data-widget_type=\"icon.default\">\n\t\t\t\t<div class=\"elementor-widget-container\">\n\t\t\t\t\t\t\t<div class=\"elementor-icon-wrapper\">\n\t\t\t<div class=\"elementor-icon\">\n\t\t\t<svg xmlns=\"http:\/\/www.w3.org\/2000\/svg\" id=\"a\" width=\"82\" height=\"67\" viewbox=\"0 0 82 67\"><path d=\"M20.3643,32.1382c0-5.8103,1.0861-10.0772,3.2583-12.8008,2.3532-2.9052,5.883-4.3577,10.5894-4.3577V0C22.989,0,14.4812,3.3591,8.6887,10.0772,2.8962,16.6138,0,25.6924,0,37.313c0,9.4417,1.5386,19.3374,4.6159,29.687h31.4967v-29.9594h-15.7483v-4.9024Z\"><\/path><path d=\"M66.2517,37.0406v-4.9024c0-5.8103,1.0861-10.0772,3.2583-12.8008,2.3532-2.9052,5.883-4.3577,10.5894-4.3577V0c-11.2229,0-19.7307,3.3591-25.5231,10.0772-5.7925,6.5366-8.6889,15.6152-8.6889,27.2358,0,9.4417,1.5387,19.3374,4.6159,29.687h31.4967v-29.9594h-15.7483Z\"><\/path><\/svg>\t\t\t<\/div>\n\t\t<\/div>\n\t\t\t\t\t\t<\/div>\n\t\t\t\t<\/div>\n\t\t\t\t<div class=\"elementor-element elementor-element-168c32b elementor-blockquote--skin-clean elementor-widget__width-inherit elementor-blockquote--button-color-official elementor-widget elementor-widget-blockquote\" data-id=\"168c32b\" data-element_type=\"widget\" data-widget_type=\"blockquote.default\">\n\t\t\t\t<div class=\"elementor-widget-container\">\n\t\t\t\t\t\t\t<blockquote class=\"elementor-blockquote\">\n\t\t\t<p class=\"elementor-blockquote__content\">\n\t\t\t\tLet us organize the most beautiful day of your life in French Polynesia: a traditional wedding where every detail is carefully thought out to create unforgettable memories.\t\t\t<\/p>\n\t\t\t\t\t\t\t<div class=\"e-q-footer\">\n\t\t\t\t\t\t\t\t\t\t\t<cite class=\"elementor-blockquote__author\">EDEN TAHAA <\/cite>\n\t\t\t\t\t\t\t\t\t\t\t\t\t\t<\/div>\n\t\t\t\t\t<\/blockquote>\n\t\t\t\t\t\t<\/div>\n\t\t\t\t<\/div>\n\t\t\t\t<\/div>\n\t\t<div class=\"elementor-element elementor-element-7be4e631 e-con-full e-flex e-con e-child\" data-id=\"7be4e631\" data-element_type=\"container\">\n\t\t\t\t<div class=\"elementor-element elementor-element-69af8871 elementor-widget elementor-widget-image\" data-id=\"69af8871\" data-element_type=\"widget\" data-widget_type=\"image.default\">\n\t\t\t\t<div class=\"elementor-widget-container\">\n\t\t\t\t\t\t\t\t\t\t\t\t\t\t\t<img loading=\"lazy\" decoding=\"async\" width=\"1024\" height=\"683\" src=\"https:\/\/eden-tahaa.com\/wp-content\/uploads\/2025\/07\/104-2-1024x683.jpg\" class=\"attachment-large size-large wp-image-18659\" alt=\"\" srcset=\"https:\/\/eden-tahaa.com\/wp-content\/uploads\/2025\/07\/104-2-1024x683.jpg 1024w, https:\/\/eden-tahaa.com\/wp-content\/uploads\/2025\/07\/104-2-300x200.jpg 300w, https:\/\/eden-tahaa.com\/wp-content\/uploads\/2025\/07\/104-2-768x512.jpg 768w, https:\/\/eden-tahaa.com\/wp-content\/uploads\/2025\/07\/104-2-1536x1024.jpg 1536w, https:\/\/eden-tahaa.com\/wp-content\/uploads\/2025\/07\/104-2-2048x1365.jpg 2048w, https:\/\/eden-tahaa.com\/wp-content\/uploads\/2025\/07\/104-2-18x12.jpg 18w, https:\/\/eden-tahaa.com\/wp-content\/uploads\/2025\/07\/104-2-450x300.jpg 450w, https:\/\/eden-tahaa.com\/wp-content\/uploads\/2025\/07\/104-2-1140x760.jpg 1140w, https:\/\/eden-tahaa.com\/wp-content\/uploads\/2025\/07\/104-2-120x80.jpg 120w, https:\/\/eden-tahaa.com\/wp-content\/uploads\/2025\/07\/104-2-750x500.jpg 750w\" sizes=\"(max-width: 1024px) 100vw, 1024px\" \/>\t\t\t\t\t\t\t\t\t\t\t\t\t\t\t<\/div>\n\t\t\t\t<\/div>\n\t\t\t\t<\/div>\n\t\t\t\t\t<\/div>\n\t\t\t\t<\/div>\n\t\t<div class=\"elementor-element elementor-element-40b1128 e-flex e-con-boxed e-con e-parent\" data-id=\"40b1128\" data-element_type=\"container\">\n\t\t\t\t\t<div class=\"e-con-inner\">\n\t\t<div class=\"elementor-element elementor-element-3a93fba3 e-con-full e-flex e-con e-child\" data-id=\"3a93fba3\" data-element_type=\"container\">\n\t\t\t\t<div class=\"elementor-element elementor-element-4b98efb2 elementor-widget elementor-widget-image\" data-id=\"4b98efb2\" data-element_type=\"widget\" data-widget_type=\"image.default\">\n\t\t\t\t<div class=\"elementor-widget-container\">\n\t\t\t\t\t\t\t\t\t\t\t\t\t\t\t<img loading=\"lazy\" decoding=\"async\" width=\"1024\" height=\"683\" src=\"https:\/\/eden-tahaa.com\/wp-content\/uploads\/2025\/07\/95.0-2-1024x683.jpg\" class=\"attachment-large size-large wp-image-18656\" alt=\"\" srcset=\"https:\/\/eden-tahaa.com\/wp-content\/uploads\/2025\/07\/95.0-2-1024x683.jpg 1024w, https:\/\/eden-tahaa.com\/wp-content\/uploads\/2025\/07\/95.0-2-300x200.jpg 300w, https:\/\/eden-tahaa.com\/wp-content\/uploads\/2025\/07\/95.0-2-768x512.jpg 768w, https:\/\/eden-tahaa.com\/wp-content\/uploads\/2025\/07\/95.0-2-1536x1024.jpg 1536w, https:\/\/eden-tahaa.com\/wp-content\/uploads\/2025\/07\/95.0-2-2048x1365.jpg 2048w, https:\/\/eden-tahaa.com\/wp-content\/uploads\/2025\/07\/95.0-2-18x12.jpg 18w, https:\/\/eden-tahaa.com\/wp-content\/uploads\/2025\/07\/95.0-2-450x300.jpg 450w, https:\/\/eden-tahaa.com\/wp-content\/uploads\/2025\/07\/95.0-2-1140x760.jpg 1140w, https:\/\/eden-tahaa.com\/wp-content\/uploads\/2025\/07\/95.0-2-120x80.jpg 120w, https:\/\/eden-tahaa.com\/wp-content\/uploads\/2025\/07\/95.0-2-750x500.jpg 750w\" sizes=\"(max-width: 1024px) 100vw, 1024px\" \/>\t\t\t\t\t\t\t\t\t\t\t\t\t\t\t<\/div>\n\t\t\t\t<\/div>\n\t\t\t\t<div class=\"elementor-element elementor-element-0bc154f elementor-widget-mobile__width-auto elementor-widget elementor-widget-image\" data-id=\"0bc154f\" data-element_type=\"widget\" data-widget_type=\"image.default\">\n\t\t\t\t<div class=\"elementor-widget-container\">\n\t\t\t\t\t\t\t\t\t\t\t\t\t\t\t<img loading=\"lazy\" decoding=\"async\" width=\"1024\" height=\"768\" src=\"https:\/\/eden-tahaa.com\/wp-content\/uploads\/2025\/07\/97.1-2-1024x768.jpg\" class=\"attachment-large size-large wp-image-18654\" alt=\"\" srcset=\"https:\/\/eden-tahaa.com\/wp-content\/uploads\/2025\/07\/97.1-2-1024x768.jpg 1024w, https:\/\/eden-tahaa.com\/wp-content\/uploads\/2025\/07\/97.1-2-300x225.jpg 300w, https:\/\/eden-tahaa.com\/wp-content\/uploads\/2025\/07\/97.1-2-768x576.jpg 768w, https:\/\/eden-tahaa.com\/wp-content\/uploads\/2025\/07\/97.1-2-1536x1152.jpg 1536w, https:\/\/eden-tahaa.com\/wp-content\/uploads\/2025\/07\/97.1-2-2048x1536.jpg 2048w, https:\/\/eden-tahaa.com\/wp-content\/uploads\/2025\/07\/97.1-2-16x12.jpg 16w, https:\/\/eden-tahaa.com\/wp-content\/uploads\/2025\/07\/97.1-2-667x500.jpg 667w\" sizes=\"(max-width: 1024px) 100vw, 1024px\" \/>\t\t\t\t\t\t\t\t\t\t\t\t\t\t\t<\/div>\n\t\t\t\t<\/div>\n\t\t\t\t<\/div>\n\t\t<div class=\"elementor-element elementor-element-1edd6a11 e-con-full e-flex e-con e-child\" data-id=\"1edd6a11\" data-element_type=\"container\">\n\t\t\t\t<div class=\"elementor-element elementor-element-981df96 elementor-widget elementor-widget-image\" data-id=\"981df96\" data-element_type=\"widget\" data-widget_type=\"image.default\">\n\t\t\t\t<div class=\"elementor-widget-container\">\n\t\t\t\t\t\t\t\t\t\t\t\t\t\t\t<img loading=\"lazy\" decoding=\"async\" width=\"683\" height=\"1024\" src=\"https:\/\/eden-tahaa.com\/wp-content\/uploads\/2025\/07\/96-1-683x1024.jpg\" class=\"attachment-large size-large wp-image-18336\" alt=\"\" srcset=\"https:\/\/eden-tahaa.com\/wp-content\/uploads\/2025\/07\/96-1-683x1024.jpg 683w, https:\/\/eden-tahaa.com\/wp-content\/uploads\/2025\/07\/96-1-200x300.jpg 200w, https:\/\/eden-tahaa.com\/wp-content\/uploads\/2025\/07\/96-1-768x1151.jpg 768w, https:\/\/eden-tahaa.com\/wp-content\/uploads\/2025\/07\/96-1-1024x1536.jpg 1024w, https:\/\/eden-tahaa.com\/wp-content\/uploads\/2025\/07\/96-1-1366x2048.jpg 1366w, https:\/\/eden-tahaa.com\/wp-content\/uploads\/2025\/07\/96-1-333x500.jpg 333w, https:\/\/eden-tahaa.com\/wp-content\/uploads\/2025\/07\/96-1-scaled.jpg 1707w\" sizes=\"(max-width: 683px) 100vw, 683px\" \/>\t\t\t\t\t\t\t\t\t\t\t\t\t\t\t<\/div>\n\t\t\t\t<\/div>\n\t\t\t\t<\/div>\n\t\t\t\t\t<\/div>\n\t\t\t\t<\/div>\n\t\t<div class=\"elementor-element elementor-element-98c64a2 e-flex e-con-boxed e-con e-parent\" data-id=\"98c64a2\" data-element_type=\"container\">\n\t\t\t\t\t<div class=\"e-con-inner\">\n\t\t\t\t\t<\/div>\n\t\t\t\t<\/div>\n\t\t\t\t<\/div>","protected":false},"excerpt":{"rendered":"<p>MARIAGE TRADITIONNEL Laissez-nous organiser le plus beau jour de votre vie. Demande en mariage, c\u00e9r\u00e9monie de mariage traditionnelle ou de renouvellement de v\u0153ux. Dans un cadre idyllique, entour\u00e9 d\u2019eaux turquoise, de cocotiers et de\u00a0 la vue imprenable sur Bora-Bora. C\u2019est l\u2019occasion id\u00e9ale de c\u00e9l\u00e9brer en beaut\u00e9, son amour lors de votre\u00a0 s\u00e9jour \u00e0 l\u2019EDEN TAHAA. [&hellip;]<\/p>","protected":false},"author":1,"featured_media":0,"parent":0,"menu_order":0,"comment_status":"closed","ping_status":"closed","template":"","meta":{"_monsterinsights_skip_tracking":false,"_monsterinsights_sitenote_active":false,"_monsterinsights_sitenote_note":"","_monsterinsights_sitenote_category":0,"_joinchat":[],"footnotes":""},"class_list":["post-18571","page","type-page","status-publish","hentry"],"aioseo_notices":[],"_links":{"self":[{"href":"https:\/\/eden-tahaa.com\/en\/wp-json\/wp\/v2\/pages\/18571","targetHints":{"allow":["GET"]}}],"collection":[{"href":"https:\/\/eden-tahaa.com\/en\/wp-json\/wp\/v2\/pages"}],"about":[{"href":"https:\/\/eden-tahaa.com\/en\/wp-json\/wp\/v2\/types\/page"}],"author":[{"embeddable":true,"href":"https:\/\/eden-tahaa.com\/en\/wp-json\/wp\/v2\/users\/1"}],"replies":[{"embeddable":true,"href":"https:\/\/eden-tahaa.com\/en\/wp-json\/wp\/v2\/comments?post=18571"}],"version-history":[{"count":38,"href":"https:\/\/eden-tahaa.com\/en\/wp-json\/wp\/v2\/pages\/18571\/revisions"}],"predecessor-version":[{"id":19051,"href":"https:\/\/eden-tahaa.com\/en\/wp-json\/wp\/v2\/pages\/18571\/revisions\/19051"}],"wp:attachment":[{"href":"https:\/\/eden-tahaa.com\/en\/wp-json\/wp\/v2\/media?parent=18571"}],"curies":[{"name":"wp","href":"https:\/\/api.w.org\/{rel}","templated":true}]}}