{"id":18279,"date":"2025-07-27T02:50:15","date_gmt":"2025-07-27T02:50:15","guid":{"rendered":"https:\/\/eden-tahaa.com\/?page_id=18279"},"modified":"2025-08-28T19:12:38","modified_gmt":"2025-08-28T19:12:38","slug":"activites","status":"publish","type":"page","link":"https:\/\/eden-tahaa.com\/en\/activites\/","title":{"rendered":"Activities"},"content":{"rendered":"<div data-elementor-type=\"wp-page\" data-elementor-id=\"18279\" class=\"elementor elementor-18279\" data-elementor-post-type=\"page\">\n\t\t\t\t<div class=\"elementor-element elementor-element-d83cfeb e-flex e-con-boxed e-con e-parent\" data-id=\"d83cfeb\" data-element_type=\"container\">\n\t\t\t\t\t<div class=\"e-con-inner\">\n\t\t\t\t<div class=\"elementor-element elementor-element-6199235 elementor-widget elementor-widget-google_maps\" data-id=\"6199235\" data-element_type=\"widget\" data-widget_type=\"google_maps.default\">\n\t\t\t\t<div class=\"elementor-widget-container\">\n\t\t\t\t\t\t\t<div class=\"elementor-custom-embed\">\n\t\t\t<iframe loading=\"lazy\"\n\t\t\t\t\tsrc=\"https:\/\/maps.google.com\/maps?q=tahaa%20raiatea&#038;t=m&#038;z=10&#038;output=embed&#038;iwloc=near\"\n\t\t\t\t\ttitle=\"tahaa raiatea\"\n\t\t\t\t\taria-label=\"tahaa raiatea\"\n\t\t\t><\/iframe>\n\t\t<\/div>\n\t\t\t\t\t\t<\/div>\n\t\t\t\t<\/div>\n\t\t\t\t\t<\/div>\n\t\t\t\t<\/div>\n\t\t<div class=\"elementor-element elementor-element-4f09561 e-flex e-con-boxed e-con e-parent\" data-id=\"4f09561\" data-element_type=\"container\">\n\t\t\t\t\t<div class=\"e-con-inner\">\n\t\t\t\t<div class=\"elementor-element elementor-element-a2be101 elementor-widget elementor-widget-heading\" data-id=\"a2be101\" data-element_type=\"widget\" data-widget_type=\"heading.default\">\n\t\t\t\t<div class=\"elementor-widget-container\">\n\t\t\t\t\t<h2 class=\"elementor-heading-title elementor-size-default\">EDEN TAHAA ACTIVITIES<\/h2>\t\t\t\t<\/div>\n\t\t\t\t<\/div>\n\t\t\t\t<div class=\"elementor-element elementor-element-75408a1 elementor-widget elementor-widget-image\" data-id=\"75408a1\" data-element_type=\"widget\" data-widget_type=\"image.default\">\n\t\t\t\t<div class=\"elementor-widget-container\">\n\t\t\t\t\t\t\t\t\t\t\t\t\t\t\t<img fetchpriority=\"high\" decoding=\"async\" width=\"1024\" height=\"718\" src=\"https:\/\/eden-tahaa.com\/wp-content\/uploads\/2025\/08\/CARTE-TAHAA-1024x718.jpg\" class=\"attachment-large size-large wp-image-18768\" alt=\"\" srcset=\"https:\/\/eden-tahaa.com\/wp-content\/uploads\/2025\/08\/CARTE-TAHAA-1024x718.jpg 1024w, https:\/\/eden-tahaa.com\/wp-content\/uploads\/2025\/08\/CARTE-TAHAA-300x210.jpg 300w, https:\/\/eden-tahaa.com\/wp-content\/uploads\/2025\/08\/CARTE-TAHAA-768x539.jpg 768w, https:\/\/eden-tahaa.com\/wp-content\/uploads\/2025\/08\/CARTE-TAHAA-1536x1078.jpg 1536w, https:\/\/eden-tahaa.com\/wp-content\/uploads\/2025\/08\/CARTE-TAHAA-18x12.jpg 18w, https:\/\/eden-tahaa.com\/wp-content\/uploads\/2025\/08\/CARTE-TAHAA-713x500.jpg 713w, https:\/\/eden-tahaa.com\/wp-content\/uploads\/2025\/08\/CARTE-TAHAA.jpg 1756w\" sizes=\"(max-width: 1024px) 100vw, 1024px\" \/>\t\t\t\t\t\t\t\t\t\t\t\t\t\t\t<\/div>\n\t\t\t\t<\/div>\n\t\t\t\t<div class=\"elementor-element elementor-element-e95eec9 elementor-widget elementor-widget-image\" data-id=\"e95eec9\" data-element_type=\"widget\" data-widget_type=\"image.default\">\n\t\t\t\t<div class=\"elementor-widget-container\">\n\t\t\t\t\t\t\t\t\t\t\t\t\t\t\t<img decoding=\"async\" width=\"1024\" height=\"721\" src=\"https:\/\/eden-tahaa.com\/wp-content\/uploads\/2025\/08\/CARTE-RAIATEA-1024x721.jpg\" class=\"attachment-large size-large wp-image-18757\" alt=\"\" srcset=\"https:\/\/eden-tahaa.com\/wp-content\/uploads\/2025\/08\/CARTE-RAIATEA-1024x721.jpg 1024w, https:\/\/eden-tahaa.com\/wp-content\/uploads\/2025\/08\/CARTE-RAIATEA-300x211.jpg 300w, https:\/\/eden-tahaa.com\/wp-content\/uploads\/2025\/08\/CARTE-RAIATEA-768x541.jpg 768w, https:\/\/eden-tahaa.com\/wp-content\/uploads\/2025\/08\/CARTE-RAIATEA-1536x1081.jpg 1536w, https:\/\/eden-tahaa.com\/wp-content\/uploads\/2025\/08\/CARTE-RAIATEA-18x12.jpg 18w, https:\/\/eden-tahaa.com\/wp-content\/uploads\/2025\/08\/CARTE-RAIATEA-710x500.jpg 710w, https:\/\/eden-tahaa.com\/wp-content\/uploads\/2025\/08\/CARTE-RAIATEA.jpg 1750w\" sizes=\"(max-width: 1024px) 100vw, 1024px\" \/>\t\t\t\t\t\t\t\t\t\t\t\t\t\t\t<\/div>\n\t\t\t\t<\/div>\n\t\t\t\t\t<\/div>\n\t\t\t\t<\/div>\n\t\t<div class=\"elementor-element elementor-element-1875fb66 e-flex e-con-boxed e-con e-parent\" data-id=\"1875fb66\" data-element_type=\"container\">\n\t\t\t\t\t<div class=\"e-con-inner\">\n\t\t\t\t\t<\/div>\n\t\t\t\t<\/div>\n\t\t<div class=\"elementor-element elementor-element-7f48d163 e-flex e-con-boxed e-con e-parent\" data-id=\"7f48d163\" data-element_type=\"container\" data-settings=\"{&quot;background_background&quot;:&quot;classic&quot;}\">\n\t\t\t\t\t<div class=\"e-con-inner\">\n\t\t\t\t<div class=\"elementor-element elementor-element-435a0c68 elementor-widget elementor-widget-heading\" data-id=\"435a0c68\" data-element_type=\"widget\" data-widget_type=\"heading.default\">\n\t\t\t\t<div class=\"elementor-widget-container\">\n\t\t\t\t\t<h2 class=\"elementor-heading-title elementor-size-default\">Our activities<\/h2>\t\t\t\t<\/div>\n\t\t\t\t<\/div>\n\t\t\t\t<div class=\"elementor-element elementor-element-3b114ef2 elementor-widget elementor-widget-heading\" data-id=\"3b114ef2\" data-element_type=\"widget\" data-widget_type=\"heading.default\">\n\t\t\t\t<div class=\"elementor-widget-container\">\n\t\t\t\t\t<h5 class=\"elementor-heading-title elementor-size-default\">Click on each activity to find out more<\/h5>\t\t\t\t<\/div>\n\t\t\t\t<\/div>\n\t\t<div class=\"elementor-element elementor-element-69f12760 e-con-full e-flex e-con e-child\" data-id=\"69f12760\" data-element_type=\"container\">\n\t\t\t\t<div class=\"elementor-element elementor-element-55e2b0f7 elementor-widget-tablet__width-initial elementor-widget-mobile__width-inherit elementor-widget__width-initial elementor-position-top elementor-widget elementor-widget-image-box\" data-id=\"55e2b0f7\" data-element_type=\"widget\" data-widget_type=\"image-box.default\">\n\t\t\t\t<div class=\"elementor-widget-container\">\n\t\t\t\t\t<div class=\"elementor-image-box-wrapper\"><figure class=\"elementor-image-box-img\"><a href=\"https:\/\/eden-tahaa.com\/en\/tour-prive-de-lile-de-tahaa-en-bateau-sur-la-journee\/\" tabindex=\"-1\"><img decoding=\"async\" width=\"2560\" height=\"1707\" src=\"https:\/\/eden-tahaa.com\/wp-content\/uploads\/2025\/07\/154-scaled.jpg\" class=\"elementor-animation-grow attachment-full size-full wp-image-18541\" alt=\"\" srcset=\"https:\/\/eden-tahaa.com\/wp-content\/uploads\/2025\/07\/154-scaled.jpg 2560w, https:\/\/eden-tahaa.com\/wp-content\/uploads\/2025\/07\/154-300x200.jpg 300w, https:\/\/eden-tahaa.com\/wp-content\/uploads\/2025\/07\/154-1024x683.jpg 1024w, https:\/\/eden-tahaa.com\/wp-content\/uploads\/2025\/07\/154-768x512.jpg 768w, https:\/\/eden-tahaa.com\/wp-content\/uploads\/2025\/07\/154-1536x1024.jpg 1536w, https:\/\/eden-tahaa.com\/wp-content\/uploads\/2025\/07\/154-2048x1366.jpg 2048w, https:\/\/eden-tahaa.com\/wp-content\/uploads\/2025\/07\/154-18x12.jpg 18w, https:\/\/eden-tahaa.com\/wp-content\/uploads\/2025\/07\/154-450x300.jpg 450w, https:\/\/eden-tahaa.com\/wp-content\/uploads\/2025\/07\/154-1140x760.jpg 1140w, https:\/\/eden-tahaa.com\/wp-content\/uploads\/2025\/07\/154-120x80.jpg 120w, https:\/\/eden-tahaa.com\/wp-content\/uploads\/2025\/07\/154-750x500.jpg 750w\" sizes=\"(max-width: 2560px) 100vw, 2560px\" \/><\/a><\/figure><div class=\"elementor-image-box-content\"><h4 class=\"elementor-image-box-title\"><a href=\"https:\/\/eden-tahaa.com\/en\/tour-prive-de-lile-de-tahaa-en-bateau-sur-la-journee\/\">BOAT TOUR OF TAHAA<\/a><\/h4><p class=\"elementor-image-box-description\">Taha'a Island Tour<\/p><\/div><\/div>\t\t\t\t<\/div>\n\t\t\t\t<\/div>\n\t\t\t\t<div class=\"elementor-element elementor-element-733ad06 elementor-widget-tablet__width-initial elementor-widget-mobile__width-inherit elementor-widget__width-initial elementor-position-top elementor-widget elementor-widget-image-box\" data-id=\"733ad06\" data-element_type=\"widget\" data-widget_type=\"image-box.default\">\n\t\t\t\t<div class=\"elementor-widget-container\">\n\t\t\t\t\t<div class=\"elementor-image-box-wrapper\"><figure class=\"elementor-image-box-img\"><a href=\"https:\/\/eden-tahaa.com\/en\/tour-sunset\/\" tabindex=\"-1\"><img loading=\"lazy\" decoding=\"async\" width=\"1152\" height=\"896\" src=\"https:\/\/eden-tahaa.com\/wp-content\/uploads\/2025\/08\/solei.jpg\" class=\"elementor-animation-grow attachment-full size-full wp-image-18798\" alt=\"\" srcset=\"https:\/\/eden-tahaa.com\/wp-content\/uploads\/2025\/08\/solei.jpg 1152w, https:\/\/eden-tahaa.com\/wp-content\/uploads\/2025\/08\/solei-300x233.jpg 300w, https:\/\/eden-tahaa.com\/wp-content\/uploads\/2025\/08\/solei-1024x796.jpg 1024w, https:\/\/eden-tahaa.com\/wp-content\/uploads\/2025\/08\/solei-768x597.jpg 768w, https:\/\/eden-tahaa.com\/wp-content\/uploads\/2025\/08\/solei-15x12.jpg 15w, https:\/\/eden-tahaa.com\/wp-content\/uploads\/2025\/08\/solei-643x500.jpg 643w\" sizes=\"(max-width: 1152px) 100vw, 1152px\" \/><\/a><\/figure><div class=\"elementor-image-box-content\"><h4 class=\"elementor-image-box-title\"><a href=\"https:\/\/eden-tahaa.com\/en\/tour-sunset\/\">PRIVATE SUNSET TOUR BY BOAT<\/a><\/h4><p class=\"elementor-image-box-description\">Sunset tour overlooking Bora-Bora<\/p><\/div><\/div>\t\t\t\t<\/div>\n\t\t\t\t<\/div>\n\t\t\t\t<div class=\"elementor-element elementor-element-378007ec elementor-widget-tablet__width-initial elementor-widget-mobile__width-inherit elementor-widget__width-initial elementor-position-top elementor-widget elementor-widget-image-box\" data-id=\"378007ec\" data-element_type=\"widget\" data-widget_type=\"image-box.default\">\n\t\t\t\t<div class=\"elementor-widget-container\">\n\t\t\t\t\t<div class=\"elementor-image-box-wrapper\"><figure class=\"elementor-image-box-img\"><a href=\"https:\/\/eden-tahaa.com\/en\/diner-romantique\/\" tabindex=\"-1\"><img loading=\"lazy\" decoding=\"async\" width=\"2560\" height=\"1793\" src=\"https:\/\/eden-tahaa.com\/wp-content\/uploads\/2025\/07\/103-2-scaled.jpg\" class=\"elementor-animation-grow attachment-full size-full wp-image-18547\" alt=\"\" srcset=\"https:\/\/eden-tahaa.com\/wp-content\/uploads\/2025\/07\/103-2-scaled.jpg 2560w, https:\/\/eden-tahaa.com\/wp-content\/uploads\/2025\/07\/103-2-300x210.jpg 300w, https:\/\/eden-tahaa.com\/wp-content\/uploads\/2025\/07\/103-2-1024x717.jpg 1024w, https:\/\/eden-tahaa.com\/wp-content\/uploads\/2025\/07\/103-2-768x538.jpg 768w, https:\/\/eden-tahaa.com\/wp-content\/uploads\/2025\/07\/103-2-1536x1076.jpg 1536w, https:\/\/eden-tahaa.com\/wp-content\/uploads\/2025\/07\/103-2-2048x1434.jpg 2048w, https:\/\/eden-tahaa.com\/wp-content\/uploads\/2025\/07\/103-2-18x12.jpg 18w, https:\/\/eden-tahaa.com\/wp-content\/uploads\/2025\/07\/103-2-714x500.jpg 714w\" sizes=\"(max-width: 2560px) 100vw, 2560px\" \/><\/a><\/figure><div class=\"elementor-image-box-content\"><h4 class=\"elementor-image-box-title\"><a href=\"https:\/\/eden-tahaa.com\/en\/diner-romantique\/\">ROMANTIC DINNER ON THE BEACH<\/a><\/h4><p class=\"elementor-image-box-description\">Romantic dinner on the beach with or without Polynesian show<\/p><\/div><\/div>\t\t\t\t<\/div>\n\t\t\t\t<\/div>\n\t\t\t\t<div class=\"elementor-element elementor-element-59e1e322 elementor-widget-tablet__width-initial elementor-widget-mobile__width-inherit elementor-widget__width-initial elementor-position-top elementor-widget elementor-widget-image-box\" data-id=\"59e1e322\" data-element_type=\"widget\" data-widget_type=\"image-box.default\">\n\t\t\t\t<div class=\"elementor-widget-container\">\n\t\t\t\t\t<div class=\"elementor-image-box-wrapper\"><figure class=\"elementor-image-box-img\"><a href=\"https:\/\/eden-tahaa.com\/en\/mariage\/\" tabindex=\"-1\"><img loading=\"lazy\" decoding=\"async\" width=\"2560\" height=\"1707\" src=\"https:\/\/eden-tahaa.com\/wp-content\/uploads\/2025\/07\/101-1-scaled.jpg\" class=\"elementor-animation-grow attachment-full size-full wp-image-18341\" alt=\"\" srcset=\"https:\/\/eden-tahaa.com\/wp-content\/uploads\/2025\/07\/101-1-scaled.jpg 2560w, https:\/\/eden-tahaa.com\/wp-content\/uploads\/2025\/07\/101-1-300x200.jpg 300w, https:\/\/eden-tahaa.com\/wp-content\/uploads\/2025\/07\/101-1-1024x683.jpg 1024w, https:\/\/eden-tahaa.com\/wp-content\/uploads\/2025\/07\/101-1-768x512.jpg 768w, https:\/\/eden-tahaa.com\/wp-content\/uploads\/2025\/07\/101-1-1536x1024.jpg 1536w, https:\/\/eden-tahaa.com\/wp-content\/uploads\/2025\/07\/101-1-2048x1365.jpg 2048w, https:\/\/eden-tahaa.com\/wp-content\/uploads\/2025\/07\/101-1-450x300.jpg 450w, https:\/\/eden-tahaa.com\/wp-content\/uploads\/2025\/07\/101-1-1140x760.jpg 1140w, https:\/\/eden-tahaa.com\/wp-content\/uploads\/2025\/07\/101-1-120x80.jpg 120w, https:\/\/eden-tahaa.com\/wp-content\/uploads\/2025\/07\/101-1-750x500.jpg 750w\" sizes=\"(max-width: 2560px) 100vw, 2560px\" \/><\/a><\/figure><div class=\"elementor-image-box-content\"><h4 class=\"elementor-image-box-title\"><a href=\"https:\/\/eden-tahaa.com\/en\/mariage\/\">POLYNESIAN WEDDING<\/a><\/h4><p class=\"elementor-image-box-description\">Traditional wedding<\/p><\/div><\/div>\t\t\t\t<\/div>\n\t\t\t\t<\/div>\n\t\t\t\t<\/div>\n\t\t\t\t\t<\/div>\n\t\t\t\t<\/div>\n\t\t<div class=\"elementor-element elementor-element-645baf78 e-flex e-con-boxed e-con e-parent\" data-id=\"645baf78\" data-element_type=\"container\" data-settings=\"{&quot;background_background&quot;:&quot;classic&quot;}\">\n\t\t\t\t\t<div class=\"e-con-inner\">\n\t\t<div class=\"elementor-element elementor-element-ded6fb7 e-con-full e-flex e-con e-child\" data-id=\"ded6fb7\" data-element_type=\"container\">\n\t\t\t\t<div class=\"elementor-element elementor-element-e0370c9 elementor-widget-tablet__width-initial elementor-widget-mobile__width-inherit elementor-widget__width-initial elementor-position-top elementor-widget elementor-widget-image-box\" data-id=\"e0370c9\" data-element_type=\"widget\" data-widget_type=\"image-box.default\">\n\t\t\t\t<div class=\"elementor-widget-container\">\n\t\t\t\t\t<div class=\"elementor-image-box-wrapper\"><figure class=\"elementor-image-box-img\"><a href=\"https:\/\/eden-tahaa.com\/en\/combo-tour-a-la-1-2-journee-diner-romantique-sur-la-plage\/\" tabindex=\"-1\"><img loading=\"lazy\" decoding=\"async\" width=\"2560\" height=\"1920\" src=\"https:\/\/eden-tahaa.com\/wp-content\/uploads\/2025\/07\/116-2-scaled.jpg\" class=\"elementor-animation-grow attachment-full size-full wp-image-18545\" alt=\"\" srcset=\"https:\/\/eden-tahaa.com\/wp-content\/uploads\/2025\/07\/116-2-scaled.jpg 2560w, https:\/\/eden-tahaa.com\/wp-content\/uploads\/2025\/07\/116-2-300x225.jpg 300w, https:\/\/eden-tahaa.com\/wp-content\/uploads\/2025\/07\/116-2-1024x768.jpg 1024w, https:\/\/eden-tahaa.com\/wp-content\/uploads\/2025\/07\/116-2-768x576.jpg 768w, https:\/\/eden-tahaa.com\/wp-content\/uploads\/2025\/07\/116-2-1536x1152.jpg 1536w, https:\/\/eden-tahaa.com\/wp-content\/uploads\/2025\/07\/116-2-2048x1536.jpg 2048w, https:\/\/eden-tahaa.com\/wp-content\/uploads\/2025\/07\/116-2-16x12.jpg 16w, https:\/\/eden-tahaa.com\/wp-content\/uploads\/2025\/07\/116-2-667x500.jpg 667w\" sizes=\"(max-width: 2560px) 100vw, 2560px\" \/><\/a><\/figure><div class=\"elementor-image-box-content\"><h4 class=\"elementor-image-box-title\"><a href=\"https:\/\/eden-tahaa.com\/en\/combo-tour-a-la-1-2-journee-diner-romantique-sur-la-plage\/\">1\/2 DAY TAHAA TOUR COMBO + ROMANTIC DINNER<\/a><\/h4><p class=\"elementor-image-box-description\">Combo Tour of Tahaa + Romantic dinner<\/p><\/div><\/div>\t\t\t\t<\/div>\n\t\t\t\t<\/div>\n\t\t\t\t<div class=\"elementor-element elementor-element-58408fd0 elementor-widget-tablet__width-initial elementor-widget-mobile__width-inherit elementor-widget__width-initial elementor-position-top elementor-widget elementor-widget-image-box\" data-id=\"58408fd0\" data-element_type=\"widget\" data-widget_type=\"image-box.default\">\n\t\t\t\t<div class=\"elementor-widget-container\">\n\t\t\t\t\t<div class=\"elementor-image-box-wrapper\"><figure class=\"elementor-image-box-img\"><a href=\"https:\/\/eden-tahaa.com\/en\/combo-tour-prive-a-la-%c2%bd-journee-coucher-de-soleil-sur-bora-bora\/\" tabindex=\"-1\"><img loading=\"lazy\" decoding=\"async\" width=\"2560\" height=\"1920\" src=\"https:\/\/eden-tahaa.com\/wp-content\/uploads\/2025\/07\/125.1-min-scaled.jpg\" class=\"elementor-animation-grow attachment-full size-full wp-image-17971\" alt=\"\" srcset=\"https:\/\/eden-tahaa.com\/wp-content\/uploads\/2025\/07\/125.1-min-scaled.jpg 2560w, https:\/\/eden-tahaa.com\/wp-content\/uploads\/2025\/07\/125.1-min-300x225.jpg 300w, https:\/\/eden-tahaa.com\/wp-content\/uploads\/2025\/07\/125.1-min-1024x768.jpg 1024w, https:\/\/eden-tahaa.com\/wp-content\/uploads\/2025\/07\/125.1-min-768x576.jpg 768w, https:\/\/eden-tahaa.com\/wp-content\/uploads\/2025\/07\/125.1-min-1536x1152.jpg 1536w, https:\/\/eden-tahaa.com\/wp-content\/uploads\/2025\/07\/125.1-min-2048x1536.jpg 2048w, https:\/\/eden-tahaa.com\/wp-content\/uploads\/2025\/07\/125.1-min-667x500.jpg 667w\" sizes=\"(max-width: 2560px) 100vw, 2560px\" \/><\/a><\/figure><div class=\"elementor-image-box-content\"><h4 class=\"elementor-image-box-title\"><a href=\"https:\/\/eden-tahaa.com\/en\/combo-tour-prive-a-la-%c2%bd-journee-coucher-de-soleil-sur-bora-bora\/\">COMBO TAHAA TOUR 1\/2 DAY + SUNSET TOUR<\/a><\/h4><p class=\"elementor-image-box-description\">Combo Tahaa Tour + Sunset Tour<\/p><\/div><\/div>\t\t\t\t<\/div>\n\t\t\t\t<\/div>\n\t\t\t\t<div class=\"elementor-element elementor-element-1282667e elementor-widget-tablet__width-initial elementor-widget-mobile__width-inherit elementor-widget__width-initial elementor-position-top elementor-widget elementor-widget-image-box\" data-id=\"1282667e\" data-element_type=\"widget\" data-widget_type=\"image-box.default\">\n\t\t\t\t<div class=\"elementor-widget-container\">\n\t\t\t\t\t<div class=\"elementor-image-box-wrapper\"><figure class=\"elementor-image-box-img\"><a href=\"https:\/\/eden-tahaa.com\/en\/eden-spa\/\" tabindex=\"-1\"><img loading=\"lazy\" decoding=\"async\" width=\"1920\" height=\"1275\" src=\"https:\/\/eden-tahaa.com\/wp-content\/uploads\/2025\/07\/41.jpg\" class=\"elementor-animation-grow attachment-full size-full wp-image-18283\" alt=\"\" srcset=\"https:\/\/eden-tahaa.com\/wp-content\/uploads\/2025\/07\/41.jpg 1920w, https:\/\/eden-tahaa.com\/wp-content\/uploads\/2025\/07\/41-300x199.jpg 300w, https:\/\/eden-tahaa.com\/wp-content\/uploads\/2025\/07\/41-1024x680.jpg 1024w, https:\/\/eden-tahaa.com\/wp-content\/uploads\/2025\/07\/41-768x510.jpg 768w, https:\/\/eden-tahaa.com\/wp-content\/uploads\/2025\/07\/41-1536x1020.jpg 1536w, https:\/\/eden-tahaa.com\/wp-content\/uploads\/2025\/07\/41-450x300.jpg 450w, https:\/\/eden-tahaa.com\/wp-content\/uploads\/2025\/07\/41-120x80.jpg 120w, https:\/\/eden-tahaa.com\/wp-content\/uploads\/2025\/07\/41-753x500.jpg 753w\" sizes=\"(max-width: 1920px) 100vw, 1920px\" \/><\/a><\/figure><div class=\"elementor-image-box-content\"><h4 class=\"elementor-image-box-title\"><a href=\"https:\/\/eden-tahaa.com\/en\/eden-spa\/\">EDEN SPA<\/a><\/h4><p class=\"elementor-image-box-description\">Tiar\u00e9 Spa<\/p><\/div><\/div>\t\t\t\t<\/div>\n\t\t\t\t<\/div>\n\t\t\t\t<div class=\"elementor-element elementor-element-289c7501 elementor-widget-tablet__width-initial elementor-widget-mobile__width-inherit elementor-widget__width-initial elementor-position-top elementor-widget elementor-widget-image-box\" data-id=\"289c7501\" data-element_type=\"widget\" data-widget_type=\"image-box.default\">\n\t\t\t\t<div class=\"elementor-widget-container\">\n\t\t\t\t\t<div class=\"elementor-image-box-wrapper\"><figure class=\"elementor-image-box-img\"><a href=\"https:\/\/eden-tahaa.com\/en\/tour-prive-de-lile-de-raiatea-en-bateau\/\" tabindex=\"-1\"><img loading=\"lazy\" decoding=\"async\" width=\"472\" height=\"290\" src=\"https:\/\/eden-tahaa.com\/wp-content\/uploads\/2025\/08\/Sans-titre5.jpg\" class=\"elementor-animation-grow attachment-full size-full wp-image-18759\" alt=\"\" srcset=\"https:\/\/eden-tahaa.com\/wp-content\/uploads\/2025\/08\/Sans-titre5.jpg 472w, https:\/\/eden-tahaa.com\/wp-content\/uploads\/2025\/08\/Sans-titre5-300x184.jpg 300w, https:\/\/eden-tahaa.com\/wp-content\/uploads\/2025\/08\/Sans-titre5-18x12.jpg 18w\" sizes=\"(max-width: 472px) 100vw, 472px\" \/><\/a><\/figure><div class=\"elementor-image-box-content\"><h4 class=\"elementor-image-box-title\"><a href=\"https:\/\/eden-tahaa.com\/en\/tour-prive-de-lile-de-raiatea-en-bateau\/\">PRIVATE BOAT TOUR OF RAIATEA<\/a><\/h4><p class=\"elementor-image-box-description\">Raiatea island tour<\/p><\/div><\/div>\t\t\t\t<\/div>\n\t\t\t\t<\/div>\n\t\t\t\t<\/div>\n\t\t\t\t\t<\/div>\n\t\t\t\t<\/div>\n\t\t\t\t<\/div>","protected":false},"excerpt":{"rendered":"<p>EDEN TAHAA ACTIVIT\u00c9S Nos activit\u00e9s Cliquez sur chaque activit\u00e9s pour en savoir plus TOUR DE TAHAA EN B\u00c2TEAU Tour de l&#8217;\u00eele de Taha&#8217;a TOUR PRIV\u00c9 SUNSET EN B\u00c2TEAU Tour au coucher de soleil vue sur Bora-Bora DINER ROMANTIQUE SUR LA PLAGE Diner romantique sur la plage avec ou sans show polyn\u00e9sien MARIAGE POLYN\u00c9SIEN Mariage traditionnel [&hellip;]<\/p>","protected":false},"author":1,"featured_media":0,"parent":0,"menu_order":0,"comment_status":"closed","ping_status":"closed","template":"","meta":{"_monsterinsights_skip_tracking":false,"_monsterinsights_sitenote_active":false,"_monsterinsights_sitenote_note":"","_monsterinsights_sitenote_category":0,"_joinchat":[],"footnotes":""},"class_list":["post-18279","page","type-page","status-publish","hentry"],"aioseo_notices":[],"_links":{"self":[{"href":"https:\/\/eden-tahaa.com\/en\/wp-json\/wp\/v2\/pages\/18279","targetHints":{"allow":["GET"]}}],"collection":[{"href":"https:\/\/eden-tahaa.com\/en\/wp-json\/wp\/v2\/pages"}],"about":[{"href":"https:\/\/eden-tahaa.com\/en\/wp-json\/wp\/v2\/types\/page"}],"author":[{"embeddable":true,"href":"https:\/\/eden-tahaa.com\/en\/wp-json\/wp\/v2\/users\/1"}],"replies":[{"embeddable":true,"href":"https:\/\/eden-tahaa.com\/en\/wp-json\/wp\/v2\/comments?post=18279"}],"version-history":[{"count":38,"href":"https:\/\/eden-tahaa.com\/en\/wp-json\/wp\/v2\/pages\/18279\/revisions"}],"predecessor-version":[{"id":19256,"href":"https:\/\/eden-tahaa.com\/en\/wp-json\/wp\/v2\/pages\/18279\/revisions\/19256"}],"wp:attachment":[{"href":"https:\/\/eden-tahaa.com\/en\/wp-json\/wp\/v2\/media?parent=18279"}],"curies":[{"name":"wp","href":"https:\/\/api.w.org\/{rel}","templated":true}]}}