{"id":18153,"date":"2025-07-26T11:53:47","date_gmt":"2025-07-26T11:53:47","guid":{"rendered":"https:\/\/eden-tahaa.com\/?page_id=18153"},"modified":"2025-08-08T22:12:36","modified_gmt":"2025-08-08T22:12:36","slug":"eden-spa","status":"publish","type":"page","link":"https:\/\/eden-tahaa.com\/en\/eden-spa\/","title":{"rendered":"Eden SPA"},"content":{"rendered":"<div data-elementor-type=\"wp-page\" data-elementor-id=\"18153\" class=\"elementor elementor-18153\" data-elementor-post-type=\"page\">\n\t\t\t\t<div class=\"elementor-element elementor-element-63013a68 e-flex e-con-boxed e-con e-parent\" data-id=\"63013a68\" data-element_type=\"container\" data-settings=\"{&quot;background_background&quot;:&quot;classic&quot;}\">\n\t\t\t\t\t<div class=\"e-con-inner\">\n\t\t\t\t<div class=\"elementor-element elementor-element-eaaf0ca elementor-widget elementor-widget-heading\" data-id=\"eaaf0ca\" data-element_type=\"widget\" data-widget_type=\"heading.default\">\n\t\t\t\t<div class=\"elementor-widget-container\">\n\t\t\t\t\t<h1 class=\"elementor-heading-title elementor-size-default\">SPA TIAR\u00c9<\/h1>\t\t\t\t<\/div>\n\t\t\t\t<\/div>\n\t\t\t\t\t<\/div>\n\t\t\t\t<\/div>\n\t\t<div class=\"elementor-element elementor-element-184460ed e-flex e-con-boxed e-con e-parent\" data-id=\"184460ed\" data-element_type=\"container\">\n\t\t\t\t\t<div class=\"e-con-inner\">\n\t\t<div class=\"elementor-element elementor-element-3559eae4 e-con-full e-flex e-con e-child\" data-id=\"3559eae4\" data-element_type=\"container\">\n\t\t\t\t<div class=\"elementor-element elementor-element-44b6949a elementor-widget elementor-widget-image\" data-id=\"44b6949a\" data-element_type=\"widget\" data-widget_type=\"image.default\">\n\t\t\t\t<div class=\"elementor-widget-container\">\n\t\t\t\t\t\t\t\t\t\t\t\t\t\t\t<img decoding=\"async\" src=\"https:\/\/eden-tahaa.com\/wp-content\/uploads\/2025\/07\/39.jpeg\" title=\"39\" alt=\"39\" loading=\"lazy\" \/>\t\t\t\t\t\t\t\t\t\t\t\t\t\t\t<\/div>\n\t\t\t\t<\/div>\n\t\t\t\t<\/div>\n\t\t<div class=\"elementor-element elementor-element-5fb1554 e-con-full e-flex e-con e-child\" data-id=\"5fb1554\" data-element_type=\"container\">\n\t\t\t\t<div class=\"elementor-element elementor-element-d3be15b elementor-widget elementor-widget-text-editor\" data-id=\"d3be15b\" data-element_type=\"widget\" data-widget_type=\"text-editor.default\">\n\t\t\t\t<div class=\"elementor-widget-container\">\n\t\t\t\t\t\t\t\t\t<p style=\"text-align: center;\">Welcome to EDEN TAHAA, your destination for well-being and relaxation. We offer a wide range of treatments designed to revitalize your body and mind.<\/p><p style=\"text-align: center;\"><span style=\"text-decoration: underline;\"><strong>1 - EDEN SIGNATURE <\/strong><\/span><span style=\"text-decoration: underline;\"><strong>EXPERIENCE<\/strong><\/span><\/p><p style=\"text-align: center;\"><em>(Scrub + Massage)<\/em><br \/>- Duration: 1h 30 (90 minutes)<br \/>- Price: 18,000 xpf ( 151 euros)<\/p><p style=\"text-align: center;\"><em>This unique experience combines relaxation and regeneration, immersing you in a world of serenity.<\/em><\/p><p style=\"text-align: center;\"><span style=\"text-decoration: underline;\"><strong>2. EXFOLIATION FROM HEAD TO TOE<\/strong><\/span><\/p><p style=\"text-align: center;\">- Duration: 1 hour (30 minutes)<br \/>- Price: 6,000 xpf ( 50 euros)<\/p><p style=\"text-align: center;\"><span style=\"text-decoration: underline;\"><strong>3 - TAURUMI MASSAGE\u00a0<\/strong><\/span><\/p><p style=\"text-align: center;\">- Duration: 1 hour (60 minutes)\u00a0<br \/>- Price: 14,000 xpf ( 117 euros)<\/p><p style=\"text-align: center;\"><em>This soothing massage uses techniques inspired by Tahitian traditions, perfect for releasing tension.<\/em><\/p>\t\t\t\t\t\t\t\t<\/div>\n\t\t\t\t<\/div>\n\t\t\t\t<\/div>\n\t\t\t\t\t<\/div>\n\t\t\t\t<\/div>\n\t\t<div class=\"elementor-element elementor-element-1fea7241 e-flex e-con-boxed e-con e-parent\" data-id=\"1fea7241\" data-element_type=\"container\">\n\t\t\t\t\t<div class=\"e-con-inner\">\n\t\t<div class=\"elementor-element elementor-element-390a8bed e-con-full e-flex e-con e-child\" data-id=\"390a8bed\" data-element_type=\"container\">\n\t\t\t\t<div class=\"elementor-element elementor-element-1670f021 elementor-blockquote--skin-quotation elementor-widget__width-inherit elementor-blockquote--button-color-official elementor-widget elementor-widget-blockquote\" data-id=\"1670f021\" data-element_type=\"widget\" data-widget_type=\"blockquote.default\">\n\t\t\t\t<div class=\"elementor-widget-container\">\n\t\t\t\t\t\t\t<blockquote class=\"elementor-blockquote\">\n\t\t\t<p class=\"elementor-blockquote__content\">\n\t\t\t\tBook your Wellness Escape.<br>\nTreat yourself to a moment of relaxation by booking today. <br><br>Our qualified therapists are here to help you achieve a state of total relaxation.\n\nFor more information on our services or to book an appointment, please contact us directly.\n\nYour well-being is our priority!<br><br>EDEN TAHAA\t\t\t<\/p>\n\t\t\t\t\t<\/blockquote>\n\t\t\t\t\t\t<\/div>\n\t\t\t\t<\/div>\n\t\t\t\t<div class=\"elementor-element elementor-element-2ba8d664 elementor-mobile-align-center elementor-widget elementor-widget-button\" data-id=\"2ba8d664\" data-element_type=\"widget\" data-widget_type=\"button.default\">\n\t\t\t\t<div class=\"elementor-widget-container\">\n\t\t\t\t\t\t\t\t\t<div class=\"elementor-button-wrapper\">\n\t\t\t\t\t<a class=\"elementor-button elementor-button-link elementor-size-sm\" href=\"https:\/\/eden-tahaa.com\/en\/contact\/\">\n\t\t\t\t\t\t<span class=\"elementor-button-content-wrapper\">\n\t\t\t\t\t\t\t\t\t<span class=\"elementor-button-text\">contact us<\/span>\n\t\t\t\t\t<\/span>\n\t\t\t\t\t<\/a>\n\t\t\t\t<\/div>\n\t\t\t\t\t\t\t\t<\/div>\n\t\t\t\t<\/div>\n\t\t\t\t<\/div>\n\t\t<div class=\"elementor-element elementor-element-768d0a65 e-con-full e-flex e-con e-child\" data-id=\"768d0a65\" data-element_type=\"container\">\n\t\t\t\t<div class=\"elementor-element elementor-element-6a726531 elementor-widget elementor-widget-image\" data-id=\"6a726531\" data-element_type=\"widget\" data-widget_type=\"image.default\">\n\t\t\t\t<div class=\"elementor-widget-container\">\n\t\t\t\t\t\t\t\t\t\t\t\t\t\t\t<img decoding=\"async\" src=\"https:\/\/eden-tahaa.com\/wp-content\/uploads\/2025\/07\/41-min.jpg\" title=\"41-min\" alt=\"41-min\" loading=\"lazy\" \/>\t\t\t\t\t\t\t\t\t\t\t\t\t\t\t<\/div>\n\t\t\t\t<\/div>\n\t\t\t\t<\/div>\n\t\t\t\t\t<\/div>\n\t\t\t\t<\/div>\n\t\t\t\t<\/div>","protected":false},"excerpt":{"rendered":"<p>SPA TIAR\u00c9 Bienvenue chez EDEN TAHAA, votre destination privil\u00e9gi\u00e9e pour le bien-\u00eatre et la d\u00e9tente. Nous vous proposons une gamme vari\u00e9e de soins con\u00e7us pour revitaliser votre corps et votre esprit. 1 &#8211; EDEN SIGNATURE EXPERIENCE (Gommage + Massage)&#8211; Dur\u00e9e : 1h 30 (90 minutes)&#8211; Tarif: 18 000 xpf ( 151 euros) Cette exp\u00e9rience unique [&hellip;]<\/p>","protected":false},"author":1,"featured_media":0,"parent":0,"menu_order":0,"comment_status":"closed","ping_status":"closed","template":"elementor_header_footer","meta":{"_monsterinsights_skip_tracking":false,"_monsterinsights_sitenote_active":false,"_monsterinsights_sitenote_note":"","_monsterinsights_sitenote_category":0,"_joinchat":[],"footnotes":""},"class_list":["post-18153","page","type-page","status-publish","hentry"],"aioseo_notices":[],"_links":{"self":[{"href":"https:\/\/eden-tahaa.com\/en\/wp-json\/wp\/v2\/pages\/18153","targetHints":{"allow":["GET"]}}],"collection":[{"href":"https:\/\/eden-tahaa.com\/en\/wp-json\/wp\/v2\/pages"}],"about":[{"href":"https:\/\/eden-tahaa.com\/en\/wp-json\/wp\/v2\/types\/page"}],"author":[{"embeddable":true,"href":"https:\/\/eden-tahaa.com\/en\/wp-json\/wp\/v2\/users\/1"}],"replies":[{"embeddable":true,"href":"https:\/\/eden-tahaa.com\/en\/wp-json\/wp\/v2\/comments?post=18153"}],"version-history":[{"count":28,"href":"https:\/\/eden-tahaa.com\/en\/wp-json\/wp\/v2\/pages\/18153\/revisions"}],"predecessor-version":[{"id":19015,"href":"https:\/\/eden-tahaa.com\/en\/wp-json\/wp\/v2\/pages\/18153\/revisions\/19015"}],"wp:attachment":[{"href":"https:\/\/eden-tahaa.com\/en\/wp-json\/wp\/v2\/media?parent=18153"}],"curies":[{"name":"wp","href":"https:\/\/api.w.org\/{rel}","templated":true}]}}