{"id":18138,"date":"2025-07-26T11:35:17","date_gmt":"2025-07-26T11:35:17","guid":{"rendered":"https:\/\/eden-tahaa.com\/?page_id=18138"},"modified":"2025-07-26T11:51:39","modified_gmt":"2025-07-26T11:51:39","slug":"mariages-polynesien","status":"publish","type":"page","link":"https:\/\/eden-tahaa.com\/en\/mariages-polynesien\/","title":{"rendered":"Polynesian weddings"},"content":{"rendered":"<div data-elementor-type=\"wp-page\" data-elementor-id=\"18138\" class=\"elementor elementor-18138\" data-elementor-post-type=\"page\">\n\t\t\t\t<div class=\"elementor-element elementor-element-119779d e-flex e-con-boxed e-con e-parent\" data-id=\"119779d\" data-element_type=\"container\">\n\t\t\t\t\t<div class=\"e-con-inner\">\n\t\t<div class=\"elementor-element elementor-element-d3b3c45 e-con-full e-flex e-con e-child\" data-id=\"d3b3c45\" data-element_type=\"container\">\n\t\t\t\t<div class=\"elementor-element elementor-element-9f5a264 elementor-widget elementor-widget-text-editor\" data-id=\"9f5a264\" data-element_type=\"widget\" data-widget_type=\"text-editor.default\">\n\t\t\t\t<div class=\"elementor-widget-container\">\n\t\t\t\t\t\t\t\t\t<p>Marriage proposal, traditional wedding ceremony or renewal of vows.<br \/>In an idyllic setting, surrounded by turquoise waters, coconut palms and breathtaking views of Bora-Bora.<br \/>It's the perfect opportunity to celebrate your love in style during your stay at EDEN.<br \/>Exoticism, ritual and idyllic surroundings combine to ensure your<br \/>the happiness of this Polynesian wedding ceremony.<br \/>A taste for the festivities and conviviality that characterize Polynesia.<\/p>\t\t\t\t\t\t\t\t<\/div>\n\t\t\t\t<\/div>\n\t\t\t\t<div class=\"elementor-element elementor-element-ec5f6ff elementor-widget elementor-widget-heading\" data-id=\"ec5f6ff\" data-element_type=\"widget\" data-widget_type=\"heading.default\">\n\t\t\t\t<div class=\"elementor-widget-container\">\n\t\t\t\t\t<h2 class=\"elementor-heading-title elementor-size-default\">POLYNESIAN WEDDING<\/h2>\t\t\t\t<\/div>\n\t\t\t\t<\/div>\n\t\t\t\t<div class=\"elementor-element elementor-element-7bc1f02 elementor-widget elementor-widget-text-editor\" data-id=\"7bc1f02\" data-element_type=\"widget\" data-widget_type=\"text-editor.default\">\n\t\t\t\t<div class=\"elementor-widget-container\">\n\t\t\t\t\t\t\t\t\t<p>150,000 xpf \/ \u20ac1257<br \/>The ceremony is conducted by a Tahua, a Tahitian priest.<br \/>1\u20442 bottle of champagne<br \/>Floral decorations<br \/>Wreaths or necklaces<br \/>Wedding pareo<br \/>Musicians<br \/>Dancer<br \/>Fire dance show<\/p><p>There's just one thing left to do: enjoy and love each other!<br \/>\"There is nothing more precious in this world than the feeling<br \/>to exist for someone.\"<br \/><strong>Victor Hugo<\/strong><\/p>\t\t\t\t\t\t\t\t<\/div>\n\t\t\t\t<\/div>\n\t\t\t\t<\/div>\n\t\t<div class=\"elementor-element elementor-element-029498e e-con-full e-flex e-con e-child\" data-id=\"029498e\" data-element_type=\"container\" data-settings=\"{&quot;background_background&quot;:&quot;slideshow&quot;,&quot;background_slideshow_gallery&quot;:[],&quot;background_slideshow_loop&quot;:&quot;yes&quot;,&quot;background_slideshow_slide_duration&quot;:5000,&quot;background_slideshow_slide_transition&quot;:&quot;fade&quot;,&quot;background_slideshow_transition_duration&quot;:500}\">\n\t\t\t\t<div class=\"elementor-element elementor-element-455df58 uael-ins-normal elementor-widget elementor-widget-uael-image-gallery\" data-id=\"455df58\" data-element_type=\"widget\" data-settings=\"{&quot;justified_margin&quot;:{&quot;unit&quot;:&quot;px&quot;,&quot;size&quot;:5,&quot;sizes&quot;:[]},&quot;justified_margin_tablet&quot;:{&quot;unit&quot;:&quot;px&quot;,&quot;size&quot;:&quot;&quot;,&quot;sizes&quot;:[]},&quot;justified_margin_mobile&quot;:{&quot;unit&quot;:&quot;px&quot;,&quot;size&quot;:&quot;&quot;,&quot;sizes&quot;:[]}}\" data-widget_type=\"uael-image-gallery.default\">\n\t\t\t\t<div class=\"elementor-widget-container\">\n\t\t\t\t\t<div class=\"uael-gallery-parent uael-caption-\"><div class=\"uael-img-gallery-wrap uael-img-justified-wrap uael-img-grid-masonry-wrap uael-image-lightbox-wrap\" data-filter-default=\"All\" data-rowheight=\"180\" data-lastrow=\"justify\" data-lightbox_actions=\"[&quot;close&quot;]\" data-lightbox-gallery-loop=\"\"><div class=\"uael-grid-item\"><div class=\"uael-grid-item-content\"><a class=\"uael-grid-img uael-grid-gallery-img uael-ins-hover elementor-clickable\" data-fancybox=\"uael-gallery\" href=\"https:\/\/eden-tahaa.com\/wp-content\/uploads\/2025\/07\/mariage-2-min-scaled.jpg\" data-elementor-open-lightbox=\"no\"><div class=\"uael-grid-img-thumbnail uael-ins-target\"><img fetchpriority=\"high\" decoding=\"async\" width=\"1140\" height=\"760\" src=\"https:\/\/eden-tahaa.com\/wp-content\/uploads\/2025\/07\/mariage-2-min-1140x760.jpg\" class=\"attachment-homey-gallery size-homey-gallery wp-image-17094\" alt=\"\" srcset=\"https:\/\/eden-tahaa.com\/wp-content\/uploads\/2025\/07\/mariage-2-min-1140x760.jpg 1140w, https:\/\/eden-tahaa.com\/wp-content\/uploads\/2025\/07\/mariage-2-min-300x200.jpg 300w, https:\/\/eden-tahaa.com\/wp-content\/uploads\/2025\/07\/mariage-2-min-1024x683.jpg 1024w, https:\/\/eden-tahaa.com\/wp-content\/uploads\/2025\/07\/mariage-2-min-768x512.jpg 768w, https:\/\/eden-tahaa.com\/wp-content\/uploads\/2025\/07\/mariage-2-min-1536x1024.jpg 1536w, https:\/\/eden-tahaa.com\/wp-content\/uploads\/2025\/07\/mariage-2-min-2048x1365.jpg 2048w, https:\/\/eden-tahaa.com\/wp-content\/uploads\/2025\/07\/mariage-2-min-450x300.jpg 450w, https:\/\/eden-tahaa.com\/wp-content\/uploads\/2025\/07\/mariage-2-min-120x80.jpg 120w, https:\/\/eden-tahaa.com\/wp-content\/uploads\/2025\/07\/mariage-2-min-750x500.jpg 750w\" sizes=\"(max-width: 1140px) 100vw, 1140px\" \/><\/div><div class=\"uael-grid-img-overlay\"><\/div><\/a><\/div><\/div><div class=\"uael-grid-item\"><div class=\"uael-grid-item-content\"><a class=\"uael-grid-img uael-grid-gallery-img uael-ins-hover elementor-clickable\" data-fancybox=\"uael-gallery\" href=\"https:\/\/eden-tahaa.com\/wp-content\/uploads\/2025\/07\/96.1-min-scaled.jpg\" data-elementor-open-lightbox=\"no\"><div class=\"uael-grid-img-thumbnail uael-ins-target\"><img decoding=\"async\" width=\"1140\" height=\"760\" src=\"https:\/\/eden-tahaa.com\/wp-content\/uploads\/2025\/07\/96.1-min-1140x760.jpg\" class=\"attachment-homey-gallery size-homey-gallery wp-image-17908\" alt=\"\" srcset=\"https:\/\/eden-tahaa.com\/wp-content\/uploads\/2025\/07\/96.1-min-1140x760.jpg 1140w, https:\/\/eden-tahaa.com\/wp-content\/uploads\/2025\/07\/96.1-min-300x200.jpg 300w, https:\/\/eden-tahaa.com\/wp-content\/uploads\/2025\/07\/96.1-min-1024x683.jpg 1024w, https:\/\/eden-tahaa.com\/wp-content\/uploads\/2025\/07\/96.1-min-768x512.jpg 768w, https:\/\/eden-tahaa.com\/wp-content\/uploads\/2025\/07\/96.1-min-1536x1024.jpg 1536w, https:\/\/eden-tahaa.com\/wp-content\/uploads\/2025\/07\/96.1-min-2048x1365.jpg 2048w, https:\/\/eden-tahaa.com\/wp-content\/uploads\/2025\/07\/96.1-min-450x300.jpg 450w, https:\/\/eden-tahaa.com\/wp-content\/uploads\/2025\/07\/96.1-min-120x80.jpg 120w, https:\/\/eden-tahaa.com\/wp-content\/uploads\/2025\/07\/96.1-min-750x500.jpg 750w\" sizes=\"(max-width: 1140px) 100vw, 1140px\" \/><\/div><div class=\"uael-grid-img-overlay\"><\/div><\/a><\/div><\/div><div class=\"uael-grid-item\"><div class=\"uael-grid-item-content\"><a class=\"uael-grid-img uael-grid-gallery-img uael-ins-hover elementor-clickable\" data-fancybox=\"uael-gallery\" href=\"https:\/\/eden-tahaa.com\/wp-content\/uploads\/2025\/07\/103-min-scaled.jpg\" data-elementor-open-lightbox=\"no\"><div class=\"uael-grid-img-thumbnail uael-ins-target\"><img decoding=\"async\" width=\"1140\" height=\"760\" src=\"https:\/\/eden-tahaa.com\/wp-content\/uploads\/2025\/07\/103-min-1140x760.jpg\" class=\"attachment-homey-gallery size-homey-gallery wp-image-17848\" alt=\"\" srcset=\"https:\/\/eden-tahaa.com\/wp-content\/uploads\/2025\/07\/103-min-1140x760.jpg 1140w, https:\/\/eden-tahaa.com\/wp-content\/uploads\/2025\/07\/103-min-450x300.jpg 450w, https:\/\/eden-tahaa.com\/wp-content\/uploads\/2025\/07\/103-min-120x80.jpg 120w\" sizes=\"(max-width: 1140px) 100vw, 1140px\" \/><\/div><div class=\"uael-grid-img-overlay\"><\/div><\/a><\/div><\/div><div class=\"uael-grid-item\"><div class=\"uael-grid-item-content\"><a class=\"uael-grid-img uael-grid-gallery-img uael-ins-hover elementor-clickable\" data-fancybox=\"uael-gallery\" href=\"https:\/\/eden-tahaa.com\/wp-content\/uploads\/2025\/07\/104-min-scaled.jpg\" data-elementor-open-lightbox=\"no\"><div class=\"uael-grid-img-thumbnail uael-ins-target\"><img loading=\"lazy\" decoding=\"async\" width=\"1140\" height=\"760\" src=\"https:\/\/eden-tahaa.com\/wp-content\/uploads\/2025\/07\/104-min-1140x760.jpg\" class=\"attachment-homey-gallery size-homey-gallery wp-image-17847\" alt=\"\" srcset=\"https:\/\/eden-tahaa.com\/wp-content\/uploads\/2025\/07\/104-min-1140x760.jpg 1140w, https:\/\/eden-tahaa.com\/wp-content\/uploads\/2025\/07\/104-min-300x200.jpg 300w, https:\/\/eden-tahaa.com\/wp-content\/uploads\/2025\/07\/104-min-1024x683.jpg 1024w, https:\/\/eden-tahaa.com\/wp-content\/uploads\/2025\/07\/104-min-768x512.jpg 768w, https:\/\/eden-tahaa.com\/wp-content\/uploads\/2025\/07\/104-min-1536x1024.jpg 1536w, https:\/\/eden-tahaa.com\/wp-content\/uploads\/2025\/07\/104-min-2048x1365.jpg 2048w, https:\/\/eden-tahaa.com\/wp-content\/uploads\/2025\/07\/104-min-450x300.jpg 450w, https:\/\/eden-tahaa.com\/wp-content\/uploads\/2025\/07\/104-min-120x80.jpg 120w, https:\/\/eden-tahaa.com\/wp-content\/uploads\/2025\/07\/104-min-750x500.jpg 750w\" sizes=\"(max-width: 1140px) 100vw, 1140px\" \/><\/div><div class=\"uael-grid-img-overlay\"><\/div><\/a><\/div><\/div><div class=\"uael-grid-item\"><div class=\"uael-grid-item-content\"><a class=\"uael-grid-img uael-grid-gallery-img uael-ins-hover elementor-clickable\" data-fancybox=\"uael-gallery\" href=\"https:\/\/eden-tahaa.com\/wp-content\/uploads\/2025\/07\/96-min-scaled.jpg\" data-elementor-open-lightbox=\"no\"><div class=\"uael-grid-img-thumbnail uael-ins-target\"><img loading=\"lazy\" decoding=\"async\" width=\"1140\" height=\"760\" src=\"https:\/\/eden-tahaa.com\/wp-content\/uploads\/2025\/07\/96-min-1140x760.jpg\" class=\"attachment-homey-gallery size-homey-gallery wp-image-17907\" alt=\"\" srcset=\"https:\/\/eden-tahaa.com\/wp-content\/uploads\/2025\/07\/96-min-1140x760.jpg 1140w, https:\/\/eden-tahaa.com\/wp-content\/uploads\/2025\/07\/96-min-450x300.jpg 450w, https:\/\/eden-tahaa.com\/wp-content\/uploads\/2025\/07\/96-min-120x80.jpg 120w\" sizes=\"(max-width: 1140px) 100vw, 1140px\" \/><\/div><div class=\"uael-grid-img-overlay\"><\/div><\/a><\/div><\/div><div class=\"uael-grid-item\"><div class=\"uael-grid-item-content\"><a class=\"uael-grid-img uael-grid-gallery-img uael-ins-hover elementor-clickable\" data-fancybox=\"uael-gallery\" href=\"https:\/\/eden-tahaa.com\/wp-content\/uploads\/2025\/07\/95.0-min-scaled.jpg\" data-elementor-open-lightbox=\"no\"><div class=\"uael-grid-img-thumbnail uael-ins-target\"><img loading=\"lazy\" decoding=\"async\" width=\"1140\" height=\"760\" src=\"https:\/\/eden-tahaa.com\/wp-content\/uploads\/2025\/07\/95.0-min-1140x760.jpg\" class=\"attachment-homey-gallery size-homey-gallery wp-image-17913\" alt=\"\" srcset=\"https:\/\/eden-tahaa.com\/wp-content\/uploads\/2025\/07\/95.0-min-1140x760.jpg 1140w, https:\/\/eden-tahaa.com\/wp-content\/uploads\/2025\/07\/95.0-min-300x200.jpg 300w, https:\/\/eden-tahaa.com\/wp-content\/uploads\/2025\/07\/95.0-min-1024x683.jpg 1024w, https:\/\/eden-tahaa.com\/wp-content\/uploads\/2025\/07\/95.0-min-768x512.jpg 768w, https:\/\/eden-tahaa.com\/wp-content\/uploads\/2025\/07\/95.0-min-1536x1024.jpg 1536w, https:\/\/eden-tahaa.com\/wp-content\/uploads\/2025\/07\/95.0-min-2048x1365.jpg 2048w, https:\/\/eden-tahaa.com\/wp-content\/uploads\/2025\/07\/95.0-min-450x300.jpg 450w, https:\/\/eden-tahaa.com\/wp-content\/uploads\/2025\/07\/95.0-min-120x80.jpg 120w, https:\/\/eden-tahaa.com\/wp-content\/uploads\/2025\/07\/95.0-min-750x500.jpg 750w\" sizes=\"(max-width: 1140px) 100vw, 1140px\" \/><\/div><div class=\"uael-grid-img-overlay\"><\/div><\/a><\/div><\/div><\/div><\/div>\t\t\t\t<\/div>\n\t\t\t\t<\/div>\n\t\t\t\t<\/div>\n\t\t\t\t\t<\/div>\n\t\t\t\t<\/div>\n\t\t<div class=\"elementor-element elementor-element-5434b99 e-flex e-con-boxed e-con e-parent\" data-id=\"5434b99\" data-element_type=\"container\">\n\t\t\t\t\t<div class=\"e-con-inner\">\n\t\t\t\t<div class=\"elementor-element elementor-element-3232635 elementor-widget elementor-widget-text-editor\" data-id=\"3232635\" data-element_type=\"widget\" data-widget_type=\"text-editor.default\">\n\t\t\t\t<div class=\"elementor-widget-container\">\n\t\t\t\t\t\t\t\t\t<p>Prices include all taxes and services.<\/p>\t\t\t\t\t\t\t\t<\/div>\n\t\t\t\t<\/div>\n\t\t\t\t\t<\/div>\n\t\t\t\t<\/div>\n\t\t\t\t<\/div>","protected":false},"excerpt":{"rendered":"<p>Demande en mariage, c\u00e9r\u00e9monie de mariage traditionnelle ou de renouvellement de v\u0153ux.Dans un cadre idyllique, entour\u00e9 d\u2019eaux turquoise, de cocotiers et de la vue imprenable sur Bora-Bora.C\u2019est l\u2019occasion id\u00e9ale de c\u00e9l\u00e9brer en beaut\u00e9, son amour lors de votre s\u00e9jour \u00e0 l\u2019EDEN.Exotisme, rituel et cadre idyllique se conjuguent pour assurer votrebonheur lors de cette c\u00e9r\u00e9monie de [&hellip;]<\/p>","protected":false},"author":1,"featured_media":0,"parent":0,"menu_order":0,"comment_status":"closed","ping_status":"closed","template":"elementor_header_footer","meta":{"_monsterinsights_skip_tracking":false,"_monsterinsights_sitenote_active":false,"_monsterinsights_sitenote_note":"","_monsterinsights_sitenote_category":0,"_joinchat":[],"footnotes":""},"class_list":["post-18138","page","type-page","status-publish","hentry"],"aioseo_notices":[],"_links":{"self":[{"href":"https:\/\/eden-tahaa.com\/en\/wp-json\/wp\/v2\/pages\/18138","targetHints":{"allow":["GET"]}}],"collection":[{"href":"https:\/\/eden-tahaa.com\/en\/wp-json\/wp\/v2\/pages"}],"about":[{"href":"https:\/\/eden-tahaa.com\/en\/wp-json\/wp\/v2\/types\/page"}],"author":[{"embeddable":true,"href":"https:\/\/eden-tahaa.com\/en\/wp-json\/wp\/v2\/users\/1"}],"replies":[{"embeddable":true,"href":"https:\/\/eden-tahaa.com\/en\/wp-json\/wp\/v2\/comments?post=18138"}],"version-history":[{"count":13,"href":"https:\/\/eden-tahaa.com\/en\/wp-json\/wp\/v2\/pages\/18138\/revisions"}],"predecessor-version":[{"id":18152,"href":"https:\/\/eden-tahaa.com\/en\/wp-json\/wp\/v2\/pages\/18138\/revisions\/18152"}],"wp:attachment":[{"href":"https:\/\/eden-tahaa.com\/en\/wp-json\/wp\/v2\/media?parent=18138"}],"curies":[{"name":"wp","href":"https:\/\/api.w.org\/{rel}","templated":true}]}}