{"id":18090,"date":"2025-07-26T10:43:53","date_gmt":"2025-07-26T10:43:53","guid":{"rendered":"https:\/\/eden-tahaa.com\/?page_id=18090"},"modified":"2025-07-26T11:12:30","modified_gmt":"2025-07-26T11:12:30","slug":"peche-au-gros","status":"publish","type":"page","link":"https:\/\/eden-tahaa.com\/en\/peche-au-gros\/","title":{"rendered":"Big game fishing"},"content":{"rendered":"<div data-elementor-type=\"wp-page\" data-elementor-id=\"18090\" class=\"elementor elementor-18090\" data-elementor-post-type=\"page\">\n\t\t\t\t<div class=\"elementor-element elementor-element-119779d e-flex e-con-boxed e-con e-parent\" data-id=\"119779d\" data-element_type=\"container\">\n\t\t\t\t\t<div class=\"e-con-inner\">\n\t\t<div class=\"elementor-element elementor-element-d3b3c45 e-con-full e-flex e-con e-child\" data-id=\"d3b3c45\" data-element_type=\"container\">\n\t\t\t\t<div class=\"elementor-element elementor-element-ec5f6ff elementor-widget elementor-widget-heading\" data-id=\"ec5f6ff\" data-element_type=\"widget\" data-widget_type=\"heading.default\">\n\t\t\t\t<div class=\"elementor-widget-container\">\n\t\t\t\t\t<h2 class=\"elementor-heading-title elementor-size-default\">PRIVATE DAY FISHING TOUR<\/h2>\t\t\t\t<\/div>\n\t\t\t\t<\/div>\n\t\t\t\t<div class=\"elementor-element elementor-element-7bc1f02 elementor-widget elementor-widget-text-editor\" data-id=\"7bc1f02\" data-element_type=\"widget\" data-widget_type=\"text-editor.default\">\n\t\t\t\t<div class=\"elementor-widget-container\">\n\t\t\t\t\t\t\t\t\t<p>120,000 xpf \/ \u20ac1005.60<br \/>Maximum 4 people<br \/>Heavy coastal drag\/DCP (fish aggregating device) 3h30<br \/>Semi-heavy reef drag outside the lagoon (halco\/rapala) 2h<br \/>Fisherman's lunch at Motu<br \/>Swimming at Motu<br \/>Drinks : Beer, fruit juices, water as much as you like<\/p>\t\t\t\t\t\t\t\t<\/div>\n\t\t\t\t<\/div>\n\t\t\t\t<div class=\"elementor-element elementor-element-67cc2d8 elementor-widget elementor-widget-heading\" data-id=\"67cc2d8\" data-element_type=\"widget\" data-widget_type=\"heading.default\">\n\t\t\t\t<div class=\"elementor-widget-container\">\n\t\t\t\t\t<h2 class=\"elementor-heading-title elementor-size-default\">PRIVATE LAGOON FISHING DAY TOUR<\/h2>\t\t\t\t<\/div>\n\t\t\t\t<\/div>\n\t\t\t\t<div class=\"elementor-element elementor-element-7ab268c elementor-widget elementor-widget-text-editor\" data-id=\"7ab268c\" data-element_type=\"widget\" data-widget_type=\"text-editor.default\">\n\t\t\t\t<div class=\"elementor-widget-container\">\n\t\t\t\t\t\t\t\t\t<p>90,000 xpf \/ \u20ac754.20<br \/>Maximum 2 persons<br \/>Light lagoon drag (halco\/rapala\/pulp)<br \/>Combo of chicap\u00e9 vertical peaches and taravana (octopus)<br \/>leaded)<br \/>Fisherman's lunch at Motu<br \/>Swimming at Motu<br \/>Drinks : Beer, fruit juices, water as much as you like<\/p>\t\t\t\t\t\t\t\t<\/div>\n\t\t\t\t<\/div>\n\t\t\t\t<\/div>\n\t\t<div class=\"elementor-element elementor-element-029498e e-con-full e-flex e-con e-child\" data-id=\"029498e\" data-element_type=\"container\" data-settings=\"{&quot;background_background&quot;:&quot;slideshow&quot;,&quot;background_slideshow_gallery&quot;:[],&quot;background_slideshow_loop&quot;:&quot;yes&quot;,&quot;background_slideshow_slide_duration&quot;:5000,&quot;background_slideshow_slide_transition&quot;:&quot;fade&quot;,&quot;background_slideshow_transition_duration&quot;:500}\">\n\t\t\t\t<div class=\"elementor-element elementor-element-8a19644 elementor-widget elementor-widget-image\" data-id=\"8a19644\" data-element_type=\"widget\" data-widget_type=\"image.default\">\n\t\t\t\t<div class=\"elementor-widget-container\">\n\t\t\t\t\t\t\t\t\t\t\t\t\t\t\t<img fetchpriority=\"high\" decoding=\"async\" width=\"555\" height=\"262\" src=\"https:\/\/eden-tahaa.com\/wp-content\/uploads\/2025\/07\/36-min-555x262.jpg\" class=\"attachment-homey_thumb_555_262 size-homey_thumb_555_262 wp-image-17795\" alt=\"\" \/>\t\t\t\t\t\t\t\t\t\t\t\t\t\t\t<\/div>\n\t\t\t\t<\/div>\n\t\t\t\t<div class=\"elementor-element elementor-element-0d9d10b elementor-widget elementor-widget-image\" data-id=\"0d9d10b\" data-element_type=\"widget\" data-widget_type=\"image.default\">\n\t\t\t\t<div class=\"elementor-widget-container\">\n\t\t\t\t\t\t\t\t\t\t\t\t\t\t\t<img decoding=\"async\" width=\"555\" height=\"262\" src=\"https:\/\/eden-tahaa.com\/wp-content\/uploads\/2025\/07\/37-min-555x262.jpg\" class=\"attachment-homey_thumb_555_262 size-homey_thumb_555_262 wp-image-17794\" alt=\"\" \/>\t\t\t\t\t\t\t\t\t\t\t\t\t\t\t<\/div>\n\t\t\t\t<\/div>\n\t\t\t\t<\/div>\n\t\t\t\t\t<\/div>\n\t\t\t\t<\/div>\n\t\t<div class=\"elementor-element elementor-element-5434b99 e-flex e-con-boxed e-con e-parent\" data-id=\"5434b99\" data-element_type=\"container\">\n\t\t\t\t\t<div class=\"e-con-inner\">\n\t\t\t\t<div class=\"elementor-element elementor-element-3232635 elementor-widget elementor-widget-text-editor\" data-id=\"3232635\" data-element_type=\"widget\" data-widget_type=\"text-editor.default\">\n\t\t\t\t<div class=\"elementor-widget-container\">\n\t\t\t\t\t\t\t\t\t<p>Prices include all taxes and services.<\/p>\t\t\t\t\t\t\t\t<\/div>\n\t\t\t\t<\/div>\n\t\t\t\t\t<\/div>\n\t\t\t\t<\/div>\n\t\t\t\t<\/div>","protected":false},"excerpt":{"rendered":"<p>TOUR PRIV\u00c9 DE P\u00caCHE AU GROS A LA JOURN\u00c9E 120 000 xpf \/ 1005,60\u20acMaximum 4 personnesTraine lourde c\u00f4ti\u00e8re\/DCP (dispositif concentration de poissons) 3h30Traine semi-lourde r\u00e9cif ext\u00e9rieur au lagon (halco\/rapala) 2hD\u00e9jeuner du p\u00eacheur au MotuBaignade au MotuBoissons : Bi\u00e8re, jus de fruits, eau \u00e0 volont\u00e9 TOUR PRIV\u00c9 P\u00caCHE LAGONNAIRE A LA JOURN\u00c9E 90 000 xpf \/ [&hellip;]<\/p>","protected":false},"author":1,"featured_media":0,"parent":0,"menu_order":0,"comment_status":"closed","ping_status":"closed","template":"elementor_header_footer","meta":{"_monsterinsights_skip_tracking":false,"_monsterinsights_sitenote_active":false,"_monsterinsights_sitenote_note":"","_monsterinsights_sitenote_category":0,"_joinchat":[],"footnotes":""},"class_list":["post-18090","page","type-page","status-publish","hentry"],"aioseo_notices":[],"_links":{"self":[{"href":"https:\/\/eden-tahaa.com\/en\/wp-json\/wp\/v2\/pages\/18090","targetHints":{"allow":["GET"]}}],"collection":[{"href":"https:\/\/eden-tahaa.com\/en\/wp-json\/wp\/v2\/pages"}],"about":[{"href":"https:\/\/eden-tahaa.com\/en\/wp-json\/wp\/v2\/types\/page"}],"author":[{"embeddable":true,"href":"https:\/\/eden-tahaa.com\/en\/wp-json\/wp\/v2\/users\/1"}],"replies":[{"embeddable":true,"href":"https:\/\/eden-tahaa.com\/en\/wp-json\/wp\/v2\/comments?post=18090"}],"version-history":[{"count":22,"href":"https:\/\/eden-tahaa.com\/en\/wp-json\/wp\/v2\/pages\/18090\/revisions"}],"predecessor-version":[{"id":18114,"href":"https:\/\/eden-tahaa.com\/en\/wp-json\/wp\/v2\/pages\/18090\/revisions\/18114"}],"wp:attachment":[{"href":"https:\/\/eden-tahaa.com\/en\/wp-json\/wp\/v2\/media?parent=18090"}],"curies":[{"name":"wp","href":"https:\/\/api.w.org\/{rel}","templated":true}]}}