{"id":18067,"date":"2025-07-26T10:20:10","date_gmt":"2025-07-26T10:20:10","guid":{"rendered":"https:\/\/eden-tahaa.com\/?page_id=18067"},"modified":"2025-08-01T21:44:32","modified_gmt":"2025-08-01T21:44:32","slug":"tour-prive-de-lile-de-raiatea-en-bateau","status":"publish","type":"page","link":"https:\/\/eden-tahaa.com\/en\/tour-prive-de-lile-de-raiatea-en-bateau\/","title":{"rendered":"Raiatea Tower"},"content":{"rendered":"<div data-elementor-type=\"wp-page\" data-elementor-id=\"18067\" class=\"elementor elementor-18067\" data-elementor-post-type=\"page\">\n\t\t\t\t<div class=\"elementor-element elementor-element-ca5bfe1 e-flex e-con-boxed e-con e-parent\" data-id=\"ca5bfe1\" data-element_type=\"container\">\n\t\t\t\t\t<div class=\"e-con-inner\">\n\t\t\t\t<div class=\"elementor-element elementor-element-89c6bfb elementor-widget elementor-widget-google_maps\" data-id=\"89c6bfb\" data-element_type=\"widget\" data-widget_type=\"google_maps.default\">\n\t\t\t\t<div class=\"elementor-widget-container\">\n\t\t\t\t\t\t\t<div class=\"elementor-custom-embed\">\n\t\t\t<iframe loading=\"lazy\"\n\t\t\t\t\tsrc=\"https:\/\/maps.google.com\/maps?q=raiatea&#038;t=m&#038;z=10&#038;output=embed&#038;iwloc=near\"\n\t\t\t\t\ttitle=\"raiatea\"\n\t\t\t\t\taria-label=\"raiatea\"\n\t\t\t><\/iframe>\n\t\t<\/div>\n\t\t\t\t\t\t<\/div>\n\t\t\t\t<\/div>\n\t\t\t\t\t<\/div>\n\t\t\t\t<\/div>\n\t\t<div class=\"elementor-element elementor-element-f91a23a e-flex e-con-boxed e-con e-parent\" data-id=\"f91a23a\" data-element_type=\"container\">\n\t\t\t\t\t<div class=\"e-con-inner\">\n\t\t\t\t<div class=\"elementor-element elementor-element-bff3cbb elementor-widget elementor-widget-image\" data-id=\"bff3cbb\" data-element_type=\"widget\" data-widget_type=\"image.default\">\n\t\t\t\t<div class=\"elementor-widget-container\">\n\t\t\t\t\t\t\t\t\t\t\t\t\t\t\t<img fetchpriority=\"high\" decoding=\"async\" width=\"1024\" height=\"721\" src=\"https:\/\/eden-tahaa.com\/wp-content\/uploads\/2025\/08\/CARTE-RAIATEA-1024x721.jpg\" class=\"attachment-large size-large wp-image-18757\" alt=\"\" srcset=\"https:\/\/eden-tahaa.com\/wp-content\/uploads\/2025\/08\/CARTE-RAIATEA-1024x721.jpg 1024w, https:\/\/eden-tahaa.com\/wp-content\/uploads\/2025\/08\/CARTE-RAIATEA-300x211.jpg 300w, https:\/\/eden-tahaa.com\/wp-content\/uploads\/2025\/08\/CARTE-RAIATEA-768x541.jpg 768w, https:\/\/eden-tahaa.com\/wp-content\/uploads\/2025\/08\/CARTE-RAIATEA-1536x1081.jpg 1536w, https:\/\/eden-tahaa.com\/wp-content\/uploads\/2025\/08\/CARTE-RAIATEA-18x12.jpg 18w, https:\/\/eden-tahaa.com\/wp-content\/uploads\/2025\/08\/CARTE-RAIATEA-710x500.jpg 710w, https:\/\/eden-tahaa.com\/wp-content\/uploads\/2025\/08\/CARTE-RAIATEA.jpg 1750w\" sizes=\"(max-width: 1024px) 100vw, 1024px\" \/>\t\t\t\t\t\t\t\t\t\t\t\t\t\t\t<\/div>\n\t\t\t\t<\/div>\n\t\t\t\t\t<\/div>\n\t\t\t\t<\/div>\n\t\t<div class=\"elementor-element elementor-element-5f00f9c e-flex e-con-boxed e-con e-parent\" data-id=\"5f00f9c\" data-element_type=\"container\" data-settings=\"{&quot;background_background&quot;:&quot;classic&quot;}\">\n\t\t\t\t\t<div class=\"e-con-inner\">\n\t\t\t\t<div class=\"elementor-element elementor-element-fe38f5b elementor-widget elementor-widget-heading\" data-id=\"fe38f5b\" data-element_type=\"widget\" data-widget_type=\"heading.default\">\n\t\t\t\t<div class=\"elementor-widget-container\">\n\t\t\t\t\t<h1 class=\"elementor-heading-title elementor-size-default\">PRIVATE TOUR OF RAIATEA\nDAY TOUR<\/h1>\t\t\t\t<\/div>\n\t\t\t\t<\/div>\n\t\t\t\t<div class=\"elementor-element elementor-element-31359d42 elementor-align-center elementor-mobile-align-center elementor-widget elementor-widget-button\" data-id=\"31359d42\" data-element_type=\"widget\" data-widget_type=\"button.default\">\n\t\t\t\t<div class=\"elementor-widget-container\">\n\t\t\t\t\t\t\t\t\t<div class=\"elementor-button-wrapper\">\n\t\t\t\t\t<a class=\"elementor-button elementor-button-link elementor-size-sm\" href=\"https:\/\/eden-tahaa.com\/en\/contact\/\">\n\t\t\t\t\t\t<span class=\"elementor-button-content-wrapper\">\n\t\t\t\t\t\t\t\t\t<span class=\"elementor-button-text\">Contact us<\/span>\n\t\t\t\t\t<\/span>\n\t\t\t\t\t<\/a>\n\t\t\t\t<\/div>\n\t\t\t\t\t\t\t\t<\/div>\n\t\t\t\t<\/div>\n\t\t\t\t\t<\/div>\n\t\t\t\t<\/div>\n\t\t<div class=\"elementor-element elementor-element-18eeebb5 e-con-full e-flex e-con e-parent\" data-id=\"18eeebb5\" data-element_type=\"container\" data-settings=\"{&quot;background_background&quot;:&quot;classic&quot;}\">\n\t\t\t\t<div class=\"elementor-element elementor-element-55d579f0 elementor-widget elementor-widget-image\" data-id=\"55d579f0\" data-element_type=\"widget\" data-widget_type=\"image.default\">\n\t\t\t\t<div class=\"elementor-widget-container\">\n\t\t\t\t\t\t\t\t\t\t\t\t\t\t\t<img decoding=\"async\" width=\"745\" height=\"476\" src=\"https:\/\/eden-tahaa.com\/wp-content\/uploads\/2025\/08\/Sans-titre4.jpg\" class=\"attachment-large size-large wp-image-18758\" alt=\"\" srcset=\"https:\/\/eden-tahaa.com\/wp-content\/uploads\/2025\/08\/Sans-titre4.jpg 745w, https:\/\/eden-tahaa.com\/wp-content\/uploads\/2025\/08\/Sans-titre4-300x192.jpg 300w, https:\/\/eden-tahaa.com\/wp-content\/uploads\/2025\/08\/Sans-titre4-18x12.jpg 18w\" sizes=\"(max-width: 745px) 100vw, 745px\" \/>\t\t\t\t\t\t\t\t\t\t\t\t\t\t\t<\/div>\n\t\t\t\t<\/div>\n\t\t\t\t<\/div>\n\t\t<div class=\"elementor-element elementor-element-44d89759 e-flex e-con-boxed e-con e-parent\" data-id=\"44d89759\" data-element_type=\"container\">\n\t\t\t\t\t<div class=\"e-con-inner\">\n\t\t<div class=\"elementor-element elementor-element-26e421a2 e-con-full e-flex e-con e-child\" data-id=\"26e421a2\" data-element_type=\"container\">\n\t\t\t\t<div class=\"elementor-element elementor-element-3838cc95 elementor-widget elementor-widget-image\" data-id=\"3838cc95\" data-element_type=\"widget\" data-widget_type=\"image.default\">\n\t\t\t\t<div class=\"elementor-widget-container\">\n\t\t\t\t\t\t\t\t\t\t\t\t\t\t\t<img decoding=\"async\" width=\"472\" height=\"290\" src=\"https:\/\/eden-tahaa.com\/wp-content\/uploads\/2025\/08\/Sans-titre5.jpg\" class=\"attachment-large size-large wp-image-18759\" alt=\"\" srcset=\"https:\/\/eden-tahaa.com\/wp-content\/uploads\/2025\/08\/Sans-titre5.jpg 472w, https:\/\/eden-tahaa.com\/wp-content\/uploads\/2025\/08\/Sans-titre5-300x184.jpg 300w, https:\/\/eden-tahaa.com\/wp-content\/uploads\/2025\/08\/Sans-titre5-18x12.jpg 18w\" sizes=\"(max-width: 472px) 100vw, 472px\" \/>\t\t\t\t\t\t\t\t\t\t\t\t\t\t\t<\/div>\n\t\t\t\t<\/div>\n\t\t\t\t<\/div>\n\t\t<div class=\"elementor-element elementor-element-b39b972 e-con-full e-flex e-con e-child\" data-id=\"b39b972\" data-element_type=\"container\">\n\t\t\t\t<div class=\"elementor-element elementor-element-6a5bac1e elementor-widget elementor-widget-text-editor\" data-id=\"6a5bac1e\" data-element_type=\"widget\" data-widget_type=\"text-editor.default\">\n\t\t\t\t<div class=\"elementor-widget-container\">\n\t\t\t\t\t\t\t\t\t<p style=\"text-align: center;\"><strong><span style=\"text-decoration: underline;\">120,000 xpf \/ \u20ac1,005.60<\/span><\/strong><\/p><p style=\"text-align: center;\">8:30 a.m. to 3:30 p.m.<\/p><p style=\"text-align: center;\">Rate for 2 people - Additional person + 6000 xpf \/ \u20ac50.28<\/p><p style=\"text-align: center;\">Discover the beauty of the sacred island of Raiatea as you sail the magnificent lagoon of the sister islands. Taha'a and Raiatea share the same wonderful turquoise lagoon.<\/p><p style=\"text-align: center;\">According to legend, \"The two islands were one, until the day a hungry eel devoured the pieces of land that connected them\".<\/p><p style=\"text-align: center;\">-Visit the local market in Raiatea<\/p><p style=\"text-align: center;\">-Boat trip up the Faaroa River<\/p><p style=\"text-align: center;\">-Visit the botanical garden<\/p><p style=\"text-align: center;\">-Swimming in the Atara coral garden<\/p><p style=\"text-align: center;\">-Visit to the Marae of Taputapuatea <em>(<span class=\"s1\">The only listed site in Polynesia <\/span>France to UNESCO's World Heritage List).<\/em><\/p><p style=\"text-align: center;\">-Picnic with local flavours<\/p><p style=\"text-align: center;\">-Swimming with blacktip sharks<\/p><p style=\"text-align: center;\"><em>Beverages: Soft drinks, fruit juices, water as much as you like<\/em><\/p>\t\t\t\t\t\t\t\t<\/div>\n\t\t\t\t<\/div>\n\t\t\t\t<\/div>\n\t\t\t\t\t<\/div>\n\t\t\t\t<\/div>\n\t\t<div class=\"elementor-element elementor-element-19f3e4de e-flex e-con-boxed e-con e-parent\" data-id=\"19f3e4de\" data-element_type=\"container\">\n\t\t\t\t\t<div class=\"e-con-inner\">\n\t\t<div class=\"elementor-element elementor-element-5a5f6c8a e-con-full e-flex e-con e-child\" data-id=\"5a5f6c8a\" data-element_type=\"container\">\n\t\t\t\t<div class=\"elementor-element elementor-element-7994a022 elementor-view-default elementor-widget elementor-widget-icon\" data-id=\"7994a022\" data-element_type=\"widget\" data-widget_type=\"icon.default\">\n\t\t\t\t<div class=\"elementor-widget-container\">\n\t\t\t\t\t\t\t<div class=\"elementor-icon-wrapper\">\n\t\t\t<div class=\"elementor-icon\">\n\t\t\t<svg xmlns=\"http:\/\/www.w3.org\/2000\/svg\" id=\"a\" width=\"82\" height=\"67\" viewbox=\"0 0 82 67\"><path d=\"M20.3643,32.1382c0-5.8103,1.0861-10.0772,3.2583-12.8008,2.3532-2.9052,5.883-4.3577,10.5894-4.3577V0C22.989,0,14.4812,3.3591,8.6887,10.0772,2.8962,16.6138,0,25.6924,0,37.313c0,9.4417,1.5386,19.3374,4.6159,29.687h31.4967v-29.9594h-15.7483v-4.9024Z\"><\/path><path d=\"M66.2517,37.0406v-4.9024c0-5.8103,1.0861-10.0772,3.2583-12.8008,2.3532-2.9052,5.883-4.3577,10.5894-4.3577V0c-11.2229,0-19.7307,3.3591-25.5231,10.0772-5.7925,6.5366-8.6889,15.6152-8.6889,27.2358,0,9.4417,1.5387,19.3374,4.6159,29.687h31.4967v-29.9594h-15.7483Z\"><\/path><\/svg>\t\t\t<\/div>\n\t\t<\/div>\n\t\t\t\t\t\t<\/div>\n\t\t\t\t<\/div>\n\t\t\t\t<div class=\"elementor-element elementor-element-144843c3 elementor-blockquote--skin-clean elementor-widget__width-inherit elementor-blockquote--button-color-official elementor-widget elementor-widget-blockquote\" data-id=\"144843c3\" data-element_type=\"widget\" data-widget_type=\"blockquote.default\">\n\t\t\t\t<div class=\"elementor-widget-container\">\n\t\t\t\t\t\t\t<blockquote class=\"elementor-blockquote\">\n\t\t\t<p class=\"elementor-blockquote__content\">\n\t\t\t\tCome and explore EDEN TAHAA's exclusive activities: quality private experiences to discover the wonders of TAHAA and RAIATEA.\t\t\t<\/p>\n\t\t\t\t\t\t\t<div class=\"e-q-footer\">\n\t\t\t\t\t\t\t\t\t\t\t<cite class=\"elementor-blockquote__author\">EDEN TAHAA<\/cite>\n\t\t\t\t\t\t\t\t\t\t\t\t\t\t<\/div>\n\t\t\t\t\t<\/blockquote>\n\t\t\t\t\t\t<\/div>\n\t\t\t\t<\/div>\n\t\t\t\t<\/div>\n\t\t<div class=\"elementor-element elementor-element-6e9259f0 e-con-full e-flex e-con e-child\" data-id=\"6e9259f0\" data-element_type=\"container\">\n\t\t\t\t<div class=\"elementor-element elementor-element-71ab112f elementor-widget elementor-widget-image\" data-id=\"71ab112f\" data-element_type=\"widget\" data-widget_type=\"image.default\">\n\t\t\t\t<div class=\"elementor-widget-container\">\n\t\t\t\t\t\t\t\t\t\t\t\t\t\t\t<img loading=\"lazy\" decoding=\"async\" width=\"742\" height=\"418\" src=\"https:\/\/eden-tahaa.com\/wp-content\/uploads\/2025\/08\/Sans-titre6.jpg\" class=\"attachment-large size-large wp-image-18760\" alt=\"\" srcset=\"https:\/\/eden-tahaa.com\/wp-content\/uploads\/2025\/08\/Sans-titre6.jpg 742w, https:\/\/eden-tahaa.com\/wp-content\/uploads\/2025\/08\/Sans-titre6-300x169.jpg 300w, https:\/\/eden-tahaa.com\/wp-content\/uploads\/2025\/08\/Sans-titre6-18x10.jpg 18w\" sizes=\"(max-width: 742px) 100vw, 742px\" \/>\t\t\t\t\t\t\t\t\t\t\t\t\t\t\t<\/div>\n\t\t\t\t<\/div>\n\t\t\t\t<\/div>\n\t\t\t\t\t<\/div>\n\t\t\t\t<\/div>\n\t\t\t\t<\/div>","protected":false},"excerpt":{"rendered":"<p>TOUR PRIV\u00c9 DE RAIATEA \u00c0 LA JOURN\u00c9E Contact us 120 000 xpf \/ 1 005,60\u20ac De 8h30 \u00e0 15h30 Tarif pour 2 personnes &#8211; Personne suppl\u00e9mentaire + 6000 xpf \/ 50,28\u20ac Venez d\u00e9couvrir la beaut\u00e9 de l\u2019ile sacr\u00e9e de Raiatea en naviguant sur le magnifique lagon des \u00eeles s\u0153urs. Taha\u2019a et Raiatea partagent le m\u00eame [&hellip;]<\/p>","protected":false},"author":1,"featured_media":0,"parent":0,"menu_order":0,"comment_status":"closed","ping_status":"closed","template":"","meta":{"_monsterinsights_skip_tracking":false,"_monsterinsights_sitenote_active":false,"_monsterinsights_sitenote_note":"","_monsterinsights_sitenote_category":0,"_joinchat":[],"footnotes":""},"class_list":["post-18067","page","type-page","status-publish","hentry"],"aioseo_notices":[],"_links":{"self":[{"href":"https:\/\/eden-tahaa.com\/en\/wp-json\/wp\/v2\/pages\/18067","targetHints":{"allow":["GET"]}}],"collection":[{"href":"https:\/\/eden-tahaa.com\/en\/wp-json\/wp\/v2\/pages"}],"about":[{"href":"https:\/\/eden-tahaa.com\/en\/wp-json\/wp\/v2\/types\/page"}],"author":[{"embeddable":true,"href":"https:\/\/eden-tahaa.com\/en\/wp-json\/wp\/v2\/users\/1"}],"replies":[{"embeddable":true,"href":"https:\/\/eden-tahaa.com\/en\/wp-json\/wp\/v2\/comments?post=18067"}],"version-history":[{"count":5,"href":"https:\/\/eden-tahaa.com\/en\/wp-json\/wp\/v2\/pages\/18067\/revisions"}],"predecessor-version":[{"id":18763,"href":"https:\/\/eden-tahaa.com\/en\/wp-json\/wp\/v2\/pages\/18067\/revisions\/18763"}],"wp:attachment":[{"href":"https:\/\/eden-tahaa.com\/en\/wp-json\/wp\/v2\/media?parent=18067"}],"curies":[{"name":"wp","href":"https:\/\/api.w.org\/{rel}","templated":true}]}}