{"id":17573,"date":"2025-07-19T14:12:06","date_gmt":"2025-07-19T14:12:06","guid":{"rendered":"https:\/\/eden-tahaa.com\/?page_id=17573"},"modified":"2025-07-27T02:24:24","modified_gmt":"2025-07-27T02:24:24","slug":"activites-spa","status":"publish","type":"page","link":"https:\/\/eden-tahaa.com\/en\/activites-spa\/","title":{"rendered":"Activities\/Spa"},"content":{"rendered":"<div data-elementor-type=\"wp-page\" data-elementor-id=\"17573\" class=\"elementor elementor-17573\" data-elementor-post-type=\"page\">\n\t\t\t\t<div class=\"elementor-element elementor-element-2332543 e-con-full e-flex e-con e-parent\" data-id=\"2332543\" data-element_type=\"container\" data-settings=\"{&quot;background_background&quot;:&quot;slideshow&quot;,&quot;background_slideshow_gallery&quot;:[{&quot;id&quot;:17096,&quot;url&quot;:&quot;https:\\\/\\\/eden-tahaa.com\\\/wp-content\\\/uploads\\\/2025\\\/07\\\/explorer-tahaa-3-min.jpg&quot;}],&quot;background_slideshow_loop&quot;:&quot;yes&quot;,&quot;background_slideshow_slide_duration&quot;:5000,&quot;background_slideshow_slide_transition&quot;:&quot;fade&quot;,&quot;background_slideshow_transition_duration&quot;:500}\">\n\t\t<div class=\"elementor-element elementor-element-42b0f57 e-con-full e-flex e-con e-child\" data-id=\"42b0f57\" data-element_type=\"container\">\n\t\t\t\t<div class=\"elementor-element elementor-element-886ebbd elementor-widget elementor-widget-homey_elementor_section_title\" data-id=\"886ebbd\" data-element_type=\"widget\" data-widget_type=\"homey_elementor_section_title.default\">\n\t\t\t\t<div class=\"elementor-widget-container\">\n\t\t\t\t\t            <div class=\"homey_section_title_wrap_elementor homey-module module-title section-title-module\">\n                                    <h2 class=\"homey_section_title\">Explore Unforgettable Activities with EDEN TAHAA<\/h2>\n                \n                            <\/div>\n            \t\t\t\t<\/div>\n\t\t\t\t<\/div>\n\t\t\t\t<div class=\"elementor-element elementor-element-6910b74 elementor-widget elementor-widget-text-editor\" data-id=\"6910b74\" data-element_type=\"widget\" data-widget_type=\"text-editor.default\">\n\t\t\t\t<div class=\"elementor-widget-container\">\n\t\t\t\t\t\t\t\t\t<p>Welcome to <strong>EDEN TAHAA<\/strong>your oasis of serenity and discovery on the island of Tahaa, nicknamed <em>vanilla island<\/em>.<\/p><p>We're delighted to present a selection of immersive experiences that will help you explore and enjoy the wonders of this paradise destination.<\/p>\t\t\t\t\t\t\t\t<\/div>\n\t\t\t\t<\/div>\n\t\t\t\t<\/div>\n\t\t\t\t<\/div>\n\t\t<div class=\"elementor-element elementor-element-443c431 e-flex e-con-boxed e-con e-parent\" data-id=\"443c431\" data-element_type=\"container\">\n\t\t\t\t\t<div class=\"e-con-inner\">\n\t\t\t\t<div class=\"elementor-element elementor-element-013235f elementor-widget elementor-widget-heading\" data-id=\"013235f\" data-element_type=\"widget\" data-widget_type=\"heading.default\">\n\t\t\t\t<div class=\"elementor-widget-container\">\n\t\t\t\t\t<h2 class=\"elementor-heading-title elementor-size-default\">Boating activities <\/h2>\t\t\t\t<\/div>\n\t\t\t\t<\/div>\n\t\t<div class=\"elementor-element elementor-element-cf43291 e-con-full e-flex e-con e-child\" data-id=\"cf43291\" data-element_type=\"container\">\n\t\t<div class=\"elementor-element elementor-element-1ab54da e-con-full e-flex e-con e-child\" data-id=\"1ab54da\" data-element_type=\"container\">\n\t\t\t\t<div class=\"elementor-element elementor-element-a487fce elementor-widget elementor-widget-n-accordion\" data-id=\"a487fce\" data-element_type=\"widget\" data-settings=\"{&quot;max_items_expended&quot;:&quot;multiple&quot;,&quot;default_state&quot;:&quot;expanded&quot;,&quot;n_accordion_animation_duration&quot;:{&quot;unit&quot;:&quot;ms&quot;,&quot;size&quot;:400,&quot;sizes&quot;:[]}}\" data-widget_type=\"nested-accordion.default\">\n\t\t\t\t<div class=\"elementor-widget-container\">\n\t\t\t\t\t\t\t<div class=\"e-n-accordion\" aria-label=\"Accordion. Open links with Enter or Space, close with Escape, and navigate with Arrow Keys\">\n\t\t\t\t\t\t<details id=\"e-n-accordion-item-1720\" class=\"e-n-accordion-item\" open>\n\t\t\t\t<summary class=\"e-n-accordion-item-title\" data-accordion-index=\"1\" tabindex=\"0\" aria-expanded=\"true\" aria-controls=\"e-n-accordion-item-1720\" >\n\t\t\t\t\t<span class='e-n-accordion-item-title-header'><div class=\"e-n-accordion-item-title-text\"> Private Boat Tour around Tahaa Island - Full Day <\/div><\/span>\n\t\t\t\t\t\t\t<span class='e-n-accordion-item-title-icon'>\n\t\t\t<span class='e-opened' ><svg aria-hidden=\"true\" class=\"e-font-icon-svg e-fas-chevron-up\" viewbox=\"0 0 448 512\" xmlns=\"http:\/\/www.w3.org\/2000\/svg\"><path d=\"M240.971 130.524l194.343 194.343c9.373 9.373 9.373 24.569 0 33.941l-22.667 22.667c-9.357 9.357-24.522 9.375-33.901.04L224 227.495 69.255 381.516c-9.379 9.335-24.544 9.317-33.901-.04l-22.667-22.667c-9.373-9.373-9.373-24.569 0-33.941L207.03 130.525c9.372-9.373 24.568-9.373 33.941-.001z\"><\/path><\/svg><\/span>\n\t\t\t<span class='e-closed'><svg aria-hidden=\"true\" class=\"e-font-icon-svg e-fas-chevron-down\" viewbox=\"0 0 448 512\" xmlns=\"http:\/\/www.w3.org\/2000\/svg\"><path d=\"M207.029 381.476L12.686 187.132c-9.373-9.373-9.373-24.569 0-33.941l22.667-22.667c9.357-9.357 24.522-9.375 33.901-.04L224 284.505l154.745-154.021c9.379-9.335 24.544-9.317 33.901.04l22.667 22.667c9.373 9.373 9.373 24.569 0 33.941L240.971 381.476c-9.373 9.372-24.569 9.372-33.942 0z\"><\/path><\/svg><\/span>\n\t\t<\/span>\n\n\t\t\t\t\t\t<\/summary>\n\t\t\t\t<div role=\"region\" aria-labelledby=\"e-n-accordion-item-1720\" class=\"elementor-element elementor-element-5fe10bc e-con-full e-flex e-con e-child\" data-id=\"5fe10bc\" data-element_type=\"container\">\n\t\t<div role=\"region\" aria-labelledby=\"e-n-accordion-item-1720\" class=\"elementor-element elementor-element-37e55d9 e-flex e-con-boxed e-con e-child\" data-id=\"37e55d9\" data-element_type=\"container\">\n\t\t\t\t\t<div class=\"e-con-inner\">\n\t\t\t\t<div class=\"elementor-element elementor-element-64112e1 elementor-widget elementor-widget-text-editor\" data-id=\"64112e1\" data-element_type=\"widget\" data-widget_type=\"text-editor.default\">\n\t\t\t\t<div class=\"elementor-widget-container\">\n\t\t\t\t\t\t\t\t\t<h3>Tahaa Island Private Tour - Full Day<\/h3><p><strong>Price :<\/strong> 95,000 XPF \/ 796 EUR (for 2 people)<br \/><strong>Additional person :<\/strong> 6,000 XPF \/ 50.28 EUR (max 6 people)<br \/><strong>Opening hours :<\/strong> 8:30 a.m. - 3:30 p.m.<br \/><strong>Duration :<\/strong> 7 hours<\/p><p>Embark on an unforgettable adventure aboard our boat and discover the<br \/>Tahaa's hidden treasures. On the program:<\/p><ul><li><strong>Visit the Pearl Farm<\/strong> - Immerse yourself in the fascinating world of<br \/>black pearls, a true symbol of Polynesia.<\/li><li><strong>Discover a Rum Distillery<\/strong> - Let yourself be seduced by the flavours<br \/>visit a rum distillery and learn about the rum-making process.<br \/>manufacturing.<\/li><li><strong>Visit to a Vanilla Farm<\/strong> - Explore the world of vanilla, one of the world's<br \/>the island's main cultures, and learn its precious secrets.<\/li><li><strong>Swimming with the Sharks in Pointe-Noire\u00a0<\/strong>- Live an experience<br \/>swimming with sharks in a breathtaking natural setting.<br \/>breath.<\/li><li><strong>Snorkeling in Oromahana <\/strong>- Admire the richness and diversity of the seabed<br \/>while snorkeling.<\/li><\/ul><p><strong>Includes :<\/strong> Picnic with a view of Bora-Bora<\/p>\t\t\t\t\t\t\t\t<\/div>\n\t\t\t\t<\/div>\n\t\t\t\t\t<\/div>\n\t\t\t\t<\/div>\n\t\t\t\t<\/div>\n\t\t\t\t\t<\/details>\n\t\t\t\t\t<\/div>\n\t\t\t\t\t\t<\/div>\n\t\t\t\t<\/div>\n\t\t\t\t<\/div>\n\t\t<div class=\"elementor-element elementor-element-6b237c7 e-con-full e-flex e-con e-child\" data-id=\"6b237c7\" data-element_type=\"container\">\n\t\t\t\t<div class=\"elementor-element elementor-element-5eb06aa elementor-widget elementor-widget-n-accordion\" data-id=\"5eb06aa\" data-element_type=\"widget\" data-settings=\"{&quot;default_state&quot;:&quot;expanded&quot;,&quot;max_items_expended&quot;:&quot;one&quot;,&quot;n_accordion_animation_duration&quot;:{&quot;unit&quot;:&quot;ms&quot;,&quot;size&quot;:400,&quot;sizes&quot;:[]}}\" data-widget_type=\"nested-accordion.default\">\n\t\t\t\t<div class=\"elementor-widget-container\">\n\t\t\t\t\t\t\t<div class=\"e-n-accordion\" aria-label=\"Accordion. Open links with Enter or Space, close with Escape, and navigate with Arrow Keys\">\n\t\t\t\t\t\t<details id=\"e-n-accordion-item-9920\" class=\"e-n-accordion-item\" open>\n\t\t\t\t<summary class=\"e-n-accordion-item-title\" data-accordion-index=\"1\" tabindex=\"0\" aria-expanded=\"true\" aria-controls=\"e-n-accordion-item-9920\" >\n\t\t\t\t\t<span class='e-n-accordion-item-title-header'><div class=\"e-n-accordion-item-title-text\"> Private Boat Tour around Tahaa Island - Half Day <\/div><\/span>\n\t\t\t\t\t\t\t<span class='e-n-accordion-item-title-icon'>\n\t\t\t<span class='e-opened' ><svg aria-hidden=\"true\" class=\"e-font-icon-svg e-fas-chevron-up\" viewbox=\"0 0 448 512\" xmlns=\"http:\/\/www.w3.org\/2000\/svg\"><path d=\"M240.971 130.524l194.343 194.343c9.373 9.373 9.373 24.569 0 33.941l-22.667 22.667c-9.357 9.357-24.522 9.375-33.901.04L224 227.495 69.255 381.516c-9.379 9.335-24.544 9.317-33.901-.04l-22.667-22.667c-9.373-9.373-9.373-24.569 0-33.941L207.03 130.525c9.372-9.373 24.568-9.373 33.941-.001z\"><\/path><\/svg><\/span>\n\t\t\t<span class='e-closed'><svg aria-hidden=\"true\" class=\"e-font-icon-svg e-fas-chevron-down\" viewbox=\"0 0 448 512\" xmlns=\"http:\/\/www.w3.org\/2000\/svg\"><path d=\"M207.029 381.476L12.686 187.132c-9.373-9.373-9.373-24.569 0-33.941l22.667-22.667c9.357-9.357 24.522-9.375 33.901-.04L224 284.505l154.745-154.021c9.379-9.335 24.544-9.317 33.901.04l22.667 22.667c9.373 9.373 9.373 24.569 0 33.941L240.971 381.476c-9.373 9.372-24.569 9.372-33.942 0z\"><\/path><\/svg><\/span>\n\t\t<\/span>\n\n\t\t\t\t\t\t<\/summary>\n\t\t\t\t<div role=\"region\" aria-labelledby=\"e-n-accordion-item-9920\" class=\"elementor-element elementor-element-a482db2 e-con-full e-flex e-con e-child\" data-id=\"a482db2\" data-element_type=\"container\">\n\t\t\t\t<div class=\"elementor-element elementor-element-0f6713e elementor-widget elementor-widget-text-editor\" data-id=\"0f6713e\" data-element_type=\"widget\" data-widget_type=\"text-editor.default\">\n\t\t\t\t<div class=\"elementor-widget-container\">\n\t\t\t\t\t\t\t\t\t<h3>Tahaa Island Private Tour - Half Day<\/h3><p><strong>Price :<\/strong> 65,000 XPF \/ 544.70 EUR (for 2 people)<br \/><strong>Additional person :<\/strong> 6,000 XPF \/ 50.28 EUR (max 6 people)<br \/><strong>Opening hours :<\/strong> 8:30 a.m. - 12:30 p.m.<br \/><strong>Duration :<\/strong> 4 hours<\/p><p>Choose from our available activities (3 activities to choose from on the tour)<\/p><p>of Tahaa for a half-day of enriching discoveries.<\/p>\t\t\t\t\t\t\t\t<\/div>\n\t\t\t\t<\/div>\n\t\t\t\t<\/div>\n\t\t\t\t\t<\/details>\n\t\t\t\t\t<\/div>\n\t\t\t\t\t\t<\/div>\n\t\t\t\t<\/div>\n\t\t\t\t<\/div>\n\t\t<div class=\"elementor-element elementor-element-7262ed4 e-con-full e-flex e-con e-child\" data-id=\"7262ed4\" data-element_type=\"container\">\n\t\t\t\t<div class=\"elementor-element elementor-element-42f2094 elementor-widget elementor-widget-n-accordion\" data-id=\"42f2094\" data-element_type=\"widget\" data-settings=\"{&quot;default_state&quot;:&quot;expanded&quot;,&quot;max_items_expended&quot;:&quot;one&quot;,&quot;n_accordion_animation_duration&quot;:{&quot;unit&quot;:&quot;ms&quot;,&quot;size&quot;:400,&quot;sizes&quot;:[]}}\" data-widget_type=\"nested-accordion.default\">\n\t\t\t\t<div class=\"elementor-widget-container\">\n\t\t\t\t\t\t\t<div class=\"e-n-accordion\" aria-label=\"Accordion. Open links with Enter or Space, close with Escape, and navigate with Arrow Keys\">\n\t\t\t\t\t\t<details id=\"e-n-accordion-item-7010\" class=\"e-n-accordion-item\" open>\n\t\t\t\t<summary class=\"e-n-accordion-item-title\" data-accordion-index=\"1\" tabindex=\"0\" aria-expanded=\"true\" aria-controls=\"e-n-accordion-item-7010\" >\n\t\t\t\t\t<span class='e-n-accordion-item-title-header'><div class=\"e-n-accordion-item-title-text\"> Non Private Boat Tour around Tahaa Island - Full Day <\/div><\/span>\n\t\t\t\t\t\t\t<span class='e-n-accordion-item-title-icon'>\n\t\t\t<span class='e-opened' ><svg aria-hidden=\"true\" class=\"e-font-icon-svg e-fas-chevron-up\" viewbox=\"0 0 448 512\" xmlns=\"http:\/\/www.w3.org\/2000\/svg\"><path d=\"M240.971 130.524l194.343 194.343c9.373 9.373 9.373 24.569 0 33.941l-22.667 22.667c-9.357 9.357-24.522 9.375-33.901.04L224 227.495 69.255 381.516c-9.379 9.335-24.544 9.317-33.901-.04l-22.667-22.667c-9.373-9.373-9.373-24.569 0-33.941L207.03 130.525c9.372-9.373 24.568-9.373 33.941-.001z\"><\/path><\/svg><\/span>\n\t\t\t<span class='e-closed'><svg aria-hidden=\"true\" class=\"e-font-icon-svg e-fas-chevron-down\" viewbox=\"0 0 448 512\" xmlns=\"http:\/\/www.w3.org\/2000\/svg\"><path d=\"M207.029 381.476L12.686 187.132c-9.373-9.373-9.373-24.569 0-33.941l22.667-22.667c9.357-9.357 24.522-9.375 33.901-.04L224 284.505l154.745-154.021c9.379-9.335 24.544-9.317 33.901.04l22.667 22.667c9.373 9.373 9.373 24.569 0 33.941L240.971 381.476c-9.373 9.372-24.569 9.372-33.942 0z\"><\/path><\/svg><\/span>\n\t\t<\/span>\n\n\t\t\t\t\t\t<\/summary>\n\t\t\t\t<div role=\"region\" aria-labelledby=\"e-n-accordion-item-7010\" class=\"elementor-element elementor-element-cf5ef9f e-con-full e-flex e-con e-child\" data-id=\"cf5ef9f\" data-element_type=\"container\">\n\t\t\t\t<div class=\"elementor-element elementor-element-c5a4969 elementor-widget elementor-widget-text-editor\" data-id=\"c5a4969\" data-element_type=\"widget\" data-widget_type=\"text-editor.default\">\n\t\t\t\t<div class=\"elementor-widget-container\">\n\t\t\t\t\t\t\t\t\t<h3>Shared Tahaa Island Tour - Full Day<\/h3><p><strong>Price :<\/strong> 25,000 XPF \/ 209.50 EUR per person<br \/><strong>Minimum :<\/strong> 4 people - <strong>Maximum :<\/strong> 7 people<br \/><strong>Opening hours :<\/strong> 8:30 a.m. - 3:30 p.m.<br \/><strong>Duration :<\/strong> 7 hours<\/p><p>A day of discovery in a small group to explore Tahaa while meeting other travelers.<\/p>\t\t\t\t\t\t\t\t<\/div>\n\t\t\t\t<\/div>\n\t\t\t\t<\/div>\n\t\t\t\t\t<\/details>\n\t\t\t\t\t<\/div>\n\t\t\t\t\t\t<\/div>\n\t\t\t\t<\/div>\n\t\t\t\t<\/div>\n\t\t\t\t<\/div>\n\t\t\t\t\t<\/div>\n\t\t\t\t<\/div>\n\t\t<div class=\"elementor-element elementor-element-041a758 e-flex e-con-boxed e-con e-parent\" data-id=\"041a758\" data-element_type=\"container\" data-settings=\"{&quot;background_background&quot;:&quot;slideshow&quot;,&quot;background_slideshow_gallery&quot;:[{&quot;id&quot;:18212,&quot;url&quot;:&quot;https:\\\/\\\/eden-tahaa.com\\\/wp-content\\\/uploads\\\/2025\\\/07\\\/15.jpg&quot;}],&quot;background_slideshow_loop&quot;:&quot;yes&quot;,&quot;background_slideshow_slide_duration&quot;:5000,&quot;background_slideshow_slide_transition&quot;:&quot;fade&quot;,&quot;background_slideshow_transition_duration&quot;:500}\">\n\t\t\t\t\t<div class=\"e-con-inner\">\n\t\t<div class=\"elementor-element elementor-element-50d91d9 e-con-full e-flex e-con e-child\" data-id=\"50d91d9\" data-element_type=\"container\">\n\t\t\t\t<div class=\"elementor-element elementor-element-c618f32 elementor-widget elementor-widget-heading\" data-id=\"c618f32\" data-element_type=\"widget\" data-widget_type=\"heading.default\">\n\t\t\t\t<div class=\"elementor-widget-container\">\n\t\t\t\t\t<h2 class=\"elementor-heading-title elementor-size-default\">Book Your Adventure Today!<\/h2>\t\t\t\t<\/div>\n\t\t\t\t<\/div>\n\t\t\t\t<div class=\"elementor-element elementor-element-c77e06a elementor-widget elementor-widget-text-editor\" data-id=\"c77e06a\" data-element_type=\"widget\" data-widget_type=\"text-editor.default\">\n\t\t\t\t<div class=\"elementor-widget-container\">\n\t\t\t\t\t\t\t\t\t<p>At <strong>EDEN TAHAA<\/strong>We are committed to providing you with unforgettable memories and moments of pure happiness.<\/p>\t\t\t\t\t\t\t\t<\/div>\n\t\t\t\t<\/div>\n\t\t\t\t<div class=\"elementor-element elementor-element-615266c elementor-align-center elementor-widget elementor-widget-button\" data-id=\"615266c\" data-element_type=\"widget\" data-widget_type=\"button.default\">\n\t\t\t\t<div class=\"elementor-widget-container\">\n\t\t\t\t\t\t\t\t\t<div class=\"elementor-button-wrapper\">\n\t\t\t\t\t<a class=\"elementor-button elementor-button-link elementor-size-sm\" href=\"#\">\n\t\t\t\t\t\t<span class=\"elementor-button-content-wrapper\">\n\t\t\t\t\t\t\t\t\t<span class=\"elementor-button-text\">Book an Activity<\/span>\n\t\t\t\t\t<\/span>\n\t\t\t\t\t<\/a>\n\t\t\t\t<\/div>\n\t\t\t\t\t\t\t\t<\/div>\n\t\t\t\t<\/div>\n\t\t\t\t<\/div>\n\t\t\t\t\t<\/div>\n\t\t\t\t<\/div>\n\t\t\t\t<\/div>","protected":false},"excerpt":{"rendered":"<p>Explorez les Activit\u00e9s Inoubliables avec EDEN TAHAA Bienvenue chez EDEN TAHAA, votre oasis de s\u00e9r\u00e9nit\u00e9 et de d\u00e9couvertes sur l&#8217;\u00eele de Tahaa, surnomm\u00e9e l&#8217;\u00eele vanille. Nous sommes ravis de vous pr\u00e9senter une s\u00e9lection d&#8217;exp\u00e9riences immersives qui vous permettront d&#8217;explorer et d\u2019appr\u00e9cier les merveilles de cette destination paradisiaque. Activit\u00e9s en Bateau Excursion Priv\u00e9e en Bateau autour [&hellip;]<\/p>","protected":false},"author":1,"featured_media":0,"parent":0,"menu_order":0,"comment_status":"closed","ping_status":"closed","template":"elementor_header_footer","meta":{"_monsterinsights_skip_tracking":false,"_monsterinsights_sitenote_active":false,"_monsterinsights_sitenote_note":"","_monsterinsights_sitenote_category":0,"_joinchat":[],"footnotes":""},"class_list":["post-17573","page","type-page","status-publish","hentry"],"aioseo_notices":[],"_links":{"self":[{"href":"https:\/\/eden-tahaa.com\/en\/wp-json\/wp\/v2\/pages\/17573","targetHints":{"allow":["GET"]}}],"collection":[{"href":"https:\/\/eden-tahaa.com\/en\/wp-json\/wp\/v2\/pages"}],"about":[{"href":"https:\/\/eden-tahaa.com\/en\/wp-json\/wp\/v2\/types\/page"}],"author":[{"embeddable":true,"href":"https:\/\/eden-tahaa.com\/en\/wp-json\/wp\/v2\/users\/1"}],"replies":[{"embeddable":true,"href":"https:\/\/eden-tahaa.com\/en\/wp-json\/wp\/v2\/comments?post=17573"}],"version-history":[{"count":32,"href":"https:\/\/eden-tahaa.com\/en\/wp-json\/wp\/v2\/pages\/17573\/revisions"}],"predecessor-version":[{"id":18343,"href":"https:\/\/eden-tahaa.com\/en\/wp-json\/wp\/v2\/pages\/17573\/revisions\/18343"}],"wp:attachment":[{"href":"https:\/\/eden-tahaa.com\/en\/wp-json\/wp\/v2\/media?parent=17573"}],"curies":[{"name":"wp","href":"https:\/\/api.w.org\/{rel}","templated":true}]}}