{"id":16986,"date":"2025-07-08T10:35:44","date_gmt":"2025-07-08T10:35:44","guid":{"rendered":"https:\/\/eden-tahaa.com\/?page_id=16986"},"modified":"2026-02-08T09:03:45","modified_gmt":"2026-02-08T09:03:45","slug":"arriver-a-eden-tahaa","status":"publish","type":"page","link":"https:\/\/eden-tahaa.com\/en\/arriver-a-eden-tahaa\/","title":{"rendered":"Getting to Eden Tahaa"},"content":{"rendered":"<div data-elementor-type=\"wp-page\" data-elementor-id=\"16986\" class=\"elementor elementor-16986\" data-elementor-post-type=\"page\">\n\t\t\t\t<div class=\"elementor-element elementor-element-28e875e e-con-full e-flex e-con e-parent\" data-id=\"28e875e\" data-element_type=\"container\" data-settings=\"{&quot;background_background&quot;:&quot;classic&quot;}\">\n\t\t<div class=\"elementor-element elementor-element-5e3f7f2 e-con-full e-flex e-con e-child\" data-id=\"5e3f7f2\" data-element_type=\"container\">\n\t\t\t\t<div class=\"elementor-element elementor-element-5f01c01 elementor-widget elementor-widget-homey_elementor_section_title\" data-id=\"5f01c01\" data-element_type=\"widget\" data-widget_type=\"homey_elementor_section_title.default\">\n\t\t\t\t<div class=\"elementor-widget-container\">\n\t\t\t\t\t            <div class=\"homey_section_title_wrap_elementor homey-module module-title section-title-module\">\n                                    <h2 class=\"homey_section_title\">How to get to EDEN TAHAA<\/h2>\n                \n                            <\/div>\n            \t\t\t\t<\/div>\n\t\t\t\t<\/div>\n\t\t\t\t<div class=\"elementor-element elementor-element-c1c70af elementor-widget elementor-widget-text-editor\" data-id=\"c1c70af\" data-element_type=\"widget\" data-widget_type=\"text-editor.default\">\n\t\t\t\t<div class=\"elementor-widget-container\">\n\t\t\t\t\t\t\t\t\t<p>Nestled in the heart of the turquoise lagoon of TAHAA, EDEN TAHAA is an exceptional establishment, located on a small private islet in the Leeward Islands of French Polynesia. To reach our unique resort, just follow these simple steps.<\/p>\t\t\t\t\t\t\t\t<\/div>\n\t\t\t\t<\/div>\n\t\t\t\t<\/div>\n\t\t\t\t<\/div>\n\t\t<div class=\"elementor-element elementor-element-5cbfd85 e-con-full e-flex e-con e-parent\" data-id=\"5cbfd85\" data-element_type=\"container\">\n\t\t\t\t<div class=\"elementor-element elementor-element-3f48bec elementor-widget elementor-widget-shortcode\" data-id=\"3f48bec\" data-element_type=\"widget\" data-widget_type=\"shortcode.default\">\n\t\t\t\t<div class=\"elementor-widget-container\">\n\t\t\t\t\t\t\t<div class=\"elementor-shortcode\"><iframe src=\"https:\/\/www.google.com\/maps\/embed?pb=!1m14!1m8!1m3!1d122330.36144407926!2d-151.4904159!3d-16.6356102!3m2!1i1024!2i768!4f13.1!3m3!1m2!1s0x76bd832fffffffff%3A0xd2fe8426552727d!2sEDEN%20-%20Private%20Island%20-%20TAHA&#39;A!5e0!3m2!1sfr!2srw!4v1752932498513!5m2!1sfr!2srw\" width=\"600\" height=\"450\" style=\"border:0;\" allowfullscreen=\"\" loading=\"lazy\" referrerpolicy=\"no-referrer-when-downgrade\"><\/iframe><\/div>\n\t\t\t\t\t\t<\/div>\n\t\t\t\t<\/div>\n\t\t\t\t<\/div>\n\t\t<div class=\"elementor-element elementor-element-77287ef e-flex e-con-boxed e-con e-parent\" data-id=\"77287ef\" data-element_type=\"container\">\n\t\t\t\t\t<div class=\"e-con-inner\">\n\t\t\t\t<div class=\"elementor-element elementor-element-a767f63 elementor-widget__width-initial elementor-widget elementor-widget-image\" data-id=\"a767f63\" data-element_type=\"widget\" data-widget_type=\"image.default\">\n\t\t\t\t<div class=\"elementor-widget-container\">\n\t\t\t\t\t\t\t\t\t\t\t\t\t\t\t<img fetchpriority=\"high\" decoding=\"async\" width=\"2048\" height=\"1445\" src=\"https:\/\/eden-tahaa.com\/wp-content\/uploads\/2025\/10\/CARTE-EDEN-MONDE-2-2-scaled.png\" class=\"attachment-2048x2048 size-2048x2048 wp-image-19484\" alt=\"\" srcset=\"https:\/\/eden-tahaa.com\/wp-content\/uploads\/2025\/10\/CARTE-EDEN-MONDE-2-2-scaled.png 2560w, https:\/\/eden-tahaa.com\/wp-content\/uploads\/2025\/10\/CARTE-EDEN-MONDE-2-2-300x212.png 300w, https:\/\/eden-tahaa.com\/wp-content\/uploads\/2025\/10\/CARTE-EDEN-MONDE-2-2-1024x722.png 1024w, https:\/\/eden-tahaa.com\/wp-content\/uploads\/2025\/10\/CARTE-EDEN-MONDE-2-2-768x542.png 768w, https:\/\/eden-tahaa.com\/wp-content\/uploads\/2025\/10\/CARTE-EDEN-MONDE-2-2-1536x1084.png 1536w\" sizes=\"(max-width: 2048px) 100vw, 2048px\" \/>\t\t\t\t\t\t\t\t\t\t\t\t\t\t\t<\/div>\n\t\t\t\t<\/div>\n\t\t\t\t\t<\/div>\n\t\t\t\t<\/div>\n\t\t<div class=\"elementor-element elementor-element-2f89fe9 e-flex e-con-boxed e-con e-parent\" data-id=\"2f89fe9\" data-element_type=\"container\">\n\t\t\t\t\t<div class=\"e-con-inner\">\n\t\t\t\t<div class=\"elementor-element elementor-element-ef4d72f elementor-widget-divider--view-line elementor-widget elementor-widget-divider\" data-id=\"ef4d72f\" data-element_type=\"widget\" data-widget_type=\"divider.default\">\n\t\t\t\t<div class=\"elementor-widget-container\">\n\t\t\t\t\t\t\t<div class=\"elementor-divider\">\n\t\t\t<span class=\"elementor-divider-separator\">\n\t\t\t\t\t\t<\/span>\n\t\t<\/div>\n\t\t\t\t\t\t<\/div>\n\t\t\t\t<\/div>\n\t\t\t\t\t<\/div>\n\t\t\t\t<\/div>\n\t\t<div class=\"elementor-element elementor-element-aa23690 e-flex e-con-boxed e-con e-parent\" data-id=\"aa23690\" data-element_type=\"container\">\n\t\t\t\t\t<div class=\"e-con-inner\">\n\t\t<div class=\"elementor-element elementor-element-67d39b5 e-con-full e-flex e-con e-child\" data-id=\"67d39b5\" data-element_type=\"container\">\n\t\t\t\t<div class=\"elementor-element elementor-element-25b0951 elementor-widget elementor-widget-heading\" data-id=\"25b0951\" data-element_type=\"widget\" data-widget_type=\"heading.default\">\n\t\t\t\t<div class=\"elementor-widget-container\">\n\t\t\t\t\t<h2 class=\"elementor-heading-title elementor-size-default\">Access from Raiatea airport<\/h2>\t\t\t\t<\/div>\n\t\t\t\t<\/div>\n\t\t\t\t<div class=\"elementor-element elementor-element-7c12bbb elementor-widget elementor-widget-text-editor\" data-id=\"7c12bbb\" data-element_type=\"widget\" data-widget_type=\"text-editor.default\">\n\t\t\t\t<div class=\"elementor-widget-container\">\n\t\t\t\t\t\t\t\t\t<p><strong>EDEN TAHAA<\/strong> is easily accessible by boat from Raiatea airport, around 30 minutes away. We offer you the possibility of organizing your transfer with complete peace of mind. Simply let us know your arrival and departure times at Raiatea airport.<\/p>\t\t\t\t\t\t\t\t<\/div>\n\t\t\t\t<\/div>\n\t\t\t\t<\/div>\n\t\t<div class=\"elementor-element elementor-element-30deb7f e-con-full e-flex e-con e-child\" data-id=\"30deb7f\" data-element_type=\"container\" data-settings=\"{&quot;background_background&quot;:&quot;slideshow&quot;,&quot;background_slideshow_gallery&quot;:[{&quot;id&quot;:17555,&quot;url&quot;:&quot;https:\\\/\\\/eden-tahaa.com\\\/wp-content\\\/uploads\\\/2025\\\/07\\\/6-scaled.jpg&quot;}],&quot;background_slideshow_loop&quot;:&quot;yes&quot;,&quot;background_slideshow_slide_duration&quot;:5000,&quot;background_slideshow_slide_transition&quot;:&quot;fade&quot;,&quot;background_slideshow_transition_duration&quot;:500}\">\n\t\t\t\t<\/div>\n\t\t\t\t\t<\/div>\n\t\t\t\t<\/div>\n\t\t<div class=\"elementor-element elementor-element-9e36616 e-flex e-con-boxed e-con e-parent\" data-id=\"9e36616\" data-element_type=\"container\">\n\t\t\t\t\t<div class=\"e-con-inner\">\n\t\t\t\t<div class=\"elementor-element elementor-element-ee44400 elementor-widget elementor-widget-heading\" data-id=\"ee44400\" data-element_type=\"widget\" data-widget_type=\"heading.default\">\n\t\t\t\t<div class=\"elementor-widget-container\">\n\t\t\t\t\t<h2 class=\"elementor-heading-title elementor-size-default\">Boat transfer<\/h2>\t\t\t\t<\/div>\n\t\t\t\t<\/div>\n\t\t\t\t<div class=\"elementor-element elementor-element-b1723bd elementor-widget elementor-widget-text-editor\" data-id=\"b1723bd\" data-element_type=\"widget\" data-widget_type=\"text-editor.default\">\n\t\t\t\t<div class=\"elementor-widget-container\">\n\t\t\t\t\t\t\t\t\t<p>Your transfer will take place by boat, thanks to our private shuttle. This service allows you to enjoy a peaceful and picturesque crossing, during which you can admire the natural beauty of Polynesia. The trip takes between 30 and 40 minutes, and a supplement will be charged for this service (see full details HERE).<\/p>\t\t\t\t\t\t\t\t<\/div>\n\t\t\t\t<\/div>\n\t\t\t\t\t<\/div>\n\t\t\t\t<\/div>\n\t\t<div class=\"elementor-element elementor-element-93fe225 e-flex e-con-boxed e-con e-parent\" data-id=\"93fe225\" data-element_type=\"container\">\n\t\t\t\t\t<div class=\"e-con-inner\">\n\t\t<div class=\"elementor-element elementor-element-0ca4f32 e-con-full e-transform e-flex e-con e-child\" data-id=\"0ca4f32\" data-element_type=\"container\" data-settings=\"{&quot;background_background&quot;:&quot;slideshow&quot;,&quot;background_slideshow_gallery&quot;:[{&quot;id&quot;:17556,&quot;url&quot;:&quot;https:\\\/\\\/eden-tahaa.com\\\/wp-content\\\/uploads\\\/2025\\\/07\\\/19-scaled.jpg&quot;}],&quot;_transform_scale_effect&quot;:{&quot;unit&quot;:&quot;px&quot;,&quot;size&quot;:1,&quot;sizes&quot;:[]},&quot;background_slideshow_loop&quot;:&quot;yes&quot;,&quot;background_slideshow_slide_duration&quot;:5000,&quot;background_slideshow_slide_transition&quot;:&quot;fade&quot;,&quot;background_slideshow_transition_duration&quot;:500,&quot;_transform_scale_effect_tablet&quot;:{&quot;unit&quot;:&quot;px&quot;,&quot;size&quot;:&quot;&quot;,&quot;sizes&quot;:[]},&quot;_transform_scale_effect_mobile&quot;:{&quot;unit&quot;:&quot;px&quot;,&quot;size&quot;:&quot;&quot;,&quot;sizes&quot;:[]}}\">\n\t\t\t\t<\/div>\n\t\t<div class=\"elementor-element elementor-element-e4d093c e-con-full e-flex e-con e-child\" data-id=\"e4d093c\" data-element_type=\"container\">\n\t\t\t\t<div class=\"elementor-element elementor-element-229e00a elementor-widget elementor-widget-heading\" data-id=\"229e00a\" data-element_type=\"widget\" data-widget_type=\"heading.default\">\n\t\t\t\t<div class=\"elementor-widget-container\">\n\t\t\t\t\t<h2 class=\"elementor-heading-title elementor-size-default\">Recommended itinerary<\/h2>\t\t\t\t<\/div>\n\t\t\t\t<\/div>\n\t\t\t\t<div class=\"elementor-element elementor-element-bf652af elementor-widget elementor-widget-text-editor\" data-id=\"bf652af\" data-element_type=\"widget\" data-widget_type=\"text-editor.default\">\n\t\t\t\t<div class=\"elementor-widget-container\">\n\t\t\t\t\t\t\t\t\t<p>How to reach us <strong>EDEN TAHAA,<\/strong> take a domestic flight to the airport of <strong>RAIATEA<\/strong>. If you choose to travel by ferry, make sure that the port of arrival is that of <strong>RAIATEA - UTUROA.<\/strong><\/p>\t\t\t\t\t\t\t\t<\/div>\n\t\t\t\t<\/div>\n\t\t\t\t<\/div>\n\t\t\t\t\t<\/div>\n\t\t\t\t<\/div>\n\t\t<div class=\"elementor-element elementor-element-2988c28 e-flex e-con-boxed e-con e-parent\" data-id=\"2988c28\" data-element_type=\"container\">\n\t\t\t\t\t<div class=\"e-con-inner\">\n\t\t\t\t<div class=\"elementor-element elementor-element-bc741bb elementor-widget elementor-widget-spacer\" data-id=\"bc741bb\" data-element_type=\"widget\" data-widget_type=\"spacer.default\">\n\t\t\t\t<div class=\"elementor-widget-container\">\n\t\t\t\t\t\t\t<div class=\"elementor-spacer\">\n\t\t\t<div class=\"elementor-spacer-inner\"><\/div>\n\t\t<\/div>\n\t\t\t\t\t\t<\/div>\n\t\t\t\t<\/div>\n\t\t\t\t\t<\/div>\n\t\t\t\t<\/div>\n\t\t<div class=\"elementor-element elementor-element-69368b7 e-flex e-con-boxed e-con e-parent\" data-id=\"69368b7\" data-element_type=\"container\">\n\t\t\t\t\t<div class=\"e-con-inner\">\n\t\t<div class=\"elementor-element elementor-element-65a7f36 e-con-full e-flex e-con e-child\" data-id=\"65a7f36\" data-element_type=\"container\">\n\t\t\t\t<div class=\"elementor-element elementor-element-a67acd1 elementor-widget elementor-widget-text-editor\" data-id=\"a67acd1\" data-element_type=\"widget\" data-widget_type=\"text-editor.default\">\n\t\t\t\t<div class=\"elementor-widget-container\">\n\t\t\t\t\t\t\t\t\t<p>On arrival, our dedicated team will give you a warm welcome, take care of your luggage and accompany you to our boat. You can then enjoy a magnificent crossing to our hotel, a memorable experience that will mark the beginning of your stay.<\/p><p>Upon arrival at EDEN TAHAA, you'll be greeted with a traditional Polynesian flower necklace, fresh fruit juice and a refreshing towel, allowing you to soak up the local flavors before being escorted to your bungalow. We look forward to welcoming you to EDEN TAHAA, where your escape begins as soon as you arrive.<\/p>\t\t\t\t\t\t\t\t<\/div>\n\t\t\t\t<\/div>\n\t\t\t\t<\/div>\n\t\t<div class=\"elementor-element elementor-element-b8e3ab8 e-con-full e-flex e-con e-child\" data-id=\"b8e3ab8\" data-element_type=\"container\" data-settings=\"{&quot;background_background&quot;:&quot;slideshow&quot;,&quot;background_slideshow_gallery&quot;:[{&quot;id&quot;:18604,&quot;url&quot;:&quot;https:\\\/\\\/eden-tahaa.com\\\/wp-content\\\/uploads\\\/2025\\\/07\\\/23-1-scaled.jpg&quot;}],&quot;background_slideshow_loop&quot;:&quot;yes&quot;,&quot;background_slideshow_slide_duration&quot;:5000,&quot;background_slideshow_slide_transition&quot;:&quot;fade&quot;,&quot;background_slideshow_transition_duration&quot;:500}\">\n\t\t\t\t<\/div>\n\t\t\t\t\t<\/div>\n\t\t\t\t<\/div>\n\t\t<div class=\"elementor-element elementor-element-879e83c e-flex e-con-boxed e-con e-parent\" data-id=\"879e83c\" data-element_type=\"container\">\n\t\t\t\t\t<div class=\"e-con-inner\">\n\t\t\t\t<div class=\"elementor-element elementor-element-2238daa elementor-widget elementor-widget-spacer\" data-id=\"2238daa\" data-element_type=\"widget\" data-widget_type=\"spacer.default\">\n\t\t\t\t<div class=\"elementor-widget-container\">\n\t\t\t\t\t\t\t<div class=\"elementor-spacer\">\n\t\t\t<div class=\"elementor-spacer-inner\"><\/div>\n\t\t<\/div>\n\t\t\t\t\t\t<\/div>\n\t\t\t\t<\/div>\n\t\t\t\t\t<\/div>\n\t\t\t\t<\/div>\n\t\t\t\t<\/div>","protected":false},"excerpt":{"rendered":"<p>Comment se rendre \u00e0 EDEN TAHAA Nich\u00e9e au c\u0153ur du lagon turquoise de TAHAA, EDEN TAHAA est un \u00e9tablissement d&#8217;exception, situ\u00e9 sur un petit \u00eelot priv\u00e9 des \u00eeles Sous-le-Vent en Polyn\u00e9sie fran\u00e7aise. Pour rejoindre notre complexe h\u00f4telier unique, il vous suffit de suivre ces \u00e9tapes simples. Acc\u00e8s depuis l\u2019a\u00e9roport de Raiatea EDEN TAHAA est facilement [&hellip;]<\/p>","protected":false},"author":1,"featured_media":0,"parent":0,"menu_order":0,"comment_status":"closed","ping_status":"closed","template":"elementor_header_footer","meta":{"_monsterinsights_skip_tracking":false,"_monsterinsights_sitenote_active":false,"_monsterinsights_sitenote_note":"","_monsterinsights_sitenote_category":0,"_joinchat":[],"footnotes":""},"class_list":["post-16986","page","type-page","status-publish","hentry"],"aioseo_notices":[],"_links":{"self":[{"href":"https:\/\/eden-tahaa.com\/en\/wp-json\/wp\/v2\/pages\/16986","targetHints":{"allow":["GET"]}}],"collection":[{"href":"https:\/\/eden-tahaa.com\/en\/wp-json\/wp\/v2\/pages"}],"about":[{"href":"https:\/\/eden-tahaa.com\/en\/wp-json\/wp\/v2\/types\/page"}],"author":[{"embeddable":true,"href":"https:\/\/eden-tahaa.com\/en\/wp-json\/wp\/v2\/users\/1"}],"replies":[{"embeddable":true,"href":"https:\/\/eden-tahaa.com\/en\/wp-json\/wp\/v2\/comments?post=16986"}],"version-history":[{"count":100,"href":"https:\/\/eden-tahaa.com\/en\/wp-json\/wp\/v2\/pages\/16986\/revisions"}],"predecessor-version":[{"id":19725,"href":"https:\/\/eden-tahaa.com\/en\/wp-json\/wp\/v2\/pages\/16986\/revisions\/19725"}],"wp:attachment":[{"href":"https:\/\/eden-tahaa.com\/en\/wp-json\/wp\/v2\/media?parent=16986"}],"curies":[{"name":"wp","href":"https:\/\/api.w.org\/{rel}","templated":true}]}}